{"id":91627,"date":"2025-06-26T16:57:55","date_gmt":"2025-06-26T14:57:55","guid":{"rendered":"https:\/\/www.raschvin.com\/?post_type=product&#038;p=91627"},"modified":"2025-06-26T17:03:40","modified_gmt":"2025-06-26T15:03:40","slug":"old-particular-fanatical-about-flavour-speyside-14-years-douglas-laings-70-cl-571-kopier","status":"publish","type":"product","link":"https:\/\/www.raschvin.com\/sv\/produkt\/old-particular-fanatical-about-flavour-speyside-14-years-douglas-laings-70-cl-571-kopier\/","title":{"rendered":"Old Particular Mortlach Asia Pacific Friendship 16 Years Douglas Laing&#8217;s 70 cl. 52%"},"content":{"rendered":"<p>En exklusiv och kraftfull single malt fr\u00e5n det legendariska Mortlach-destilleriet i Speyside, Skottland \u2013 buteljerad av Douglas Laing som en del av det limiterade Asia Pacific Friendship-sl\u00e4ppet. Denna 16-\u00e5riga whisky har lagrats p\u00e5 noggrant utvalda fat och tappats p\u00e5 flaska utan kylfiltrering och utan tillsatt f\u00e4rg f\u00f6r att bevara sitt naturliga uttryck.<\/p>\n<p>I doften m\u00f6ts man av djupt maltiga toner, torkad frukt, l\u00e4der och en antydan av kryddig ek. Smaken \u00e4r fyllig och nyanserad med inslag av m\u00f6rk choklad, sherry, tobak och en karakteristisk k\u00f6ttig ton \u2013 typisk f\u00f6r Mortlach. Eftersmaken \u00e4r l\u00e5ng, v\u00e4rmande och elegant, med en komplexitet som g\u00f6r den minnesv\u00e4rd.<\/p>\n<p>En samlarv\u00e4rdig buteljering och en hyllning till v\u00e4nskap och hantverk \u00f6ver gr\u00e4nser.<\/p>\n<p>\u00c5lder: 16 \u00e5r<br \/>\nDestilleri: Mortlach<br \/>\nRegion: Speyside, Skottland<br \/>\nSerie: Asia Pacific Friendship<br \/>\nAlkoholhalt: Fatstyrka (t.ex. ca 51\u201353\u202f%)<br \/>\nVolym: 700 ml<br \/>\nOfiltrerad &#038; utan tillsatt f\u00e4rg<br \/>\nBegr\u00e4nsad utg\u00e5va<\/p>\n","protected":false},"excerpt":{"rendered":"<p>Single Malt Scotch Whisky<\/p>\n","protected":false},"featured_media":91660,"template":"","meta":{"_acf_changed":false,"rs_blank_template":"","rs_page_bg_color":"","slide_template_v7":""},"product_brand":[],"product_cat":[2387,4651,2392],"product_tag":[],"class_list":{"0":"post-91627","1":"product","2":"type-product","3":"status-publish","4":"has-post-thumbnail","6":"product_cat-avec-sv","7":"product_cat-single-malt-sv","8":"product_cat-whisky-sv","9":"pa_champagne-type-single-cask-sv","10":"pa_land-skottland","11":"pa_procent-52-sv","12":"pa_producent-mortlach-sv","13":"pa_region-speyside-sv","14":"pa_volume-70-sv-2","16":"first","17":"instock","18":"taxable","19":"shipping-taxable","20":"purchasable","21":"product-type-simple"},"bundled_by":[],"bundle_stock_status":"instock","bundle_stock_quantity":null,"bundle_virtual":false,"bundle_layout":"","bundle_add_to_cart_form_location":"","bundle_editable_in_cart":false,"bundle_sold_individually_context":"","bundle_item_grouping":"","bundle_min_size":"","bundle_max_size":"","bundle_price":[],"bundled_items":[],"bundle_sell_ids":[],"acf":[],"_links":{"self":[{"href":"https:\/\/www.raschvin.com\/sv\/wp-json\/wp\/v2\/product\/91627","targetHints":{"allow":["GET"]}}],"collection":[{"href":"https:\/\/www.raschvin.com\/sv\/wp-json\/wp\/v2\/product"}],"about":[{"href":"https:\/\/www.raschvin.com\/sv\/wp-json\/wp\/v2\/types\/product"}],"wp:featuredmedia":[{"embeddable":true,"href":"https:\/\/www.raschvin.com\/sv\/wp-json\/wp\/v2\/media\/91660"}],"wp:attachment":[{"href":"https:\/\/www.raschvin.com\/sv\/wp-json\/wp\/v2\/media?parent=91627"}],"wp:term":[{"taxonomy":"product_brand","embeddable":true,"href":"https:\/\/www.raschvin.com\/sv\/wp-json\/wp\/v2\/product_brand?post=91627"},{"taxonomy":"product_cat","embeddable":true,"href":"https:\/\/www.raschvin.com\/sv\/wp-json\/wp\/v2\/product_cat?post=91627"},{"taxonomy":"product_tag","embeddable":true,"href":"https:\/\/www.raschvin.com\/sv\/wp-json\/wp\/v2\/product_tag?post=91627"}],"curies":[{"name":"wp","href":"https:\/\/api.w.org\/{rel}","templated":true}]}}