{"id":91624,"date":"2025-06-26T16:56:11","date_gmt":"2025-06-26T14:56:11","guid":{"rendered":"https:\/\/www.raschvin.com\/produkt\/old-particular-fanatical-about-flavour-speyside-14-years-douglas-laings-70-cl-571\/"},"modified":"2025-06-26T16:56:11","modified_gmt":"2025-06-26T14:56:11","slug":"old-particular-fanatical-about-flavour-speyside-14-years-douglas-laings-70-cl-571","status":"publish","type":"product","link":"https:\/\/www.raschvin.com\/sv\/produkt\/old-particular-fanatical-about-flavour-speyside-14-years-douglas-laings-70-cl-571\/","title":{"rendered":"Old Particular Fanatical About Flavour Speyside 14 Years Douglas Laing&#8217;s 70 cl. 57,1%"},"content":{"rendered":"<p>En sann hyllning till smak! Denna 14-\u00e5riga single malt fr\u00e5n Speyside ing\u00e5r i Douglas Laings serie Fanatical About Flavour, d\u00e4r fokus ligger p\u00e5 naturlig, ofiltrerad whisky med maximal arom och djup. Whiskyn har lagrats i 14 \u00e5r p\u00e5 noggrant utvalda fat och tappats p\u00e5 flaska vid naturlig fatstyrka \u2013 utan kylfiltrering och helt utan tillsatt f\u00e4rg.<\/p>\n<p>Doften bjuder p\u00e5 s\u00f6t honung, vanilj och mogna frukter. Smaken \u00e4r fyllig och balanserad med inslag av \u00e4ppelpaj, kryddor och subtil ek. Eftersmaken \u00e4r l\u00e5ng, varm och komplex \u2013 en klassisk Speyside med elegans och karakt\u00e4r.<\/p>\n<p>Ett givet val f\u00f6r whisky\u00e4lskaren som vill uppleva Speysides renaste uttryck.<\/p>\n<p>\u00c5lder: 14 \u00e5r<br \/>\nRegion: Speyside, Skottland<br \/>\nAlkoholhalt: Buteljerad vid naturlig fatstyrka (ofta kring 48\u201351\u202f%)<br \/>\nVolym: 700 ml<br \/>\nOfiltrerad &#038; utan tillsatt f\u00e4rg<\/p>\n","protected":false},"excerpt":{"rendered":"<p>Single Malt Scotch Whisky<\/p>\n","protected":false},"featured_media":91663,"template":"","meta":{"_acf_changed":false,"rs_blank_template":"","rs_page_bg_color":"","slide_template_v7":""},"product_brand":[],"product_cat":[2387,4651,2392],"product_tag":[],"class_list":{"0":"post-91624","1":"product","2":"type-product","3":"status-publish","4":"has-post-thumbnail","6":"product_cat-avec-sv","7":"product_cat-single-malt-sv","8":"product_cat-whisky-sv","9":"pa_champagne-type-single-cask-sv","10":"pa_land-skottland","11":"pa_procent-57-1-sv","12":"pa_producent-douglas-laings-en-sv","13":"pa_region-speyside-sv","14":"pa_volume-70-sv-2","16":"first","17":"instock","18":"taxable","19":"shipping-taxable","20":"purchasable","21":"product-type-simple"},"bundled_by":[],"bundle_stock_status":"instock","bundle_stock_quantity":null,"bundle_virtual":false,"bundle_layout":"","bundle_add_to_cart_form_location":"","bundle_editable_in_cart":false,"bundle_sold_individually_context":"","bundle_item_grouping":"","bundle_min_size":"","bundle_max_size":"","bundle_price":[],"bundled_items":[],"bundle_sell_ids":[],"acf":[],"_links":{"self":[{"href":"https:\/\/www.raschvin.com\/sv\/wp-json\/wp\/v2\/product\/91624","targetHints":{"allow":["GET"]}}],"collection":[{"href":"https:\/\/www.raschvin.com\/sv\/wp-json\/wp\/v2\/product"}],"about":[{"href":"https:\/\/www.raschvin.com\/sv\/wp-json\/wp\/v2\/types\/product"}],"wp:featuredmedia":[{"embeddable":true,"href":"https:\/\/www.raschvin.com\/sv\/wp-json\/wp\/v2\/media\/91663"}],"wp:attachment":[{"href":"https:\/\/www.raschvin.com\/sv\/wp-json\/wp\/v2\/media?parent=91624"}],"wp:term":[{"taxonomy":"product_brand","embeddable":true,"href":"https:\/\/www.raschvin.com\/sv\/wp-json\/wp\/v2\/product_brand?post=91624"},{"taxonomy":"product_cat","embeddable":true,"href":"https:\/\/www.raschvin.com\/sv\/wp-json\/wp\/v2\/product_cat?post=91624"},{"taxonomy":"product_tag","embeddable":true,"href":"https:\/\/www.raschvin.com\/sv\/wp-json\/wp\/v2\/product_tag?post=91624"}],"curies":[{"name":"wp","href":"https:\/\/api.w.org\/{rel}","templated":true}]}}