{"id":91620,"date":"2025-06-26T16:45:40","date_gmt":"2025-06-26T14:45:40","guid":{"rendered":"https:\/\/www.raschvin.com\/produkt\/nonino-laperitivo-botanical-drink-70-cl-21\/"},"modified":"2025-06-26T16:45:40","modified_gmt":"2025-06-26T14:45:40","slug":"nonino-laperitivo-botanical-drink-70-cl-21","status":"publish","type":"product","link":"https:\/\/www.raschvin.com\/sv\/produkt\/nonino-laperitivo-botanical-drink-70-cl-21\/","title":{"rendered":"Nonino &#8211; L&#8217;Aperitivo Botanical Drink 70 cl. 21%"},"content":{"rendered":"<p>En elegant och naturligt bitter aperitivo som f\u00f6renar italiensk tradition med modern finess. Nonino L\u2019Aperitivo Botanical Drink \u00e4r skapad av familjen Nonino i Friuli, som i generationer har f\u00f6rfinat konsten att destillera. Denna aperitivo \u00e4r ett hantverk fr\u00e5n b\u00f6rjan till slut \u2013 baserad p\u00e5 naturliga infusioner av \u00f6rter, r\u00f6tter, citrusfrukter och blommor, utan artificiella f\u00e4rg\u00e4mnen eller konserveringsmedel.<\/p>\n<p>Resultatet \u00e4r en frisk, fruktig och l\u00e4tt bitter smakprofil med toner av apelsinskal, gentiana, rabarber och kryddiga blommor. En perfekt balans mellan s\u00f6tma och bitterhet g\u00f6r den till en idealisk ingrediens i klassiska aperitivo-drinkar som Spritz \u2013 eller som ett fr\u00e4scht alkoholfattigt alternativ blandat med sodavatten och is.<\/p>\n<p>Med sin djupt b\u00e4rnstensf\u00e4rgade nyans och eleganta flaskdesign \u00e4r Nonino L\u2019Aperitivo lika mycket en fest f\u00f6r \u00f6gat som f\u00f6r smakl\u00f6karna.<\/p>\n<p>Serveringsf\u00f6rslag: Servera med is, en skiva apelsin och tonic eller prosecco \u2013 f\u00f6r en italiensk aperitivo-stund n\u00e4r den \u00e4r som b\u00e4st.<\/p>\n<p>Alkoholhalt: 21%<br \/>\nVolym: 700 ml<\/p>\n","protected":false},"excerpt":{"rendered":"<p>Aperitivo di Friuli \u2013 Italy<\/p>\n","protected":false},"featured_media":91720,"template":"","meta":{"_acf_changed":false,"rs_blank_template":"","rs_page_bg_color":"","slide_template_v7":""},"product_brand":[],"product_cat":[4716,2387,2394,4670,2390],"product_tag":[],"class_list":{"0":"post-91620","1":"product","2":"type-product","3":"status-publish","4":"has-post-thumbnail","6":"product_cat-andra-likorer","7":"product_cat-avec-sv","8":"product_cat-bitter-sv","9":"product_cat-frukt","10":"product_cat-sprit","11":"pa_land-italien-sv","12":"pa_procent-21-sv","13":"pa_producent-nonino-sv","14":"pa_region-friuli-sv","15":"pa_serveringstemperatur-8-10-sv","16":"pa_volume-70-sv-2","18":"first","19":"instock","20":"sale","21":"taxable","22":"shipping-taxable","23":"purchasable","24":"product-type-simple"},"bundled_by":[],"bundle_stock_status":"instock","bundle_stock_quantity":null,"bundle_virtual":false,"bundle_layout":"","bundle_add_to_cart_form_location":"","bundle_editable_in_cart":false,"bundle_sold_individually_context":"","bundle_item_grouping":"","bundle_min_size":"","bundle_max_size":"","bundle_price":[],"bundled_items":[],"bundle_sell_ids":[],"acf":[],"_links":{"self":[{"href":"https:\/\/www.raschvin.com\/sv\/wp-json\/wp\/v2\/product\/91620","targetHints":{"allow":["GET"]}}],"collection":[{"href":"https:\/\/www.raschvin.com\/sv\/wp-json\/wp\/v2\/product"}],"about":[{"href":"https:\/\/www.raschvin.com\/sv\/wp-json\/wp\/v2\/types\/product"}],"wp:featuredmedia":[{"embeddable":true,"href":"https:\/\/www.raschvin.com\/sv\/wp-json\/wp\/v2\/media\/91720"}],"wp:attachment":[{"href":"https:\/\/www.raschvin.com\/sv\/wp-json\/wp\/v2\/media?parent=91620"}],"wp:term":[{"taxonomy":"product_brand","embeddable":true,"href":"https:\/\/www.raschvin.com\/sv\/wp-json\/wp\/v2\/product_brand?post=91620"},{"taxonomy":"product_cat","embeddable":true,"href":"https:\/\/www.raschvin.com\/sv\/wp-json\/wp\/v2\/product_cat?post=91620"},{"taxonomy":"product_tag","embeddable":true,"href":"https:\/\/www.raschvin.com\/sv\/wp-json\/wp\/v2\/product_tag?post=91620"}],"curies":[{"name":"wp","href":"https:\/\/api.w.org\/{rel}","templated":true}]}}