{"id":91604,"date":"2025-06-26T15:24:18","date_gmt":"2025-06-26T13:24:18","guid":{"rendered":"https:\/\/www.raschvin.com\/produkt\/lexpression-de-sauternes-2021-75-cl\/"},"modified":"2025-06-26T15:24:18","modified_gmt":"2025-06-26T13:24:18","slug":"lexpression-de-sauternes-2021-75-cl","status":"publish","type":"product","link":"https:\/\/www.raschvin.com\/sv\/produkt\/lexpression-de-sauternes-2021-75-cl\/","title":{"rendered":"L\u2019Expression de Sauternes 2021 75 cl."},"content":{"rendered":"<p>Ett klassiskt och f\u00f6rf\u00f6riskt s\u00f6tt vin fr\u00e5n hj\u00e4rtat av Bordeaux<\/p>\n<p>L\u2019Expression de Sauternes \u00e4r ett elegant dessertvin som f\u00e5ngar essensen av det ber\u00f6mda Sauternes-omr\u00e5det i Bordeaux. Vinet \u00e4r gjort p\u00e5 klassiska druvor som S\u00e9millon och Sauvignon Blanc och p\u00e5verkas av \u00e4delr\u00f6ta (botrytis cinerea), vilket ger koncentrerade smaker och f\u00f6rfinad komplexitet.<\/p>\n<p>Doften bjuder p\u00e5 rika aromer av apelsinblomma, honung, kanderad ingef\u00e4ra och citronmarmelad. Smaken \u00e4r silkeslen och v\u00e4lbalanserad \u2013 s\u00f6t men med livlig syra som ger friskhet och en l\u00e5ng, elegant avslutning.<\/p>\n<p>Servering &#038; matkombinationer:<br \/>\nPerfekt som avslutning p\u00e5 en fin middag. Passar utm\u00e4rkt till bl\u00e5m\u00f6gelostar som Roquefort, fruktbaserade desserter, cr\u00e8me br\u00fbl\u00e9e eller foie gras. Ocks\u00e5 fantastisk som aperitif \u2013 serveras b\u00e4st l\u00e4tt kyld vid 8\u201310\u202f\u00b0C.<\/p>\n<p>Format &#038; stil:<br \/>\nFinns b\u00e5de som helflaska (75\u202fcl) och halvflaska (37,5\u202fcl) \u2013 idealisk f\u00f6r att dela eller njuta av ett enda glas lyx. Alkoholhalt: ca 13,5\u202f%.<\/p>\n<p>Lagring:<br \/>\nKan drickas nu men har potential att lagras i upp till 10 \u00e5r f\u00f6r ytterligare djup och karakt\u00e4r.<\/p>\n","protected":false},"excerpt":{"rendered":"<p>Grand Vin de Bordeaux<\/p>\n","protected":false},"featured_media":91651,"template":"","meta":{"_acf_changed":false,"rs_blank_template":"","rs_page_bg_color":"","slide_template_v7":""},"product_brand":[],"product_cat":[2790,2788],"product_tag":[],"class_list":{"0":"post-91604","1":"product","2":"type-product","3":"status-publish","4":"has-post-thumbnail","6":"product_cat-dessertvin-sv","7":"product_cat-vin-sv","8":"pa_aargang-2021-sv","9":"pa_drue-sauvignon-blanc-sv","10":"pa_drue-semillon-sv-2","11":"pa_land-frankrike","12":"pa_procent-13-5-sv","13":"pa_region-bordeaux-sv","14":"pa_serveringstemperatur-8-10-sv","15":"pa_volume-75-sv","17":"first","18":"instock","19":"sale","20":"taxable","21":"shipping-taxable","22":"purchasable","23":"product-type-simple"},"bundled_by":[],"bundle_stock_status":"instock","bundle_stock_quantity":null,"bundle_virtual":false,"bundle_layout":"","bundle_add_to_cart_form_location":"","bundle_editable_in_cart":false,"bundle_sold_individually_context":"","bundle_item_grouping":"","bundle_min_size":"","bundle_max_size":"","bundle_price":[],"bundled_items":[],"bundle_sell_ids":[],"acf":[],"_links":{"self":[{"href":"https:\/\/www.raschvin.com\/sv\/wp-json\/wp\/v2\/product\/91604","targetHints":{"allow":["GET"]}}],"collection":[{"href":"https:\/\/www.raschvin.com\/sv\/wp-json\/wp\/v2\/product"}],"about":[{"href":"https:\/\/www.raschvin.com\/sv\/wp-json\/wp\/v2\/types\/product"}],"wp:featuredmedia":[{"embeddable":true,"href":"https:\/\/www.raschvin.com\/sv\/wp-json\/wp\/v2\/media\/91651"}],"wp:attachment":[{"href":"https:\/\/www.raschvin.com\/sv\/wp-json\/wp\/v2\/media?parent=91604"}],"wp:term":[{"taxonomy":"product_brand","embeddable":true,"href":"https:\/\/www.raschvin.com\/sv\/wp-json\/wp\/v2\/product_brand?post=91604"},{"taxonomy":"product_cat","embeddable":true,"href":"https:\/\/www.raschvin.com\/sv\/wp-json\/wp\/v2\/product_cat?post=91604"},{"taxonomy":"product_tag","embeddable":true,"href":"https:\/\/www.raschvin.com\/sv\/wp-json\/wp\/v2\/product_tag?post=91604"}],"curies":[{"name":"wp","href":"https:\/\/api.w.org\/{rel}","templated":true}]}}