{"id":91590,"date":"2025-06-26T13:37:21","date_gmt":"2025-06-26T11:37:21","guid":{"rendered":"https:\/\/www.raschvin.com\/?post_type=product&#038;p=91590"},"modified":"2025-06-26T13:45:11","modified_gmt":"2025-06-26T11:45:11","slug":"de-trafford-elevation-393-2014-75-cl-kopier","status":"publish","type":"product","link":"https:\/\/www.raschvin.com\/sv\/produkt\/de-trafford-elevation-393-2014-75-cl-kopier\/","title":{"rendered":"de Trafford Chenin blanc 2021 75 cl."},"content":{"rendered":"<p>De Trafford Chenin Blanc \u00e4r ett premiumvitt vin fr\u00e5n De Trafford Wines, gjort p\u00e5 noggrant utvalda Chenin Blanc-druvor fr\u00e5n Mont Fleur-ving\u00e5rden i Stellenbosch, Sydafrika. Ving\u00e5rdens granitjordar (Hutton) och h\u00f6ga l\u00e4ge ger vinets friska syra, komplexitet och eleganta mineralitet.<\/p>\n<p>Vinet j\u00e4ser med naturliga j\u00e4ststammar och mognar delvis p\u00e5 st\u00e5ltankar och delvis p\u00e5 \u00e4ldre franska ekfat, vilket tillf\u00f6r en subtil textur och djup utan att dominera den fr\u00e4scha frukten. Doften bjuder p\u00e5 livfulla aromer av vit persika, citruszest, kvitten och blommiga toner, medan smaken \u00e4r krispig och frisk med inslag av stenfrukt och mineraler.<\/p>\n<p>De Trafford Wines grundades av vinmakaren De Trafford Ross, som har flera decenniers erfarenhet och en stark passion f\u00f6r terroirdrivna viner. Egendomen prioriterar h\u00e5llbar odling, noggrann sk\u00f6tsel av ving\u00e5rdarna och minimal p\u00e5verkan i vinmakningen f\u00f6r att l\u00e5ta Mont Fleur-terroirens unika karakt\u00e4r lysa igenom i varje flaska. Denna filosofi har gjort De Trafford till en av Sydafrikas mest respekterade boutique-vinproducenter.<\/p>\n<p>Deras Chenin Blanc speglar denna filosofi \u2013 elegant, balanserad och uttrycksfull \u2013 och passar utm\u00e4rkt till fisk, f\u00e5gel och l\u00e4ttare vegetariska r\u00e4tter.<\/p>\n","protected":false},"excerpt":{"rendered":"<p>Wine Of Origin Stellenbosch<\/p>\n","protected":false},"featured_media":91636,"template":"","meta":{"_acf_changed":false,"rs_blank_template":"","rs_page_bg_color":"","slide_template_v7":""},"product_brand":[],"product_cat":[2788,2792],"product_tag":[],"class_list":{"0":"post-91590","1":"product","2":"type-product","3":"status-publish","4":"has-post-thumbnail","6":"product_cat-vin-sv","7":"product_cat-vitt-vin","8":"pa_aargang-2021-sv","9":"pa_drue-chenin-blanc-sv","10":"pa_land-sydafrika-sv","11":"pa_procent-14-5-sv","12":"pa_producent-de-trafford-winery-sv","13":"pa_region-stellenbosch-sv","14":"pa_serveringstemperatur-10-12-sv-2","15":"pa_volume-75-sv","17":"first","18":"instock","19":"taxable","20":"shipping-taxable","21":"purchasable","22":"product-type-simple"},"bundled_by":[],"bundle_stock_status":"instock","bundle_stock_quantity":null,"bundle_virtual":false,"bundle_layout":"","bundle_add_to_cart_form_location":"","bundle_editable_in_cart":false,"bundle_sold_individually_context":"","bundle_item_grouping":"","bundle_min_size":"","bundle_max_size":"","bundle_price":[],"bundled_items":[],"bundle_sell_ids":[],"acf":[],"_links":{"self":[{"href":"https:\/\/www.raschvin.com\/sv\/wp-json\/wp\/v2\/product\/91590","targetHints":{"allow":["GET"]}}],"collection":[{"href":"https:\/\/www.raschvin.com\/sv\/wp-json\/wp\/v2\/product"}],"about":[{"href":"https:\/\/www.raschvin.com\/sv\/wp-json\/wp\/v2\/types\/product"}],"wp:featuredmedia":[{"embeddable":true,"href":"https:\/\/www.raschvin.com\/sv\/wp-json\/wp\/v2\/media\/91636"}],"wp:attachment":[{"href":"https:\/\/www.raschvin.com\/sv\/wp-json\/wp\/v2\/media?parent=91590"}],"wp:term":[{"taxonomy":"product_brand","embeddable":true,"href":"https:\/\/www.raschvin.com\/sv\/wp-json\/wp\/v2\/product_brand?post=91590"},{"taxonomy":"product_cat","embeddable":true,"href":"https:\/\/www.raschvin.com\/sv\/wp-json\/wp\/v2\/product_cat?post=91590"},{"taxonomy":"product_tag","embeddable":true,"href":"https:\/\/www.raschvin.com\/sv\/wp-json\/wp\/v2\/product_tag?post=91590"}],"curies":[{"name":"wp","href":"https:\/\/api.w.org\/{rel}","templated":true}]}}