{"id":91587,"date":"2025-06-26T13:28:36","date_gmt":"2025-06-26T11:28:36","guid":{"rendered":"https:\/\/www.raschvin.com\/?post_type=product&#038;p=91587"},"modified":"2025-06-26T13:36:12","modified_gmt":"2025-06-26T11:36:12","slug":"de-trafford-blueprint-syrah-2018-75-cl-kopier","status":"publish","type":"product","link":"https:\/\/www.raschvin.com\/sv\/produkt\/de-trafford-blueprint-syrah-2018-75-cl-kopier\/","title":{"rendered":"de Trafford Elevation 393 2014 75 cl."},"content":{"rendered":"<p>De Trafford Elevation 393 \u00e4r toppvinet fr\u00e5n De Trafford Wines, gjort p\u00e5 druvor fr\u00e5n deras Mont Fleur-ving\u00e5rd, bel\u00e4gen 393 meter \u00f6ver havet mellan Stellenbosch och Helderberg i Sydafrika. Detta single-vineyard-vin best\u00e5r fr\u00e4mst av Cabernet Sauvignon, med inslag av Merlot, Syrah och ibland Cabernet Franc. Druvorna v\u00e4xer p\u00e5 djupa, r\u00f6dgranitrika jordar (Huttonjord) med l\u00e5ga sk\u00f6rdar fr\u00e5n t\u00e4tt planterade stockar f\u00f6r att ge h\u00f6g koncentration och kvalitet.<\/p>\n<p>Vinet handsk\u00f6rdas och genomg\u00e5r spontan j\u00e4sning med 12\u201315 dagars skalkontakt, f\u00f6r att sedan lagras cirka 20\u201323 m\u00e5nader p\u00e5 fr\u00e4mst nya franska ekfat. Det \u00e4r ofiltrerat, of\u00e4rgat och buteljeras f\u00f6r hand, vilket speglar en noggrann och naturlig vinframst\u00e4llning.<\/p>\n<p>De Trafford Wines grundades av den erfarne vinmakaren De Trafford Ross, som \u00e4r k\u00e4nd f\u00f6r sitt engagemang i terroirdrivna viner och noggrann sk\u00f6tsel av ving\u00e5rdarna. Egendomen fokuserar p\u00e5 att uttrycka Mont Fleur-ving\u00e5rdens unika karakt\u00e4r och det omkringliggande terroiret med m\u00e5let att skapa eleganta, djupa och lagringsdugliga viner.<\/p>\n<p>Elevation 393 har intensiva dofter av svarta vinb\u00e4r, bj\u00f6rnb\u00e4r, plommon, skogsmark, kryddor som kanel och nejlika, ceder och mocca. Smaken \u00e4r rik och fyllig med mogna, silkeslena tanniner, frisk syra och en l\u00e5ng, flerdimensionell avslutning. Vinet \u00e4r drickklart vid lansering men m\u00e5r bra av lagring i 7\u201320 \u00e5r.<\/p>\n","protected":false},"excerpt":{"rendered":"<p>Wine Of Origin Stellenbosch<\/p>\n","protected":false},"featured_media":91696,"template":"","meta":{"_acf_changed":false,"rs_blank_template":"","rs_page_bg_color":"","slide_template_v7":""},"product_brand":[],"product_cat":[2788,2798],"product_tag":[],"class_list":{"0":"post-91587","1":"product","2":"type-product","3":"status-publish","4":"has-post-thumbnail","6":"product_cat-vin-sv","7":"product_cat-roedvin-sv","8":"pa_aargang-2014-sv","9":"pa_drue-cabernet-franc-sv","10":"pa_drue-cabernet-sauvignon-sv","11":"pa_drue-merlot-sv","12":"pa_drue-syrah-sv","13":"pa_land-sydafrika-sv","14":"pa_procent-14-5-sv","15":"pa_producent-de-trafford-winery-sv","16":"pa_region-stellenbosch-sv","17":"pa_serveringstemperatur-18-20-sv","18":"pa_volume-75-sv","20":"first","21":"instock","22":"taxable","23":"shipping-taxable","24":"purchasable","25":"product-type-simple"},"bundled_by":[],"bundle_stock_status":"instock","bundle_stock_quantity":null,"bundle_virtual":false,"bundle_layout":"","bundle_add_to_cart_form_location":"","bundle_editable_in_cart":false,"bundle_sold_individually_context":"","bundle_item_grouping":"","bundle_min_size":"","bundle_max_size":"","bundle_price":[],"bundled_items":[],"bundle_sell_ids":[],"acf":[],"_links":{"self":[{"href":"https:\/\/www.raschvin.com\/sv\/wp-json\/wp\/v2\/product\/91587","targetHints":{"allow":["GET"]}}],"collection":[{"href":"https:\/\/www.raschvin.com\/sv\/wp-json\/wp\/v2\/product"}],"about":[{"href":"https:\/\/www.raschvin.com\/sv\/wp-json\/wp\/v2\/types\/product"}],"wp:featuredmedia":[{"embeddable":true,"href":"https:\/\/www.raschvin.com\/sv\/wp-json\/wp\/v2\/media\/91696"}],"wp:attachment":[{"href":"https:\/\/www.raschvin.com\/sv\/wp-json\/wp\/v2\/media?parent=91587"}],"wp:term":[{"taxonomy":"product_brand","embeddable":true,"href":"https:\/\/www.raschvin.com\/sv\/wp-json\/wp\/v2\/product_brand?post=91587"},{"taxonomy":"product_cat","embeddable":true,"href":"https:\/\/www.raschvin.com\/sv\/wp-json\/wp\/v2\/product_cat?post=91587"},{"taxonomy":"product_tag","embeddable":true,"href":"https:\/\/www.raschvin.com\/sv\/wp-json\/wp\/v2\/product_tag?post=91587"}],"curies":[{"name":"wp","href":"https:\/\/api.w.org\/{rel}","templated":true}]}}