{"id":91568,"date":"2025-06-26T12:18:42","date_gmt":"2025-06-26T10:18:42","guid":{"rendered":"https:\/\/www.raschvin.com\/produkt\/old-st-croix-xo-reserve-legacy-70-cl-42\/"},"modified":"2025-06-26T12:18:42","modified_gmt":"2025-06-26T10:18:42","slug":"old-st-croix-xo-reserve-legacy-70-cl-42","status":"publish","type":"product","link":"https:\/\/www.raschvin.com\/sv\/produkt\/old-st-croix-xo-reserve-legacy-70-cl-42\/","title":{"rendered":"Old St. Croix XO Reserve Legacy 70 cl. 42%"},"content":{"rendered":"<p>F\u00f6r 150 \u00e5r sedan introducerade den danske apotekaren och \u00e4ventyraren Albert Heinrich Riise sprit fr\u00e5n V\u00e4stindien till v\u00e4rlden under namnet Old St. Croix \u2013 en hyllning till den frodiga karibiska \u00f6n St. Croix, k\u00e4nd f\u00f6r sin sockerr\u00f6rsproduktion. Nu \u00e5terupplivar vi Old St. Croix och introducerar detta historiska varum\u00e4rke p\u00e5 nytt i de \u00f6ver 30 l\u00e4nder d\u00e4r v\u00e5ra blends idag avnjuts.<\/p>\n<p>Old St. Croix XO Reserve Legacy \u00e4r den f\u00f6rsta blenden som b\u00e4r detta \u00e5terupplivade namn. Den lanseras som en Limited Edition \u2013 en modern hyllning till det ursprungliga Old St. Croix-blendet och det historiska varum\u00e4rket som fr\u00e5n och med nu kommer att pr\u00e4gla alla v\u00e5ra produkter.<\/p>\n<p>F\u00f6r att hedra Albert Heinrich Riises arv och hantverk har v\u00e5r Master Distiller noggrant valt ut de b\u00e4sta faten fr\u00e5n erk\u00e4nda destillerier i V\u00e4stindien och Centralamerika. Resultatet \u00e4r en blend med rik, komplex och sammetslen smak som tar dig med p\u00e5 en resa genom historien.<\/p>\n<p>Luta dig tillbaka, njut av stunden \u2013 och smaken av historia.<\/p>\n<p>Doft<br \/>\nSammetslen toffee och solmogna frukter med ett st\u00e4nk av sensommarbris<\/p>\n<p>Smak<br \/>\nDistinkta umami-toner fr\u00e5n ek, fyllig tobak och lagrat l\u00e4der. S\u00f6tman p\u00e5minner om karamelliserade fikon och glaserat citrusskal<\/p>\n<p>Eftersmak<br \/>\nL\u00e5ng och omslutande med en ton av mogen ek och torkad frukt fr\u00e5n frukttr\u00e4dg\u00e5rdar<\/p>\n<p>Lad mig vide, hvis du \u00f8nsker en forkortet version til POS-materiale, hyldeskilte eller webshop.<\/p>\n","protected":false},"excerpt":{"rendered":"<p>Premium Aged Spirit Drink<\/p>\n","protected":false},"featured_media":91726,"template":"","meta":{"_acf_changed":false,"rs_blank_template":"","rs_page_bg_color":"","slide_template_v7":""},"product_brand":[],"product_cat":[2391,9221,9222],"product_tag":[],"class_list":{"0":"post-91568","1":"product","2":"type-product","3":"status-publish","4":"has-post-thumbnail","6":"product_cat-rom-sv","7":"product_cat-romtyper","8":"product_cat-rum-based-spirit-drink","9":"pa_land-tyskland-sv","10":"pa_procent-42-sv","11":"pa_producent-old-st-croix-sv","12":"pa_volume-70-sv-2","14":"first","15":"instock","16":"sale","17":"taxable","18":"shipping-taxable","19":"purchasable","20":"product-type-simple"},"bundled_by":[],"bundle_stock_status":"instock","bundle_stock_quantity":null,"bundle_virtual":false,"bundle_layout":"","bundle_add_to_cart_form_location":"","bundle_editable_in_cart":false,"bundle_sold_individually_context":"","bundle_item_grouping":"","bundle_min_size":"","bundle_max_size":"","bundle_price":[],"bundled_items":[],"bundle_sell_ids":[],"acf":[],"_links":{"self":[{"href":"https:\/\/www.raschvin.com\/sv\/wp-json\/wp\/v2\/product\/91568","targetHints":{"allow":["GET"]}}],"collection":[{"href":"https:\/\/www.raschvin.com\/sv\/wp-json\/wp\/v2\/product"}],"about":[{"href":"https:\/\/www.raschvin.com\/sv\/wp-json\/wp\/v2\/types\/product"}],"wp:featuredmedia":[{"embeddable":true,"href":"https:\/\/www.raschvin.com\/sv\/wp-json\/wp\/v2\/media\/91726"}],"wp:attachment":[{"href":"https:\/\/www.raschvin.com\/sv\/wp-json\/wp\/v2\/media?parent=91568"}],"wp:term":[{"taxonomy":"product_brand","embeddable":true,"href":"https:\/\/www.raschvin.com\/sv\/wp-json\/wp\/v2\/product_brand?post=91568"},{"taxonomy":"product_cat","embeddable":true,"href":"https:\/\/www.raschvin.com\/sv\/wp-json\/wp\/v2\/product_cat?post=91568"},{"taxonomy":"product_tag","embeddable":true,"href":"https:\/\/www.raschvin.com\/sv\/wp-json\/wp\/v2\/product_tag?post=91568"}],"curies":[{"name":"wp","href":"https:\/\/api.w.org\/{rel}","templated":true}]}}