{"id":91561,"date":"2025-06-26T11:40:34","date_gmt":"2025-06-26T09:40:34","guid":{"rendered":"https:\/\/www.raschvin.com\/produkt\/chopin-potato-vodka-70-cl-40\/"},"modified":"2025-06-26T13:14:32","modified_gmt":"2025-06-26T11:14:32","slug":"chopin-potato-vodka-70-cl-40","status":"publish","type":"product","link":"https:\/\/www.raschvin.com\/sv\/produkt\/chopin-potato-vodka-70-cl-40\/","title":{"rendered":"Chopin Potato Vodka 70 cl. 40%"},"content":{"rendered":"<p>Chopin Potato Vodka \u00e4r sinnebilden av klassiskt polskt vodkahantverk \u2013 en lyxvodka destillerad p\u00e5 100\u202f% potatis, k\u00e4nd \u00f6ver hela v\u00e4rlden f\u00f6r sin mjuka textur, rika smak och exceptionella kvalitet. Varje flaska \u00e4r ett bevis p\u00e5 h\u00e4ngivenhet, tradition och passion f\u00f6r \u00e4kta vodkatillverkning.<\/p>\n<p>Vodkan produceras i sm\u00e5 satser p\u00e5 det familje\u00e4gda destilleriet i byn Krzesk i \u00f6stra Polen, d\u00e4r potatisen odlas lokalt i den b\u00f6rdiga regionen Podlasie. Allt fr\u00e5n sk\u00f6rd till destillering och buteljering sker i n\u00e4romr\u00e5det, vilket garanterar full kontroll \u00f6ver kvaliteten.<\/p>\n<p>Smaknoter:<br \/>\nChopin Potato Vodka har en kr\u00e4mig och n\u00e4stan sammetslen munk\u00e4nsla med subtila toner av vanilj, f\u00e4rsk gr\u00e4dde och en mild, n\u00f6taktig s\u00f6tma. Den har en fylligare och mer komplex smak \u00e4n traditionella vodkor baserade p\u00e5 s\u00e4d eller vete, och passar utm\u00e4rkt b\u00e5de i klassiska cocktails och att njuta av ren \u2013 kyld eller rumstempererad.<\/p>\n<p>H\u00f6jdpunkter:<\/p>\n<p>Destillerad av 100\u202f% potatis<br \/>\nFyrdubbeldestillerad f\u00f6r maximal renhet<br \/>\nGlutenfri och utan tillsatser<br \/>\nPerfekt f\u00f6r b\u00e5de cocktails och att dricka rent<br \/>\nPrisbel\u00f6nt och hyllad av bartenders och vodka\u00e4lskare v\u00e4rlden \u00f6ver<br \/>\nChopin Potato Vodka \u00e4r inte bara \u00e4nnu en vodka \u2013 det \u00e4r en upplevelse. En resa tillbaka till r\u00f6tterna av europeisk spritkultur, d\u00e4r kvalitet och tradition g\u00e5r hand i hand. Oavsett om du \u00e4r en finsmakare eller nyfiken nyb\u00f6rjare, tar Chopin din vodkaupplevelse till n\u00e4sta niv\u00e5.<\/p>\n","protected":false},"excerpt":{"rendered":"<p>Chopin Potato Vodka \u00e4r sinnebilden av klassiskt polskt vodkahantverk \u2013 en lyxvodka destillerad p\u00e5 100\u202f% potatis, k\u00e4nd \u00f6ver hela v\u00e4rlden f\u00f6r sin mjuka textur, rika smak och exceptionella kvalitet. Varje&#8230;<\/p>\n","protected":false},"featured_media":91633,"template":"","meta":{"_acf_changed":false,"rs_blank_template":"","rs_page_bg_color":"","slide_template_v7":""},"product_brand":[],"product_cat":[2402,2409,4609,9353],"product_tag":[],"class_list":{"0":"post-91561","1":"product","2":"type-product","3":"status-publish","4":"has-post-thumbnail","6":"product_cat-sprit-sv","7":"product_cat-vodka-sv","8":"product_cat-plain-sv","9":"product_cat-premium-vodka","10":"pa_land-polen-sv","11":"pa_procent-40-sv-2","12":"pa_producent-polmos-siedlce-sv","13":"pa_region-siedlce-sv","14":"pa_volume-70-sv-2","16":"first","17":"instock","18":"taxable","19":"shipping-taxable","20":"purchasable","21":"product-type-simple"},"bundled_by":[],"bundle_stock_status":"instock","bundle_stock_quantity":null,"bundle_virtual":false,"bundle_layout":"","bundle_add_to_cart_form_location":"","bundle_editable_in_cart":false,"bundle_sold_individually_context":"","bundle_item_grouping":"","bundle_min_size":"","bundle_max_size":"","bundle_price":[],"bundled_items":[],"bundle_sell_ids":[],"acf":[],"_links":{"self":[{"href":"https:\/\/www.raschvin.com\/sv\/wp-json\/wp\/v2\/product\/91561","targetHints":{"allow":["GET"]}}],"collection":[{"href":"https:\/\/www.raschvin.com\/sv\/wp-json\/wp\/v2\/product"}],"about":[{"href":"https:\/\/www.raschvin.com\/sv\/wp-json\/wp\/v2\/types\/product"}],"wp:featuredmedia":[{"embeddable":true,"href":"https:\/\/www.raschvin.com\/sv\/wp-json\/wp\/v2\/media\/91633"}],"wp:attachment":[{"href":"https:\/\/www.raschvin.com\/sv\/wp-json\/wp\/v2\/media?parent=91561"}],"wp:term":[{"taxonomy":"product_brand","embeddable":true,"href":"https:\/\/www.raschvin.com\/sv\/wp-json\/wp\/v2\/product_brand?post=91561"},{"taxonomy":"product_cat","embeddable":true,"href":"https:\/\/www.raschvin.com\/sv\/wp-json\/wp\/v2\/product_cat?post=91561"},{"taxonomy":"product_tag","embeddable":true,"href":"https:\/\/www.raschvin.com\/sv\/wp-json\/wp\/v2\/product_tag?post=91561"}],"curies":[{"name":"wp","href":"https:\/\/api.w.org\/{rel}","templated":true}]}}