{"id":90007,"date":"2025-06-04T09:32:00","date_gmt":"2025-06-04T07:32:00","guid":{"rendered":"https:\/\/www.raschvin.com\/?post_type=product&#038;p=90007"},"modified":"2025-06-04T09:35:35","modified_gmt":"2025-06-04T07:35:35","slug":"topanito-mezcal-100-maguey-tobala-70-cl-49-kopier","status":"publish","type":"product","link":"https:\/\/www.raschvin.com\/sv\/produkt\/topanito-mezcal-100-maguey-tobala-70-cl-49-kopier\/","title":{"rendered":"Topanito Mezcal 100% Maguey Madre Cuishe 70 cl. 49%"},"content":{"rendered":"<p>Topanito Mezcal 100% Maguey Madre Cuishe \u00e4r en hantverksm\u00e4ssigt framst\u00e4lld mezcal fr\u00e5n Oaxaca i Mexiko, destillerad vid det v\u00e4lrenommerade destilleriet Amantes de lo Ajeno. Den ing\u00e5r i Topanitos &#8221;Wild Agave Series&#8221;, som hyllar s\u00e4llsynta agavesorter som v\u00e4xer vilt och erbjuder unika smakprofiler.<\/p>\n<p>Madre Cuishe tillh\u00f6r Karwinskii-familjen och v\u00e4xer fr\u00e4mst i varma l\u00e5glandstrakter, \u00e4ven kallade \u201ctierra caliente.\u201d Den sk\u00f6rdas f\u00f6rst efter 12 till 15 \u00e5rs mognad, vilket ger en mezcal med djup, jordig och mineralisk karakt\u00e4r. Agavehj\u00e4rtana rostas traditionellt i jordugnar \u00f6ver ved och kol i 5\u20138 dagar, krossas med tahona (stenkvarn) och destilleras tv\u00e5 g\u00e5nger i kopparpannor.<\/p>\n<p>Smakprofil:<\/p>\n<p>Doft: Subtila frukttoner som p\u00e5minner om mango, med jordiga och mineraliska inslag.<br \/>\nSmak: Frisk och jordig med nyanser av gr\u00f6n paprika, havssalt, oliver och en antydan av lagrad ost.<br \/>\nEftersmak: L\u00e5ng och mjuk med en elegant jordig avslutning.<br \/>\nMed en alkoholhalt p\u00e5 49 % erbjuder denna mezcal en kraftfull men balanserad smakupplevelse. Den avnjuts b\u00e4st ren f\u00f6r att uppskatta komplexiteten, men passar ocks\u00e5 utm\u00e4rkt till smakrika r\u00e4tter \u2013 s\u00e4rskilt det mexikanska k\u00f6ket.<\/p>\n","protected":false},"excerpt":{"rendered":"<p>Mezcal Artesanal Blanco \u2013 Mexico<\/p>\n","protected":false},"featured_media":90076,"template":"","meta":{"_acf_changed":false,"rs_blank_template":"","rs_page_bg_color":"","slide_template_v7":""},"product_brand":[],"product_cat":[2402,2408],"product_tag":[],"class_list":{"0":"post-90007","1":"product","2":"type-product","3":"status-publish","4":"has-post-thumbnail","6":"product_cat-sprit-sv","7":"product_cat-tequila-mescal-sv","8":"pa_land-mexiko","9":"pa_procent-49-sv","10":"pa_producent-casa-maestri-sv","11":"pa_region-oaxaca-sv","12":"pa_volume-70-sv-2","14":"first","15":"instock","16":"sale","17":"taxable","18":"shipping-taxable","19":"purchasable","20":"product-type-simple"},"bundled_by":[],"bundle_stock_status":"instock","bundle_stock_quantity":null,"bundle_virtual":false,"bundle_layout":"","bundle_add_to_cart_form_location":"","bundle_editable_in_cart":false,"bundle_sold_individually_context":"","bundle_item_grouping":"","bundle_min_size":"","bundle_max_size":"","bundle_price":[],"bundled_items":[],"bundle_sell_ids":[],"acf":[],"_links":{"self":[{"href":"https:\/\/www.raschvin.com\/sv\/wp-json\/wp\/v2\/product\/90007","targetHints":{"allow":["GET"]}}],"collection":[{"href":"https:\/\/www.raschvin.com\/sv\/wp-json\/wp\/v2\/product"}],"about":[{"href":"https:\/\/www.raschvin.com\/sv\/wp-json\/wp\/v2\/types\/product"}],"wp:featuredmedia":[{"embeddable":true,"href":"https:\/\/www.raschvin.com\/sv\/wp-json\/wp\/v2\/media\/90076"}],"wp:attachment":[{"href":"https:\/\/www.raschvin.com\/sv\/wp-json\/wp\/v2\/media?parent=90007"}],"wp:term":[{"taxonomy":"product_brand","embeddable":true,"href":"https:\/\/www.raschvin.com\/sv\/wp-json\/wp\/v2\/product_brand?post=90007"},{"taxonomy":"product_cat","embeddable":true,"href":"https:\/\/www.raschvin.com\/sv\/wp-json\/wp\/v2\/product_cat?post=90007"},{"taxonomy":"product_tag","embeddable":true,"href":"https:\/\/www.raschvin.com\/sv\/wp-json\/wp\/v2\/product_tag?post=90007"}],"curies":[{"name":"wp","href":"https:\/\/api.w.org\/{rel}","templated":true}]}}