{"id":89646,"date":"2025-05-29T08:37:35","date_gmt":"2025-05-29T06:37:35","guid":{"rendered":"https:\/\/www.raschvin.com\/produkt\/aultmore-10-years-discovery-gordon-macphail-70-cl-43\/"},"modified":"2025-05-29T08:37:35","modified_gmt":"2025-05-29T06:37:35","slug":"aultmore-10-years-discovery-gordon-macphail-70-cl-43","status":"publish","type":"product","link":"https:\/\/www.raschvin.com\/sv\/produkt\/aultmore-10-years-discovery-gordon-macphail-70-cl-43\/","title":{"rendered":"Aultmore 10 Years Discovery &#8211; Gordon &#038; MacPhail 70 cl. 43%"},"content":{"rendered":"<p>Gordon &#038; MacPhail \u00e4r ett av Skottlands mest respekterade oberoende buteljeringshus med \u00f6ver 125 \u00e5rs erfarenhet av att v\u00e4lja ut och lagra whisky fr\u00e5n n\u00e5gra av landets mest v\u00e4lrenommerade destillerier. Med en djup f\u00f6rst\u00e5else f\u00f6r hur olika fat p\u00e5verkar smakutvecklingen, skapar de unika och karakt\u00e4rsfulla buteljeringar som lyfter fram destilleriernas s\u00e4rdrag.<\/p>\n<p>Aultmore 10 Years Old \u00e4r en del av deras Discovery Series \u2013 en serie framtagen f\u00f6r att guida whisky\u00e4lskare in i tre klassiska smakv\u00e4rldar: bourbon, sherry och r\u00f6k. Varje flaska i serien \u00e4r noggrant utvald f\u00f6r att representera en av dessa profiler, och Aultmore st\u00e5r som en lysande representant f\u00f6r den friska, fruktiga bourbonlagrade stilen.<\/p>\n<p>Whiskyn har lagrats i tio \u00e5r p\u00e5 bourbonfat, vilket ger en ljus och aromatisk karakt\u00e4r. I doften m\u00f6ts man av gr\u00f6na \u00e4pplen, jasmin, vanilj och citrus. Smaken \u00e4r mjuk och kr\u00e4mig med toner av tropiska frukter som persika och ananas, f\u00f6ljt av en l\u00e4tt kryddighet fr\u00e5n svartpeppar och \u00f6rter. Eftersmaken \u00e4r s\u00f6t, frisk och l\u00e5ng, med en behaglig \u00f6rtig underton.<\/p>\n<p>Aultmore 10 Years Discovery \u00e4r en inbjudande och elegant whisky \u2013 perfekt f\u00f6r dig som vill uppt\u00e4cka bourbonfatslagrad single malt i sin renaste och mest balanserade form. Den speglar b\u00e5de destilleriets rena stil och Gordon &#038; MacPhails hantverk i urvalet av fat.<\/p>\n","protected":false},"excerpt":{"rendered":"<p>Single Malt Scotch Whisky<\/p>\n","protected":false},"featured_media":89676,"template":"","meta":{"_acf_changed":false,"rs_blank_template":"","rs_page_bg_color":"","slide_template_v7":""},"product_brand":[],"product_cat":[2387,4651,2392],"product_tag":[],"class_list":{"0":"post-89646","1":"product","2":"type-product","3":"status-publish","4":"has-post-thumbnail","6":"product_cat-avec-sv","7":"product_cat-single-malt-sv","8":"product_cat-whisky-sv","9":"pa_land-skottland","10":"pa_procent-43-sv","11":"pa_producent-aultmore-sv","12":"pa_region-speyside-sv","13":"pa_traefad-bourbon-sv","14":"pa_volume-70-sv-2","16":"first","17":"instock","18":"sale","19":"taxable","20":"shipping-taxable","21":"purchasable","22":"product-type-simple"},"bundled_by":[],"bundle_stock_status":"instock","bundle_stock_quantity":null,"bundle_virtual":false,"bundle_layout":"","bundle_add_to_cart_form_location":"","bundle_editable_in_cart":false,"bundle_sold_individually_context":"","bundle_item_grouping":"","bundle_min_size":"","bundle_max_size":"","bundle_price":[],"bundled_items":[],"bundle_sell_ids":[],"acf":[],"_links":{"self":[{"href":"https:\/\/www.raschvin.com\/sv\/wp-json\/wp\/v2\/product\/89646","targetHints":{"allow":["GET"]}}],"collection":[{"href":"https:\/\/www.raschvin.com\/sv\/wp-json\/wp\/v2\/product"}],"about":[{"href":"https:\/\/www.raschvin.com\/sv\/wp-json\/wp\/v2\/types\/product"}],"wp:featuredmedia":[{"embeddable":true,"href":"https:\/\/www.raschvin.com\/sv\/wp-json\/wp\/v2\/media\/89676"}],"wp:attachment":[{"href":"https:\/\/www.raschvin.com\/sv\/wp-json\/wp\/v2\/media?parent=89646"}],"wp:term":[{"taxonomy":"product_brand","embeddable":true,"href":"https:\/\/www.raschvin.com\/sv\/wp-json\/wp\/v2\/product_brand?post=89646"},{"taxonomy":"product_cat","embeddable":true,"href":"https:\/\/www.raschvin.com\/sv\/wp-json\/wp\/v2\/product_cat?post=89646"},{"taxonomy":"product_tag","embeddable":true,"href":"https:\/\/www.raschvin.com\/sv\/wp-json\/wp\/v2\/product_tag?post=89646"}],"curies":[{"name":"wp","href":"https:\/\/api.w.org\/{rel}","templated":true}]}}