{"id":88983,"date":"2025-05-16T09:04:34","date_gmt":"2025-05-16T07:04:34","guid":{"rendered":"https:\/\/www.raschvin.com\/produkt\/kopke-port-colheita-1998-75-cl-20\/"},"modified":"2025-05-16T09:04:34","modified_gmt":"2025-05-16T07:04:34","slug":"kopke-port-colheita-1998-75-cl-20","status":"publish","type":"product","link":"https:\/\/www.raschvin.com\/sv\/produkt\/kopke-port-colheita-1998-75-cl-20\/","title":{"rendered":"Kopke Port \u2013 Colheita 1998 75 cl. 20%"},"content":{"rendered":"<p>Till skillnad fr\u00e5n vintage port har \u00e5rg\u00e5ngen inom tawny-stilen mindre betydelse f\u00f6r vinets kvalitet. Tawny port \u00e4r en vintyp som huvudsakligen formas i k\u00e4llaren, d\u00e4r tidens g\u00e5ng och k\u00e4llarm\u00e4starens hantverk \u00e4r avg\u00f6rande f\u00f6r vinets utveckling.<\/p>\n<p>Den fatlagrade \u201d\u00e5rg\u00e5ngs-tawny\u201d \u2013 colheita \u2013 \u00e4r en ofta f\u00f6rbisedd kategori, och f\u00e5 portvinshus beh\u00e4rskar denna stil lika skickligt som Kopke, v\u00e4rldens \u00e4ldsta portvinshus. Colheita port lagras minst 7 \u00e5r (men ofta betydligt l\u00e4ngre) p\u00e5 ekfat innan den \u2013 efter godk\u00e4nnande av Portvinsinstituttet \u2013 tappas p\u00e5 flaska och \u00e4r d\u00e5 redo att drickas. Den l\u00e5nga lagringen p\u00e5 fat har slipat bort all str\u00e4vhet och prim\u00e4r frukt. I st\u00e4llet f\u00e5r man en lyxig, raffinerad och flytande version av brunsviger.<\/p>\n<p>Efter tv\u00e5 decenniers oxidativ lagring i Kopkes k\u00e4llare i Vila Nova de Gaia visar sig denna \u00e5rg\u00e5ngs-tawny med silkeslen, mogen fyllighet. Doften \u00e4r kryddig med toner av florsocker, russin, katrinplommon, kanderad apelsin och varma julkryddor. Kopke Colheita 1998 breder ut sig i munnen med stor smakrikedom, mogen frukt och en h\u00e4rlig balans mellan syra, frukt och s\u00f6tma.<\/p>\n<p>Eftersmaken \u00e4r o\u00e4ndligt l\u00e5ng \u2013 s\u00e5 sl\u00e5 dig ner och njut.<\/p>\n<p>Denna colheita passar utm\u00e4rkt till h\u00e5rda ostar, n\u00f6tter, torkad frukt eller desserter med liknande smaker. Den \u00e4r ocks\u00e5 en perfekt \u201dmeditationsvin\u201d n\u00e4r man vill filosofera \u00f6ver livet.<\/p>\n<p>Efter \u00f6ppning h\u00e5ller sig vinet fint i cirka 2\u20134 veckor \u2013 g\u00e4rna f\u00f6rvarat i kylsk\u00e5p. D\u00e4refter b\u00f6rjar det tappa sp\u00e4nsten, men ingen panik om det skulle bli n\u00e5gra glas kvar \u2013 bara att njuta upp dem i godan ro.<\/p>\n<p>Njut l\u00e4tt kyld vid 13\u201316\u00b0.<\/p>\n","protected":false},"excerpt":{"rendered":"<p>Douro Valley Port<\/p>\n","protected":false},"featured_media":89247,"template":"","meta":{"_acf_changed":false,"rs_blank_template":"","rs_page_bg_color":"","slide_template_v7":""},"product_brand":[],"product_cat":[2765,4737,2772],"product_tag":[],"class_list":{"0":"post-88983","1":"product","2":"type-product","3":"status-publish","4":"has-post-thumbnail","6":"product_cat-hedvin-sv","7":"product_cat-colheita-sv","8":"product_cat-hamn","9":"pa_drue-traditional-douro-grape-varieties-sv","10":"pa_land-portugal-sv","11":"pa_procent-20-sv","12":"pa_producent-kopke-sv","13":"pa_region-douro-sv","14":"pa_serveringstemperatur-13-16-sv","15":"pa_vintage-1998-sv","16":"pa_volume-75-sv","18":"first","19":"instock","20":"sale","21":"taxable","22":"shipping-taxable","23":"purchasable","24":"product-type-simple"},"bundled_by":[],"bundle_stock_status":"instock","bundle_stock_quantity":null,"bundle_virtual":false,"bundle_layout":"","bundle_add_to_cart_form_location":"","bundle_editable_in_cart":false,"bundle_sold_individually_context":"","bundle_item_grouping":"","bundle_min_size":"","bundle_max_size":"","bundle_price":[],"bundled_items":[],"bundle_sell_ids":[],"acf":[],"_links":{"self":[{"href":"https:\/\/www.raschvin.com\/sv\/wp-json\/wp\/v2\/product\/88983","targetHints":{"allow":["GET"]}}],"collection":[{"href":"https:\/\/www.raschvin.com\/sv\/wp-json\/wp\/v2\/product"}],"about":[{"href":"https:\/\/www.raschvin.com\/sv\/wp-json\/wp\/v2\/types\/product"}],"wp:featuredmedia":[{"embeddable":true,"href":"https:\/\/www.raschvin.com\/sv\/wp-json\/wp\/v2\/media\/89247"}],"wp:attachment":[{"href":"https:\/\/www.raschvin.com\/sv\/wp-json\/wp\/v2\/media?parent=88983"}],"wp:term":[{"taxonomy":"product_brand","embeddable":true,"href":"https:\/\/www.raschvin.com\/sv\/wp-json\/wp\/v2\/product_brand?post=88983"},{"taxonomy":"product_cat","embeddable":true,"href":"https:\/\/www.raschvin.com\/sv\/wp-json\/wp\/v2\/product_cat?post=88983"},{"taxonomy":"product_tag","embeddable":true,"href":"https:\/\/www.raschvin.com\/sv\/wp-json\/wp\/v2\/product_tag?post=88983"}],"curies":[{"name":"wp","href":"https:\/\/api.w.org\/{rel}","templated":true}]}}