{"id":88875,"date":"2025-05-14T08:44:47","date_gmt":"2025-05-14T06:44:47","guid":{"rendered":"https:\/\/www.raschvin.com\/produkt\/rebel-100-proof-cabernet-sauvignon-cask-finish-70-cl-50\/"},"modified":"2025-05-14T08:44:47","modified_gmt":"2025-05-14T06:44:47","slug":"rebel-100-proof-cabernet-sauvignon-cask-finish-70-cl-50","status":"publish","type":"product","link":"https:\/\/www.raschvin.com\/sv\/produkt\/rebel-100-proof-cabernet-sauvignon-cask-finish-70-cl-50\/","title":{"rendered":"Rebel 100 Proof Cabernet Sauvignon Cask Finish 70 cl. 50%"},"content":{"rendered":"<p>Rebel 100 Proof Cabernet Sauvignon Cask Finish \u00e4r en limiterad bourbonutg\u00e5va fr\u00e5n Lux Row Distillers i Kentucky, USA. Denna unika buteljering kombinerar klassiskt bourbonhantverk med en sex m\u00e5nader l\u00e5ng efterlagring p\u00e5 fat som tidigare inneh\u00e5llit Cabernet Sauvignon-vin.<\/p>\n<p>Smaknoter:<\/p>\n<p>Doft: Fyllig och inbjudande med toner av m\u00f6rka b\u00e4r, vanilj, ek och kryddor.<br \/>\nSmak: Kraftfull och nyanserad \u2013 klassisk bourbons\u00f6tma och krydda m\u00f6ter eleganta vin\u00f6sa toner fr\u00e5n r\u00f6dvinsfaten.<br \/>\nEftersmak: L\u00e5ng och varm med kvarvarande inslag av mogen frukt och mjuka tanniner.<br \/>\nButeljerad med en alkoholhalt p\u00e5 50 % (100 proof) levererar denna bourbon en intensiv men balanserad upplevelse, idealisk att avnjuta ren, med is eller i exklusiva cocktails.<\/p>\n<p>Endast 6 000 flaskor har sl\u00e4ppts globalt, vilket g\u00f6r den till ett eftertraktat samlarobjekt f\u00f6r b\u00e5de bourbonentusiaster och nyfikna finsmakare.<\/p>\n","protected":false},"excerpt":{"rendered":"<p>Kentucky Straight Bourbon Whiskey<\/p>\n","protected":false},"featured_media":88878,"template":"","meta":{"_acf_changed":false,"rs_blank_template":"","rs_page_bg_color":"","slide_template_v7":""},"product_brand":[],"product_cat":[4657,2387,2392],"product_tag":[],"class_list":{"0":"post-88875","1":"product","2":"type-product","3":"status-publish","4":"has-post-thumbnail","6":"product_cat-american-bourbon-sv","7":"product_cat-avec-sv","8":"product_cat-whisky-sv","9":"pa_land-usa-sv","10":"pa_procent-50-sv","11":"pa_producent-lux-row-distillers-sv","12":"pa_region-kentucky-sv","13":"pa_traefad-american-oak-sv","14":"pa_traefad-cabernet-sauvignon-sv","15":"pa_volume-70-sv-2","17":"first","18":"instock","19":"sale","20":"taxable","21":"shipping-taxable","22":"purchasable","23":"product-type-simple"},"bundled_by":[],"bundle_stock_status":"instock","bundle_stock_quantity":null,"bundle_virtual":false,"bundle_layout":"","bundle_add_to_cart_form_location":"","bundle_editable_in_cart":false,"bundle_sold_individually_context":"","bundle_item_grouping":"","bundle_min_size":"","bundle_max_size":"","bundle_price":[],"bundled_items":[],"bundle_sell_ids":[],"acf":[],"_links":{"self":[{"href":"https:\/\/www.raschvin.com\/sv\/wp-json\/wp\/v2\/product\/88875","targetHints":{"allow":["GET"]}}],"collection":[{"href":"https:\/\/www.raschvin.com\/sv\/wp-json\/wp\/v2\/product"}],"about":[{"href":"https:\/\/www.raschvin.com\/sv\/wp-json\/wp\/v2\/types\/product"}],"wp:featuredmedia":[{"embeddable":true,"href":"https:\/\/www.raschvin.com\/sv\/wp-json\/wp\/v2\/media\/88878"}],"wp:attachment":[{"href":"https:\/\/www.raschvin.com\/sv\/wp-json\/wp\/v2\/media?parent=88875"}],"wp:term":[{"taxonomy":"product_brand","embeddable":true,"href":"https:\/\/www.raschvin.com\/sv\/wp-json\/wp\/v2\/product_brand?post=88875"},{"taxonomy":"product_cat","embeddable":true,"href":"https:\/\/www.raschvin.com\/sv\/wp-json\/wp\/v2\/product_cat?post=88875"},{"taxonomy":"product_tag","embeddable":true,"href":"https:\/\/www.raschvin.com\/sv\/wp-json\/wp\/v2\/product_tag?post=88875"}],"curies":[{"name":"wp","href":"https:\/\/api.w.org\/{rel}","templated":true}]}}