{"id":88833,"date":"2025-05-13T16:57:12","date_gmt":"2025-05-13T14:57:12","guid":{"rendered":"https:\/\/www.raschvin.com\/produkt\/glenmorangie-the-original-12-years-70-cl-40\/"},"modified":"2025-05-13T16:57:12","modified_gmt":"2025-05-13T14:57:12","slug":"glenmorangie-the-original-12-years-70-cl-40","status":"publish","type":"product","link":"https:\/\/www.raschvin.com\/sv\/produkt\/glenmorangie-the-original-12-years-70-cl-40\/","title":{"rendered":"Glenmorangie The Original 12 Years 70 cl. 40%"},"content":{"rendered":"<p>Vores signatur single malt er blevet genfortolket. Nu 12 \u00e5r gammel er The Original lige s\u00e5 bl\u00f8d og l\u00e6kker, som du husker den \u2013 men nu endnu mere delikat. Det er her, alle vores whisky-eventyr begynder, og The Original forbliver hjertet i alt, hvad vi g\u00f8r. Nu lader vi den modne i 12 \u00e5r p\u00e5 bourbonfade, hvor den optager et v\u00e6ld af forf\u00f8rende smagsnuancer. Resultatet er en whisky, der byder dig velkommen med et strejf af citrus og fastholder din opm\u00e6rksomhed med lag p\u00e5 lag af l\u00e6kker smag. Hos Glenmorangie begiver vi os konstant ud p\u00e5 nye sansem\u00e6ssige rejser \u2013 men vi vender altid hjem til The Original.<\/p>\n<p>Med b\u00f8lger af cremet vanilje og et frisk pust af citrus, lag p\u00e5 lag med honning og fersken, l\u00f8fter denne single malt The Originals smagskalejdoskop til nye h\u00f8jder. Whiskyen er blevet modtaget med stor begejstring af anmelderne og har modtaget en eftertragtet guldmedalje ved den prestigefyldte World Whiskies Awards 2024.<\/p>\n<p>SMAGSNOTER<\/p>\n<p>FARVE<br \/>\nLys gylden<\/p>\n<p>DUFT<br \/>\nCitrus og modne ferskner balanceres af bl\u00f8d vanilje.<\/p>\n<p>SMAG<br \/>\nVaniljen tr\u00e6der frem, og giver derefter plads til et udbrud af blomsteragtig frugtighed.<\/p>\n<p>EFTERSMAG<br \/>\nEn overraskende vedvarende eftersmag med noter af mandel, kokos og et strejf af ahornsirup. Virkelig l\u00e6kker!<\/p>\n<p>Svensk \u00f6vers\u00e4ttning:<\/p>\n<p>V\u00e5r signatursingle malt har f\u00e5tt en ny tolkning. Nu 12 \u00e5r gammal \u00e4r The Original lika mjuk och ljuvlig som du minns den \u2013 men nu \u00e4nnu godare. Det \u00e4r h\u00e4r alla v\u00e5ra whisky\u00e4ventyr b\u00f6rjar och The Original f\u00f6rblir k\u00e4rnan i allt vi g\u00f6r. Vi l\u00e5ter den nu \u00e5ldras i 12 \u00e5r p\u00e5 bourbonfat d\u00e4r den absorberar en m\u00e4ngd uts\u00f6kta smaker. Resultatet \u00e4r en whisky som v\u00e4lkomnar dig med en frisk citrusv\u00e5g och beh\u00e5ller din uppm\u00e4rksamhet med lager av ljuvlig smak. P\u00e5 Glenmorangie ger vi oss st\u00e4ndigt ut p\u00e5 nya sensoriska resor \u2013 men vi \u00e5terv\u00e4nder alltid hem till The Original.<\/p>\n<p>Virvlande av kr\u00e4mig vanilj och en frisk citrusv\u00e5g, lager p\u00e5 lager med honung och persika, tar denna single malt The Originals smakpalett till nya h\u00f6jder av njutning. Whiskyn har blivit varmt mottagen av kritikerna och bel\u00f6nades med en eftertraktad guldmedalj vid den prestigefyllda World Whiskies Awards 2024.<\/p>\n<p>SMAKNOTER<\/p>\n<p>F\u00c4RG<br \/>\nLjusguld<\/p>\n<p>DOFT<br \/>\nCitrus och mogna persikor balanseras av mjuk vanilj.<\/p>\n<p>SMAK<br \/>\nVaniljen tr\u00e4der fram och f\u00f6ljs av en explosion av blommig fruktighet.<\/p>\n<p>EFTERSMAK<br \/>\nEn \u00f6verraskande l\u00e5ng eftersmak med toner av mandel, kokos och en hint av l\u00f6nnsirap. Riktigt god!<\/p>\n","protected":false},"excerpt":{"rendered":"<p>Highland Single Malt Scotch Whisky<\/p>\n","protected":false},"featured_media":88839,"template":"","meta":{"_acf_changed":false,"rs_blank_template":"","rs_page_bg_color":"","slide_template_v7":""},"product_brand":[],"product_cat":[2387,4651,2392],"product_tag":[],"class_list":{"0":"post-88833","1":"product","2":"type-product","3":"status-publish","4":"has-post-thumbnail","6":"product_cat-avec-sv","7":"product_cat-single-malt-sv","8":"product_cat-whisky-sv","9":"pa_land-skottland","10":"pa_procent-40-sv-2","11":"pa_producent-glenmorangie-sv","12":"pa_region-highland-sv","13":"pa_traefad-bourbon-sv","14":"pa_volume-70-sv-2","16":"first","17":"instock","18":"taxable","19":"shipping-taxable","20":"purchasable","21":"product-type-simple"},"bundled_by":[],"bundle_stock_status":"instock","bundle_stock_quantity":null,"bundle_virtual":false,"bundle_layout":"","bundle_add_to_cart_form_location":"","bundle_editable_in_cart":false,"bundle_sold_individually_context":"","bundle_item_grouping":"","bundle_min_size":"","bundle_max_size":"","bundle_price":[],"bundled_items":[],"bundle_sell_ids":[],"acf":[],"_links":{"self":[{"href":"https:\/\/www.raschvin.com\/sv\/wp-json\/wp\/v2\/product\/88833","targetHints":{"allow":["GET"]}}],"collection":[{"href":"https:\/\/www.raschvin.com\/sv\/wp-json\/wp\/v2\/product"}],"about":[{"href":"https:\/\/www.raschvin.com\/sv\/wp-json\/wp\/v2\/types\/product"}],"wp:featuredmedia":[{"embeddable":true,"href":"https:\/\/www.raschvin.com\/sv\/wp-json\/wp\/v2\/media\/88839"}],"wp:attachment":[{"href":"https:\/\/www.raschvin.com\/sv\/wp-json\/wp\/v2\/media?parent=88833"}],"wp:term":[{"taxonomy":"product_brand","embeddable":true,"href":"https:\/\/www.raschvin.com\/sv\/wp-json\/wp\/v2\/product_brand?post=88833"},{"taxonomy":"product_cat","embeddable":true,"href":"https:\/\/www.raschvin.com\/sv\/wp-json\/wp\/v2\/product_cat?post=88833"},{"taxonomy":"product_tag","embeddable":true,"href":"https:\/\/www.raschvin.com\/sv\/wp-json\/wp\/v2\/product_tag?post=88833"}],"curies":[{"name":"wp","href":"https:\/\/api.w.org\/{rel}","templated":true}]}}