{"id":88540,"date":"2025-05-08T10:28:46","date_gmt":"2025-05-08T08:28:46","guid":{"rendered":"https:\/\/www.raschvin.com\/produkt\/teeling-whisky-dublin-born-trinity-pack-3x5-cl-46\/"},"modified":"2025-05-08T10:28:46","modified_gmt":"2025-05-08T08:28:46","slug":"teeling-whisky-dublin-born-trinity-pack-3x5-cl-46","status":"publish","type":"product","link":"https:\/\/www.raschvin.com\/sv\/produkt\/teeling-whisky-dublin-born-trinity-pack-3x5-cl-46\/","title":{"rendered":"Teeling Whisky &#8211; Dublin Born Trinity Pack 3&#215;5 cl. 46%"},"content":{"rendered":"<p>Detta Dublin Born Trinity Presentset inneh\u00e5ller tre uttryck av Teelings prisbel\u00f6nta whiskey \u2013 var och en med sin egen personlighet skapad genom innovativa lagringstekniker som tillf\u00f6r extra smak och g\u00f6r dem unika inom irl\u00e4ndsk whiskey.<\/p>\n<p>Inneh\u00e5ller:<\/p>\n<p>Small Batch \u2013 46%<br \/>\nSingle Grain \u2013 46%<br \/>\nSingle Malt \u2013 46%<br \/>\nDetta Trinity Pack fr\u00e5n Dublin inneh\u00e5ller 3 miniflaskor (3 x 50 ml) av Teeling Small Batch, Single Grain och Single Malt whiskey \u2013 alla buteljerade vid 46% och utan kylfiltrering. Den perfekta g\u00e5van till varje Teeling-fan \u2013 men ocks\u00e5 utm\u00e4rkt f\u00f6r den som \u00e4r nyfiken p\u00e5 irl\u00e4ndsk whiskey.<\/p>\n<p>Volym: 3 x 50 ml<\/p>\n","protected":false},"excerpt":{"rendered":"<p>Irish Whiskey<\/p>\n","protected":false},"featured_media":88620,"template":"","meta":{"_acf_changed":false,"rs_blank_template":"","rs_page_bg_color":"","slide_template_v7":""},"product_brand":[],"product_cat":[2387,2753,4768,2758,2392],"product_tag":[],"class_list":{"0":"post-88540","1":"product","2":"type-product","3":"status-publish","4":"has-post-thumbnail","6":"product_cat-avec-sv","7":"product_cat-gaavor","8":"product_cat-irish-pot-still-sv","9":"product_cat-provsmakning-set","10":"product_cat-whisky-sv","11":"pa_land-irland-sv","12":"pa_procent-46-sv","13":"pa_producent-teeling-sv","14":"pa_region-dublin-sv","15":"pa_volume-15-sv","17":"first","18":"instock","19":"sale","20":"taxable","21":"shipping-taxable","22":"purchasable","23":"product-type-simple"},"bundled_by":[],"bundle_stock_status":"instock","bundle_stock_quantity":null,"bundle_virtual":false,"bundle_layout":"","bundle_add_to_cart_form_location":"","bundle_editable_in_cart":false,"bundle_sold_individually_context":"","bundle_item_grouping":"","bundle_min_size":"","bundle_max_size":"","bundle_price":[],"bundled_items":[],"bundle_sell_ids":[],"acf":[],"_links":{"self":[{"href":"https:\/\/www.raschvin.com\/sv\/wp-json\/wp\/v2\/product\/88540","targetHints":{"allow":["GET"]}}],"collection":[{"href":"https:\/\/www.raschvin.com\/sv\/wp-json\/wp\/v2\/product"}],"about":[{"href":"https:\/\/www.raschvin.com\/sv\/wp-json\/wp\/v2\/types\/product"}],"wp:featuredmedia":[{"embeddable":true,"href":"https:\/\/www.raschvin.com\/sv\/wp-json\/wp\/v2\/media\/88620"}],"wp:attachment":[{"href":"https:\/\/www.raschvin.com\/sv\/wp-json\/wp\/v2\/media?parent=88540"}],"wp:term":[{"taxonomy":"product_brand","embeddable":true,"href":"https:\/\/www.raschvin.com\/sv\/wp-json\/wp\/v2\/product_brand?post=88540"},{"taxonomy":"product_cat","embeddable":true,"href":"https:\/\/www.raschvin.com\/sv\/wp-json\/wp\/v2\/product_cat?post=88540"},{"taxonomy":"product_tag","embeddable":true,"href":"https:\/\/www.raschvin.com\/sv\/wp-json\/wp\/v2\/product_tag?post=88540"}],"curies":[{"name":"wp","href":"https:\/\/api.w.org\/{rel}","templated":true}]}}