{"id":88536,"date":"2025-05-08T10:16:15","date_gmt":"2025-05-08T08:16:15","guid":{"rendered":"https:\/\/www.raschvin.com\/produkt\/black-tot-finest-caribbean-rum-70-cl-462\/"},"modified":"2025-05-08T10:16:15","modified_gmt":"2025-05-08T08:16:15","slug":"black-tot-finest-caribbean-rum-70-cl-462","status":"publish","type":"product","link":"https:\/\/www.raschvin.com\/sv\/produkt\/black-tot-finest-caribbean-rum-70-cl-462\/","title":{"rendered":"Black Tot Finest Caribbean Rum 70 cl. 46,2%"},"content":{"rendered":"<p>Black Tot Finest Caribbean \u00e4r en romblandning fr\u00e5n olika karibiska \u00f6ar, inspirerad av den rom som serverades ombord p\u00e5 brittiska flottan fram till 1970. Black Tot \u00e4r noggrant sammansatt av master blender Oliver Chilton, som efter m\u00e5nga provsmakningar av den ursprungliga flottrommen skapade en blend best\u00e5ende av 40 % rom fr\u00e5n Barbados, 35 % fr\u00e5n Trinidad, 20 % fr\u00e5n Guyana och 5 % fr\u00e5n Jamaica. All rom \u00e4r 100 % tropiskt lagrad p\u00e5 ex-bourbonfat. Den \u00e4r buteljerad utan kylfiltrering, vid 46,2 %, och utan tillsatt socker. Splice the mainbrace!<\/p>\n<p>F\u00e4rg: Gyllene.<br \/>\nDoft: Komplex doft av flamberad banan, stenfrukt, kaffe, surdegsr\u00e5gbr\u00f6d, ljusa russin och kokos.<br \/>\nSmak: Mjuk och s\u00f6t inledning, men snabbt exploderar smaken med lakrits, kaffe, ingef\u00e4ra och kardemumma.<\/p>\n<p>Serveringsf\u00f6rslag: Fantastisk att njuta av rent \u2013 men fungerar ocks\u00e5 utm\u00e4rkt i cocktails!<\/p>\n","protected":false},"excerpt":{"rendered":"<p>Blended Premium Aged Rum<\/p>\n","protected":false},"featured_media":88554,"template":"","meta":{"_acf_changed":false,"rs_blank_template":"","rs_page_bg_color":"","slide_template_v7":""},"product_brand":[],"product_cat":[2387,4634,2391],"product_tag":[],"class_list":{"0":"post-88536","1":"product","2":"type-product","3":"status-publish","4":"has-post-thumbnail","6":"product_cat-avec-sv","7":"product_cat-premium-aged-sv","8":"product_cat-rom-sv","9":"pa_land-barbados-sv","10":"pa_land-guyana-sv","11":"pa_land-jamaica-sv","12":"pa_land-trinidad-sv","13":"pa_procent-46-2-sv","14":"pa_producent-elixir-distillers-sv","15":"pa_volume-70-sv-2","17":"first","18":"instock","19":"sale","20":"taxable","21":"shipping-taxable","22":"purchasable","23":"product-type-simple"},"bundled_by":[],"bundle_stock_status":"instock","bundle_stock_quantity":null,"bundle_virtual":false,"bundle_layout":"","bundle_add_to_cart_form_location":"","bundle_editable_in_cart":false,"bundle_sold_individually_context":"","bundle_item_grouping":"","bundle_min_size":"","bundle_max_size":"","bundle_price":[],"bundled_items":[],"bundle_sell_ids":[],"acf":[],"_links":{"self":[{"href":"https:\/\/www.raschvin.com\/sv\/wp-json\/wp\/v2\/product\/88536","targetHints":{"allow":["GET"]}}],"collection":[{"href":"https:\/\/www.raschvin.com\/sv\/wp-json\/wp\/v2\/product"}],"about":[{"href":"https:\/\/www.raschvin.com\/sv\/wp-json\/wp\/v2\/types\/product"}],"wp:featuredmedia":[{"embeddable":true,"href":"https:\/\/www.raschvin.com\/sv\/wp-json\/wp\/v2\/media\/88554"}],"wp:attachment":[{"href":"https:\/\/www.raschvin.com\/sv\/wp-json\/wp\/v2\/media?parent=88536"}],"wp:term":[{"taxonomy":"product_brand","embeddable":true,"href":"https:\/\/www.raschvin.com\/sv\/wp-json\/wp\/v2\/product_brand?post=88536"},{"taxonomy":"product_cat","embeddable":true,"href":"https:\/\/www.raschvin.com\/sv\/wp-json\/wp\/v2\/product_cat?post=88536"},{"taxonomy":"product_tag","embeddable":true,"href":"https:\/\/www.raschvin.com\/sv\/wp-json\/wp\/v2\/product_tag?post=88536"}],"curies":[{"name":"wp","href":"https:\/\/api.w.org\/{rel}","templated":true}]}}