{"id":88533,"date":"2025-05-08T10:08:46","date_gmt":"2025-05-08T08:08:46","guid":{"rendered":"https:\/\/www.raschvin.com\/produkt\/skinos-dark-mastiha-coffee-bitter-70-cl-35\/"},"modified":"2025-05-08T10:08:46","modified_gmt":"2025-05-08T08:08:46","slug":"skinos-dark-mastiha-coffee-bitter-70-cl-35","status":"publish","type":"product","link":"https:\/\/www.raschvin.com\/sv\/produkt\/skinos-dark-mastiha-coffee-bitter-70-cl-35\/","title":{"rendered":"Skinos Dark Mastiha &#038; Coffee Bitter 70 cl. 35%"},"content":{"rendered":"<p>Skinos Dark Mastiha &#038; Coffee Bitter: Smaken av grekisk g\u00e4stfrihet<\/p>\n<p>Skinos Dark Mastiha &#038; Coffee Bitter \u00e4r en hantverksm\u00e4ssigt framst\u00e4lld lik\u00f6r, resultatet av en ovanlig kombination av fin mastiha fr\u00e5n den grekiska \u00f6n Chios och extrakt av Arabica-kaffe.<\/p>\n<p>Mastiha \u00e4r en aromatisk k\u00e5da med unika egenskaper, k\u00e4nd och uppskattad sedan antiken, och ger lik\u00f6ren balsamiska och citruslika toner. Kaffet tillf\u00f6r djup och en angen\u00e4m bitterhet.<\/p>\n<p>Doften rymmer rostade kaffetoner, mastiha och s\u00f6ta kryddor. Smaken \u00e4r fyllig och omfamnande, rik p\u00e5 m\u00f6rk choklad och vanilj. Eftersmaken \u00e4r intensiv och l\u00e5ngvarig.<\/p>\n<p>Kan serveras med is eller njutas direkt fr\u00e5n frysen. Blandad med bubblor blir den till en autentisk grekisk aperitif.<\/p>\n","protected":false},"excerpt":{"rendered":"<p>Greek Herb Liqueur<\/p>\n","protected":false},"featured_media":88617,"template":"","meta":{"_acf_changed":false,"rs_blank_template":"","rs_page_bg_color":"","slide_template_v7":""},"product_brand":[],"product_cat":[4716,2387,2394,2743,4684,2390],"product_tag":[],"class_list":{"0":"post-88533","1":"product","2":"type-product","3":"status-publish","4":"has-post-thumbnail","6":"product_cat-andra-likorer","7":"product_cat-avec-sv","8":"product_cat-bitter-sv","9":"product_cat-brannvin-sv","10":"product_cat-kaffelikor","11":"product_cat-sprit","12":"pa_land-grekland","13":"pa_procent-35-sv","14":"pa_producent-concepts-ltd-sv","15":"pa_volume-70-sv-2","17":"first","18":"instock","19":"taxable","20":"shipping-taxable","21":"purchasable","22":"product-type-simple"},"bundled_by":[],"bundle_stock_status":"instock","bundle_stock_quantity":null,"bundle_virtual":false,"bundle_layout":"","bundle_add_to_cart_form_location":"","bundle_editable_in_cart":false,"bundle_sold_individually_context":"","bundle_item_grouping":"","bundle_min_size":"","bundle_max_size":"","bundle_price":[],"bundled_items":[],"bundle_sell_ids":[],"acf":[],"_links":{"self":[{"href":"https:\/\/www.raschvin.com\/sv\/wp-json\/wp\/v2\/product\/88533","targetHints":{"allow":["GET"]}}],"collection":[{"href":"https:\/\/www.raschvin.com\/sv\/wp-json\/wp\/v2\/product"}],"about":[{"href":"https:\/\/www.raschvin.com\/sv\/wp-json\/wp\/v2\/types\/product"}],"wp:featuredmedia":[{"embeddable":true,"href":"https:\/\/www.raschvin.com\/sv\/wp-json\/wp\/v2\/media\/88617"}],"wp:attachment":[{"href":"https:\/\/www.raschvin.com\/sv\/wp-json\/wp\/v2\/media?parent=88533"}],"wp:term":[{"taxonomy":"product_brand","embeddable":true,"href":"https:\/\/www.raschvin.com\/sv\/wp-json\/wp\/v2\/product_brand?post=88533"},{"taxonomy":"product_cat","embeddable":true,"href":"https:\/\/www.raschvin.com\/sv\/wp-json\/wp\/v2\/product_cat?post=88533"},{"taxonomy":"product_tag","embeddable":true,"href":"https:\/\/www.raschvin.com\/sv\/wp-json\/wp\/v2\/product_tag?post=88533"}],"curies":[{"name":"wp","href":"https:\/\/api.w.org\/{rel}","templated":true}]}}