{"id":88328,"date":"2025-05-06T21:18:10","date_gmt":"2025-05-06T19:18:10","guid":{"rendered":"https:\/\/www.raschvin.com\/produkt\/midtfyns-pale-ale-mosaic-50-cl-49\/"},"modified":"2025-05-06T21:18:10","modified_gmt":"2025-05-06T19:18:10","slug":"midtfyns-pale-ale-mosaic-50-cl-49","status":"publish","type":"product","link":"https:\/\/www.raschvin.com\/sv\/produkt\/midtfyns-pale-ale-mosaic-50-cl-49\/","title":{"rendered":"Midtfyns Pale Ale Mosaic 50 cl. 4,9%"},"content":{"rendered":"<p>Midtfyns Pale Ale Mosaic \u00e4r en uppfriskande och v\u00e4lbalanserad \u00f6l bryggd med en enda malt och en enda humle, \u00e4ven k\u00e4nd som en SMaSH-\u00f6l (Single Malt and Single Hop). Denna metod framh\u00e4ver den amerikanska Mosaic-humlens distinkta tropiska fruktaromer.<\/p>\n<p>Smakprofil<\/p>\n<p>\u00d6let har en ljus b\u00e4rnstensf\u00e4rgad v\u00e4tska med en mild bitterhet och en behaglig, l\u00e4tt kropp. Mosaic-humlen bidrar med toner av tropisk frukt, inklusive mango, mandarin och b\u00e4r, vilket ger en frisk och aromatisk upplevelse. Den amerikanska j\u00e4ststammen st\u00f6djer smakprofilen med en ren och l\u00e4tt j\u00e4sning.<\/p>\n<p>Servering<\/p>\n<p>F\u00f6r b\u00e4sta smakupplevelse rekommenderas det att servera Midtfyns Pale Ale Mosaic vid en temperatur mellan 6-8\u00b0C. \u00d6let \u00e4r idealiskt att para med grillat n\u00f6tk\u00f6tt och fl\u00e4skk\u00f6tt eller helt enkelt att njuta av kylt p\u00e5 en varm dag.<\/p>\n<p>Alkoholhalt och n\u00e4ringsinneh\u00e5ll<\/p>\n<p>Alkoholhalt: 4,9% vol.<br \/>\nPlato: 11,9<br \/>\nKcal\/100 ml: 40<br \/>\nKj\/100 ml: 166<br \/>\nDenna \u00f6l \u00e4r ett utm\u00e4rkt val f\u00f6r dem som vill utforska en ren och fokuserad smakprofil d\u00e4r humlen verkligen f\u00e5r lysa.<\/p>\n","protected":false},"excerpt":{"rendered":"<p>Midtfyns Bryghus \u2013 Denmark<\/p>\n","protected":false},"featured_media":88425,"template":"","meta":{"_acf_changed":false,"rs_blank_template":"","rs_page_bg_color":"","slide_template_v7":""},"product_brand":[],"product_cat":[2802,2801,7211],"product_tag":[],"class_list":{"0":"post-88328","1":"product","2":"type-product","3":"status-publish","4":"has-post-thumbnail","6":"product_cat-ale-sv","7":"product_cat-oel-sv","8":"product_cat-pale-ale-sv","9":"pa_champagne-type-pale-ale-sv","10":"pa_land-danmark-sv","11":"pa_procent-4-9-sv","12":"pa_producent-midtfyns-bryghus-sv","13":"pa_region-fyn-sv","14":"pa_serveringstemperatur-8-10-sv","15":"pa_volume-50-sv","17":"first","18":"instock","19":"taxable","20":"shipping-taxable","21":"purchasable","22":"product-type-simple"},"bundled_by":[],"bundle_stock_status":"instock","bundle_stock_quantity":null,"bundle_virtual":false,"bundle_layout":"","bundle_add_to_cart_form_location":"","bundle_editable_in_cart":false,"bundle_sold_individually_context":"","bundle_item_grouping":"","bundle_min_size":"","bundle_max_size":"","bundle_price":[],"bundled_items":[],"bundle_sell_ids":[],"acf":[],"_links":{"self":[{"href":"https:\/\/www.raschvin.com\/sv\/wp-json\/wp\/v2\/product\/88328","targetHints":{"allow":["GET"]}}],"collection":[{"href":"https:\/\/www.raschvin.com\/sv\/wp-json\/wp\/v2\/product"}],"about":[{"href":"https:\/\/www.raschvin.com\/sv\/wp-json\/wp\/v2\/types\/product"}],"wp:featuredmedia":[{"embeddable":true,"href":"https:\/\/www.raschvin.com\/sv\/wp-json\/wp\/v2\/media\/88425"}],"wp:attachment":[{"href":"https:\/\/www.raschvin.com\/sv\/wp-json\/wp\/v2\/media?parent=88328"}],"wp:term":[{"taxonomy":"product_brand","embeddable":true,"href":"https:\/\/www.raschvin.com\/sv\/wp-json\/wp\/v2\/product_brand?post=88328"},{"taxonomy":"product_cat","embeddable":true,"href":"https:\/\/www.raschvin.com\/sv\/wp-json\/wp\/v2\/product_cat?post=88328"},{"taxonomy":"product_tag","embeddable":true,"href":"https:\/\/www.raschvin.com\/sv\/wp-json\/wp\/v2\/product_tag?post=88328"}],"curies":[{"name":"wp","href":"https:\/\/api.w.org\/{rel}","templated":true}]}}