{"id":88317,"date":"2025-05-06T20:53:10","date_gmt":"2025-05-06T18:53:10","guid":{"rendered":"https:\/\/www.raschvin.com\/produkt\/fanoe-something-sour-fruited-kettle-sour-50-cl-58\/"},"modified":"2025-05-06T20:53:10","modified_gmt":"2025-05-06T18:53:10","slug":"fanoe-something-sour-fruited-kettle-sour-50-cl-58","status":"publish","type":"product","link":"https:\/\/www.raschvin.com\/sv\/produkt\/fanoe-something-sour-fruited-kettle-sour-50-cl-58\/","title":{"rendered":"Fan\u00f8 Something Sour &#8211; Fruited Kettle Sour 50 cl. 5,8%"},"content":{"rendered":"<p>N\u00e4r vi har blivit fr\u00e5gade vad v\u00e5r n\u00e4sta \u00f6lskapelse blir, har v\u00e5rt svar alltid varit kort och enkelt: Something Sour!<\/p>\n<p>Nu \u00e4r den \u00e4ntligen h\u00e4r: Something Sour \u00e4r den f\u00f6rsta i en ny serie av friska sur\u00f6l fr\u00e5n Fan\u00f8 Bryghus. En delikat Kettle Sour med mango och passionsfrukt, som vackert kompletteras av den uppfriskande och syrliga smaken \u2013 perfekt f\u00f6r en trutmund!<\/p>\n<p>Malt: Extra Pale, vetemalt, dextrinmalt.<\/p>\n<p>Humle: Northern Brewer.<\/p>\n<p>Bryggd med: Mango, passionsfrukt och havre.<\/p>\n<p>Aroma: En l\u00e4skande fusion av tropiska frukter, mango och passionsfrukt.<\/p>\n<p>J\u00e4st: Wild Brew Sour Pitch, Ale-j\u00e4st.<\/p>\n<p>Ingredienser: Vatten, bygmalt, vetemalt, havre, humle, j\u00e4st, mangopur\u00e9 (5%), passionsfrukt (fr\u00e5n koncentrat, 1,6%). Energi per 100 ml: 226 kJ\/54 kcal.<br \/>\nF\u00f6rvaras m\u00f6rkt och svalt.<\/p>\n<p>Bryggd av: Fan\u00f8 Bryghus, Strandvejen 5, 6720 Fan\u00f8, Danmark. fanoebryghus.dk<\/p>\n<p>Artwork av Tom Gooch. Instagram: @6ooch<\/p>\n","protected":false},"excerpt":{"rendered":"<p>Fan\u00f8 Bryghus \u2013 Denmark<\/p>\n","protected":false},"featured_media":88401,"template":"","meta":{"_acf_changed":false,"rs_blank_template":"","rs_page_bg_color":"","slide_template_v7":""},"product_brand":[],"product_cat":[7174,7189,2801,7214],"product_tag":[],"class_list":{"0":"post-88317","1":"product","2":"type-product","3":"status-publish","4":"has-post-thumbnail","6":"product_cat-andra-ol","7":"product_cat-fruktol","8":"product_cat-oel-sv","9":"product_cat-sur-ol","10":"pa_champagne-type-sour-beer-sv","11":"pa_land-danmark-sv","12":"pa_procent-5-8-sv","13":"pa_producent-fanoe-bryghus-sv","14":"pa_region-fanoe-sv","15":"pa_serveringstemperatur-8-10-sv","16":"pa_volume-50-sv","18":"first","19":"instock","20":"taxable","21":"shipping-taxable","22":"purchasable","23":"product-type-simple"},"bundled_by":[],"bundle_stock_status":"instock","bundle_stock_quantity":null,"bundle_virtual":false,"bundle_layout":"","bundle_add_to_cart_form_location":"","bundle_editable_in_cart":false,"bundle_sold_individually_context":"","bundle_item_grouping":"","bundle_min_size":"","bundle_max_size":"","bundle_price":[],"bundled_items":[],"bundle_sell_ids":[],"acf":[],"_links":{"self":[{"href":"https:\/\/www.raschvin.com\/sv\/wp-json\/wp\/v2\/product\/88317","targetHints":{"allow":["GET"]}}],"collection":[{"href":"https:\/\/www.raschvin.com\/sv\/wp-json\/wp\/v2\/product"}],"about":[{"href":"https:\/\/www.raschvin.com\/sv\/wp-json\/wp\/v2\/types\/product"}],"wp:featuredmedia":[{"embeddable":true,"href":"https:\/\/www.raschvin.com\/sv\/wp-json\/wp\/v2\/media\/88401"}],"wp:attachment":[{"href":"https:\/\/www.raschvin.com\/sv\/wp-json\/wp\/v2\/media?parent=88317"}],"wp:term":[{"taxonomy":"product_brand","embeddable":true,"href":"https:\/\/www.raschvin.com\/sv\/wp-json\/wp\/v2\/product_brand?post=88317"},{"taxonomy":"product_cat","embeddable":true,"href":"https:\/\/www.raschvin.com\/sv\/wp-json\/wp\/v2\/product_cat?post=88317"},{"taxonomy":"product_tag","embeddable":true,"href":"https:\/\/www.raschvin.com\/sv\/wp-json\/wp\/v2\/product_tag?post=88317"}],"curies":[{"name":"wp","href":"https:\/\/api.w.org\/{rel}","templated":true}]}}