{"id":88311,"date":"2025-05-06T20:31:22","date_gmt":"2025-05-06T18:31:22","guid":{"rendered":"https:\/\/www.raschvin.com\/produkt\/fanoe-bunker-stout-stout-50-cl-69\/"},"modified":"2025-05-06T20:31:22","modified_gmt":"2025-05-06T18:31:22","slug":"fanoe-bunker-stout-stout-50-cl-69","status":"publish","type":"product","link":"https:\/\/www.raschvin.com\/sv\/produkt\/fanoe-bunker-stout-stout-50-cl-69\/","title":{"rendered":"Fan\u00f8 Bunker Stout &#8211; Stout 50 cl. 6,9%"},"content":{"rendered":"<p>Fan\u00f8 Bunker Stout \u2013 Historia och smak i perfekt harmoni<br \/>\nFan\u00f8 Bunker Stout \u00e4r en kraftfull och smakrik stout fr\u00e5n det danska hantverksbryggeriet Fan\u00f8 Bryghus, bel\u00e4get p\u00e5 \u00f6n Fan\u00f8 vid den jyll\u00e4ndska v\u00e4stkusten. \u00d6len \u00e4r inspirerad av \u00f6ns bunkrar fr\u00e5n andra v\u00e4rldskriget och har tagits fram i samarbete med organisationen Fan\u00f8 i Atlantvolden, som arbetar f\u00f6r att bevara dessa historiska byggnader.<\/p>\n<p>Med en alkoholhalt p\u00e5 6,9 % och l\u00e5g beska p\u00e5 20 IBU bjuder Bunker Stout p\u00e5 en djup och rund smakupplevelse. Den \u00e4r bryggd med kakaonibs och vanilj, vilket ger rostade malttoner, m\u00f6rk choklad och subtila inslag av vanilj. Eftersmaken \u00e4r mjuk och l\u00e5ng, perfekt f\u00f6r avkopplande stunder.<\/p>\n<p>Fan\u00f8 Bryghus \u00e4r k\u00e4nt f\u00f6r sina nyskapande \u00f6l med stark lokal f\u00f6rankring. Med Bunker Stout lyckas de f\u00f6rena hantverk, historia och smak i ett och samma glas.<\/p>\n","protected":false},"excerpt":{"rendered":"<p>Fan\u00f8 Bryghus \u2013 Denmark<\/p>\n","protected":false},"featured_media":88380,"template":"","meta":{"_acf_changed":false,"rs_blank_template":"","rs_page_bg_color":"","slide_template_v7":""},"product_brand":[],"product_cat":[2802,4783,2801],"product_tag":[],"class_list":{"0":"post-88311","1":"product","2":"type-product","3":"status-publish","4":"has-post-thumbnail","6":"product_cat-ale-sv","7":"product_cat-stout-sv","8":"product_cat-oel-sv","9":"pa_champagne-type-stout-sv","10":"pa_land-danmark-sv","11":"pa_procent-6-9-sv","12":"pa_producent-fanoe-bryghus-sv","13":"pa_region-fanoe-sv","14":"pa_serveringstemperatur-8-10-sv","15":"pa_volume-50-sv","17":"first","18":"instock","19":"taxable","20":"shipping-taxable","21":"purchasable","22":"product-type-simple"},"bundled_by":[],"bundle_stock_status":"instock","bundle_stock_quantity":null,"bundle_virtual":false,"bundle_layout":"","bundle_add_to_cart_form_location":"","bundle_editable_in_cart":false,"bundle_sold_individually_context":"","bundle_item_grouping":"","bundle_min_size":"","bundle_max_size":"","bundle_price":[],"bundled_items":[],"bundle_sell_ids":[],"acf":[],"_links":{"self":[{"href":"https:\/\/www.raschvin.com\/sv\/wp-json\/wp\/v2\/product\/88311","targetHints":{"allow":["GET"]}}],"collection":[{"href":"https:\/\/www.raschvin.com\/sv\/wp-json\/wp\/v2\/product"}],"about":[{"href":"https:\/\/www.raschvin.com\/sv\/wp-json\/wp\/v2\/types\/product"}],"wp:featuredmedia":[{"embeddable":true,"href":"https:\/\/www.raschvin.com\/sv\/wp-json\/wp\/v2\/media\/88380"}],"wp:attachment":[{"href":"https:\/\/www.raschvin.com\/sv\/wp-json\/wp\/v2\/media?parent=88311"}],"wp:term":[{"taxonomy":"product_brand","embeddable":true,"href":"https:\/\/www.raschvin.com\/sv\/wp-json\/wp\/v2\/product_brand?post=88311"},{"taxonomy":"product_cat","embeddable":true,"href":"https:\/\/www.raschvin.com\/sv\/wp-json\/wp\/v2\/product_cat?post=88311"},{"taxonomy":"product_tag","embeddable":true,"href":"https:\/\/www.raschvin.com\/sv\/wp-json\/wp\/v2\/product_tag?post=88311"}],"curies":[{"name":"wp","href":"https:\/\/api.w.org\/{rel}","templated":true}]}}