{"id":88305,"date":"2025-05-06T20:12:59","date_gmt":"2025-05-06T18:12:59","guid":{"rendered":"https:\/\/www.raschvin.com\/produkt\/fanoe-sandloeber-hazy-new-england-ipa-50-cl-44\/"},"modified":"2025-05-06T20:12:59","modified_gmt":"2025-05-06T18:12:59","slug":"fanoe-sandloeber-hazy-new-england-ipa-50-cl-44","status":"publish","type":"product","link":"https:\/\/www.raschvin.com\/sv\/produkt\/fanoe-sandloeber-hazy-new-england-ipa-50-cl-44\/","title":{"rendered":"Fan\u00f8 Sandl\u00f8ber &#8211; Hazy New England IPA 50 cl. 4,4%"},"content":{"rendered":"<p>Fan\u00f8 Half \u00e4r ett snabbt v\u00e4xande halvmaraton som har skapat mycket uppm\u00e4rksamhet i l\u00f6parv\u00e4rlden. Kanske beror detta p\u00e5 loppets enkla filosofi: det handlar om hygge, bra kilometer i benen, h\u00e4rligt s\u00e4llskap, Fan\u00f8s vackra natur, massor av god mat \u2013 och \u00f6l! D\u00e4rf\u00f6r har vi bryggt en l\u00e4ttdrucken \u00f6l som en hyllning till alla loppets deltagare.<\/p>\n<p>Sandl\u00f8ber \u00e4r en uppfriskande Hazy NEIPA, med en h\u00e4rlig twist av citrus och en diskret eftersmak av tropiska stenfrukter.<\/p>\n<p>Malter: Pilsnermalt, torrifierad malt, vetemalt.<br \/>\nHumle: Citra, Simcoe, Vista, Idaho 7, Galaxy.<br \/>\nBryggd med: Havre.<br \/>\nArom: Saftiga tropiska frukter med ett inslag av citrus.<br \/>\nJ\u00e4st: Ale.<br \/>\nIngredienser: Vatten, byggmalt, vetemalt, torrifierad malt, humle, j\u00e4st, havre.<br \/>\nEnergi per 100 ml: 188 kJ\/45 kcal.<br \/>\nF\u00f6rvara p\u00e5 en m\u00f6rk och sval plats.<\/p>\n<p>Bryggd av: Fan\u00f8 Bryghus, Strandvejen 5, 6720 Fan\u00f8, Danmark. fanoebryghus.dk<\/p>\n","protected":false},"excerpt":{"rendered":"<p>Fan\u00f8 Bryghus \u2013 Denmark<\/p>\n","protected":false},"featured_media":88398,"template":"","meta":{"_acf_changed":false,"rs_blank_template":"","rs_page_bg_color":"","slide_template_v7":""},"product_brand":[],"product_cat":[2801,2802,2813],"product_tag":[],"class_list":{"0":"post-88305","1":"product","2":"type-product","3":"status-publish","4":"has-post-thumbnail","6":"product_cat-oel-sv","7":"product_cat-ale-sv","8":"product_cat-ipa-sv","9":"pa_champagne-type-ipa-sv","10":"pa_land-danmark-sv","11":"pa_procent-4-4-sv","12":"pa_producent-fanoe-bryghus-sv","13":"pa_region-fanoe-sv","14":"pa_serveringstemperatur-8-10-sv","15":"pa_volume-50-sv","17":"first","18":"instock","19":"taxable","20":"shipping-taxable","21":"purchasable","22":"product-type-simple"},"bundled_by":[],"bundle_stock_status":"instock","bundle_stock_quantity":null,"bundle_virtual":false,"bundle_layout":"","bundle_add_to_cart_form_location":"","bundle_editable_in_cart":false,"bundle_sold_individually_context":"","bundle_item_grouping":"","bundle_min_size":"","bundle_max_size":"","bundle_price":[],"bundled_items":[],"bundle_sell_ids":[],"acf":[],"_links":{"self":[{"href":"https:\/\/www.raschvin.com\/sv\/wp-json\/wp\/v2\/product\/88305","targetHints":{"allow":["GET"]}}],"collection":[{"href":"https:\/\/www.raschvin.com\/sv\/wp-json\/wp\/v2\/product"}],"about":[{"href":"https:\/\/www.raschvin.com\/sv\/wp-json\/wp\/v2\/types\/product"}],"wp:featuredmedia":[{"embeddable":true,"href":"https:\/\/www.raschvin.com\/sv\/wp-json\/wp\/v2\/media\/88398"}],"wp:attachment":[{"href":"https:\/\/www.raschvin.com\/sv\/wp-json\/wp\/v2\/media?parent=88305"}],"wp:term":[{"taxonomy":"product_brand","embeddable":true,"href":"https:\/\/www.raschvin.com\/sv\/wp-json\/wp\/v2\/product_brand?post=88305"},{"taxonomy":"product_cat","embeddable":true,"href":"https:\/\/www.raschvin.com\/sv\/wp-json\/wp\/v2\/product_cat?post=88305"},{"taxonomy":"product_tag","embeddable":true,"href":"https:\/\/www.raschvin.com\/sv\/wp-json\/wp\/v2\/product_tag?post=88305"}],"curies":[{"name":"wp","href":"https:\/\/api.w.org\/{rel}","templated":true}]}}