{"id":88296,"date":"2025-05-06T19:57:51","date_gmt":"2025-05-06T17:57:51","guid":{"rendered":"https:\/\/www.raschvin.com\/produkt\/fanoe-rav-lager-50-cl-46\/"},"modified":"2025-05-06T19:57:51","modified_gmt":"2025-05-06T17:57:51","slug":"fanoe-rav-lager-50-cl-46","status":"publish","type":"product","link":"https:\/\/www.raschvin.com\/sv\/produkt\/fanoe-rav-lager-50-cl-46\/","title":{"rendered":"Fan\u00f8 Rav  \u2013 Lager 50 cl. 4,6%"},"content":{"rendered":"<p>Fan\u00f8 Rav \u00e4r en gyllene, ofiltrerad lager\u00f6l fr\u00e5n det danska mikrobryggeriet Fan\u00f8 Bryghus. Med en alkoholhalt p\u00e5 4,6% bjuder denna \u00f6l p\u00e5 en ren, frisk och l\u00e4ttdrucken smakupplevelse.<\/p>\n<p>Bryggd med pilsnermalt och \u00e4dla humlesorter, erbjuder den en mild maltprofil balanserad med en beh\u00e4rskad beska. Den livliga kolsyran ger en sprudlande och uppfriskande avslutning.<\/p>\n<p>Namnet &#8221;Rav&#8221; (b\u00e4rnsten p\u00e5 danska) syftar p\u00e5 \u00f6lets gyllene f\u00e4rg, inspirerad av det rav som ofta hittas l\u00e4ngs Fan\u00f8s str\u00e4nder \u2013 ett naturligt och vackert symbol f\u00f6r \u00f6ns marina karakt\u00e4r.<\/p>\n<p>Fan\u00f8 Rav \u00e4r ett utm\u00e4rkt val f\u00f6r dem som uppskattar en klassisk lager med karakt\u00e4r, friskhet och en lokal pr\u00e4gel i b\u00e5de namn och smak.<\/p>\n","protected":false},"excerpt":{"rendered":"<p>Fan\u00f8 Bryghus \u2013 Denmark<\/p>\n","protected":false},"featured_media":88386,"template":"","meta":{"_acf_changed":false,"rs_blank_template":"","rs_page_bg_color":"","slide_template_v7":""},"product_brand":[],"product_cat":[7207,2801],"product_tag":[],"class_list":{"0":"post-88296","1":"product","2":"type-product","3":"status-publish","4":"has-post-thumbnail","6":"product_cat-lager-sv","7":"product_cat-oel-sv","8":"pa_champagne-type-lager-sv","9":"pa_land-danmark-sv","10":"pa_procent-4-6-sv","11":"pa_producent-fanoe-bryghus-sv","12":"pa_region-fanoe-sv","13":"pa_serveringstemperatur-8-10-sv","14":"pa_volume-50-sv","16":"first","17":"instock","18":"taxable","19":"shipping-taxable","20":"purchasable","21":"product-type-simple"},"bundled_by":[],"bundle_stock_status":"instock","bundle_stock_quantity":null,"bundle_virtual":false,"bundle_layout":"","bundle_add_to_cart_form_location":"","bundle_editable_in_cart":false,"bundle_sold_individually_context":"","bundle_item_grouping":"","bundle_min_size":"","bundle_max_size":"","bundle_price":[],"bundled_items":[],"bundle_sell_ids":[],"acf":[],"_links":{"self":[{"href":"https:\/\/www.raschvin.com\/sv\/wp-json\/wp\/v2\/product\/88296","targetHints":{"allow":["GET"]}}],"collection":[{"href":"https:\/\/www.raschvin.com\/sv\/wp-json\/wp\/v2\/product"}],"about":[{"href":"https:\/\/www.raschvin.com\/sv\/wp-json\/wp\/v2\/types\/product"}],"wp:featuredmedia":[{"embeddable":true,"href":"https:\/\/www.raschvin.com\/sv\/wp-json\/wp\/v2\/media\/88386"}],"wp:attachment":[{"href":"https:\/\/www.raschvin.com\/sv\/wp-json\/wp\/v2\/media?parent=88296"}],"wp:term":[{"taxonomy":"product_brand","embeddable":true,"href":"https:\/\/www.raschvin.com\/sv\/wp-json\/wp\/v2\/product_brand?post=88296"},{"taxonomy":"product_cat","embeddable":true,"href":"https:\/\/www.raschvin.com\/sv\/wp-json\/wp\/v2\/product_cat?post=88296"},{"taxonomy":"product_tag","embeddable":true,"href":"https:\/\/www.raschvin.com\/sv\/wp-json\/wp\/v2\/product_tag?post=88296"}],"curies":[{"name":"wp","href":"https:\/\/api.w.org\/{rel}","templated":true}]}}