{"id":88292,"date":"2025-05-06T19:51:16","date_gmt":"2025-05-06T17:51:16","guid":{"rendered":"https:\/\/www.raschvin.com\/produkt\/fanoe-its-always-sunny-on-fanoe-ipa-50-cl-6\/"},"modified":"2025-05-06T19:51:16","modified_gmt":"2025-05-06T17:51:16","slug":"fanoe-its-always-sunny-on-fanoe-ipa-50-cl-6","status":"publish","type":"product","link":"https:\/\/www.raschvin.com\/sv\/produkt\/fanoe-its-always-sunny-on-fanoe-ipa-50-cl-6\/","title":{"rendered":"Fan\u00f8 Its Always Sunny on Fan\u00f8  \u2013 IPA 50 cl. 6%"},"content":{"rendered":"<p>Fan\u00f8 It&#8217;s Always Sunny on Fan\u00f8 \u00e4r en uppfriskande och fruktig New England IPA fr\u00e5n det danska mikrobryggeriet Fan\u00f8 Bryghus. Med en alkoholhalt p\u00e5 6,0 % och en l\u00e5g beska p\u00e5 25 IBU bjuder \u00f6let p\u00e5 en mjuk och saftig smakupplevelse, perfekt f\u00f6r sommardagar.<\/p>\n<p>Bryggd med humlesorterna Huell Melon, Amarillo, Citra, Galaxy och Simcoe, levererar den tydliga toner av tropiska frukter och citrus. Maltnotan best\u00e5r av pilsnermalt, torrefierat vete och vanligt vete, vilket bidrar till \u00f6lets fyllighet och l\u00e4tt disiga utseende \u2013 typiskt f\u00f6r stilen.<\/p>\n<p>Fan\u00f8 It&#8217;s Always Sunny on Fan\u00f8 \u00e4r ett utm\u00e4rkt val f\u00f6r den som gillar hazy IPA med mycket fruktsmak och l\u00e4ttdrucken karakt\u00e4r. Det \u00e4r ett fint exempel p\u00e5 Fan\u00f8 Bryghus skicklighet i att f\u00f6rena hantverk med kreativ smaks\u00e4ttning, inspirerat av livet och naturen p\u00e5 den v\u00e4stjyll\u00e4ndska \u00f6n.<\/p>\n","protected":false},"excerpt":{"rendered":"<p>Fan\u00f8 Bryghus \u2013 Denmark<\/p>\n","protected":false},"featured_media":88334,"template":"","meta":{"_acf_changed":false,"rs_blank_template":"","rs_page_bg_color":"","slide_template_v7":""},"product_brand":[],"product_cat":[2801,2802,2813],"product_tag":[],"class_list":{"0":"post-88292","1":"product","2":"type-product","3":"status-publish","4":"has-post-thumbnail","6":"product_cat-oel-sv","7":"product_cat-ale-sv","8":"product_cat-ipa-sv","9":"pa_champagne-type-ipa-sv","10":"pa_land-danmark-sv","11":"pa_procent-6-sv","12":"pa_producent-fanoe-bryghus-sv","13":"pa_region-fanoe-sv","14":"pa_serveringstemperatur-8-10-sv","15":"pa_volume-50-sv","17":"first","18":"instock","19":"taxable","20":"shipping-taxable","21":"purchasable","22":"product-type-simple"},"bundled_by":[],"bundle_stock_status":"instock","bundle_stock_quantity":null,"bundle_virtual":false,"bundle_layout":"","bundle_add_to_cart_form_location":"","bundle_editable_in_cart":false,"bundle_sold_individually_context":"","bundle_item_grouping":"","bundle_min_size":"","bundle_max_size":"","bundle_price":[],"bundled_items":[],"bundle_sell_ids":[],"acf":[],"_links":{"self":[{"href":"https:\/\/www.raschvin.com\/sv\/wp-json\/wp\/v2\/product\/88292","targetHints":{"allow":["GET"]}}],"collection":[{"href":"https:\/\/www.raschvin.com\/sv\/wp-json\/wp\/v2\/product"}],"about":[{"href":"https:\/\/www.raschvin.com\/sv\/wp-json\/wp\/v2\/types\/product"}],"wp:featuredmedia":[{"embeddable":true,"href":"https:\/\/www.raschvin.com\/sv\/wp-json\/wp\/v2\/media\/88334"}],"wp:attachment":[{"href":"https:\/\/www.raschvin.com\/sv\/wp-json\/wp\/v2\/media?parent=88292"}],"wp:term":[{"taxonomy":"product_brand","embeddable":true,"href":"https:\/\/www.raschvin.com\/sv\/wp-json\/wp\/v2\/product_brand?post=88292"},{"taxonomy":"product_cat","embeddable":true,"href":"https:\/\/www.raschvin.com\/sv\/wp-json\/wp\/v2\/product_cat?post=88292"},{"taxonomy":"product_tag","embeddable":true,"href":"https:\/\/www.raschvin.com\/sv\/wp-json\/wp\/v2\/product_tag?post=88292"}],"curies":[{"name":"wp","href":"https:\/\/api.w.org\/{rel}","templated":true}]}}