{"id":88288,"date":"2025-05-06T19:44:00","date_gmt":"2025-05-06T17:44:00","guid":{"rendered":"https:\/\/www.raschvin.com\/produkt\/st-bernardus-prior-8-ale-75-cl-10\/"},"modified":"2025-05-06T19:44:00","modified_gmt":"2025-05-06T17:44:00","slug":"st-bernardus-prior-8-ale-75-cl-10","status":"publish","type":"product","link":"https:\/\/www.raschvin.com\/sv\/produkt\/st-bernardus-prior-8-ale-75-cl-10\/","title":{"rendered":"St. Bernardus Prior 8 Ale 75 cl 10%"},"content":{"rendered":"<p>St. Bernardus Prior 8 \u00e4r en traditionell belgisk kloster\u00f6l bryggd i klassisk dubbel-stil. Med en alkoholhalt p\u00e5 8\u202f% och en beska (IBU) p\u00e5 20 balanserar den eleganta fyllighet och komplexitet. \u00d6len har en kastanjebrun f\u00e4rg med ett djupt r\u00f6daktigt skimmer och toppas av ett kr\u00e4migt, h\u00e5llbart skum.<\/p>\n<p>Aromen bjuder p\u00e5 en blandning av mogna frukter som r\u00f6da \u00e4pplen, fikon och dadlar, i kombination med subtila kryddiga toner. Smaken \u00e4r rik och avrundad med en behaglig s\u00f6tma fr\u00e5n karamelliserad malt, som harmonierar med en l\u00e4tt rostad eftersmak och en d\u00e4mpad beska.<\/p>\n<p>Den m\u00e5ttliga IBU p\u00e5 20 s\u00e4kerst\u00e4ller en mjuk och balanserad smakupplevelse d\u00e4r s\u00f6tman och maltsmakerna f\u00e5r dominera utan att ta \u00f6verhanden. St. Bernardus Prior 8 passar utm\u00e4rkt till kraftiga r\u00e4tter som grytor, vilt och ost, men kan \u00e4ven njutas p\u00e5 egen hand som en meditativ dryck.<\/p>\n<p>Denna dubbel ing\u00e5r i St. Bernardus historiska sortiment, baserat p\u00e5 autentiska trappistrecept fr\u00e5n munkarna i Westvleteren. Med sin komplexa men l\u00e4ttillg\u00e4ngliga profil tilltalar den b\u00e5de erfarna \u00f6lk\u00e4nnare och nyfikna utforskare av belgisk bryggkonst.<\/p>\n","protected":false},"excerpt":{"rendered":"<p>Belgian abbey Beer<\/p>\n","protected":false},"featured_media":88434,"template":"","meta":{"_acf_changed":false,"rs_blank_template":"","rs_page_bg_color":"","slide_template_v7":""},"product_brand":[],"product_cat":[7174,7220,2801],"product_tag":[],"class_list":{"0":"post-88288","1":"product","2":"type-product","3":"status-publish","4":"has-post-thumbnail","6":"product_cat-andra-ol","7":"product_cat-trappist-ol","8":"product_cat-oel-sv","9":"pa_land-belgien-sv","10":"pa_procent-8-sv","11":"pa_producent-brouwerij-st-bernardus-sv","12":"pa_volume-75-sv","14":"first","15":"instock","16":"taxable","17":"shipping-taxable","18":"purchasable","19":"product-type-simple"},"bundled_by":[],"bundle_stock_status":"instock","bundle_stock_quantity":null,"bundle_virtual":false,"bundle_layout":"","bundle_add_to_cart_form_location":"","bundle_editable_in_cart":false,"bundle_sold_individually_context":"","bundle_item_grouping":"","bundle_min_size":"","bundle_max_size":"","bundle_price":[],"bundled_items":[],"bundle_sell_ids":[],"acf":[],"_links":{"self":[{"href":"https:\/\/www.raschvin.com\/sv\/wp-json\/wp\/v2\/product\/88288","targetHints":{"allow":["GET"]}}],"collection":[{"href":"https:\/\/www.raschvin.com\/sv\/wp-json\/wp\/v2\/product"}],"about":[{"href":"https:\/\/www.raschvin.com\/sv\/wp-json\/wp\/v2\/types\/product"}],"wp:featuredmedia":[{"embeddable":true,"href":"https:\/\/www.raschvin.com\/sv\/wp-json\/wp\/v2\/media\/88434"}],"wp:attachment":[{"href":"https:\/\/www.raschvin.com\/sv\/wp-json\/wp\/v2\/media?parent=88288"}],"wp:term":[{"taxonomy":"product_brand","embeddable":true,"href":"https:\/\/www.raschvin.com\/sv\/wp-json\/wp\/v2\/product_brand?post=88288"},{"taxonomy":"product_cat","embeddable":true,"href":"https:\/\/www.raschvin.com\/sv\/wp-json\/wp\/v2\/product_cat?post=88288"},{"taxonomy":"product_tag","embeddable":true,"href":"https:\/\/www.raschvin.com\/sv\/wp-json\/wp\/v2\/product_tag?post=88288"}],"curies":[{"name":"wp","href":"https:\/\/api.w.org\/{rel}","templated":true}]}}