{"id":88270,"date":"2025-05-06T18:39:15","date_gmt":"2025-05-06T16:39:15","guid":{"rendered":"https:\/\/www.raschvin.com\/produkt\/kirk-and-sweeney-rum-gran-reserva-superior-70-cl-40\/"},"modified":"2025-05-06T18:39:15","modified_gmt":"2025-05-06T16:39:15","slug":"kirk-and-sweeney-rum-gran-reserva-superior-70-cl-40","status":"publish","type":"product","link":"https:\/\/www.raschvin.com\/sv\/produkt\/kirk-and-sweeney-rum-gran-reserva-superior-70-cl-40\/","title":{"rendered":"Kirk and Sweeney Rum &#8211; Gran Reserva Superior 70 cl. 40%"},"content":{"rendered":"<p>Kirk and Sweeney Gran Reserva Superior \u00e4r en exklusiv rom fr\u00e5n Dominikanska republiken, skapad f\u00f6r finsmakare som uppskattar djup, komplexitet och historia i varje droppe. Namnet kommer fr\u00e5n en ber\u00f6md tr\u00e4skonare som smugglade rom till USA under f\u00f6rbudstiden \u2013 en ber\u00e4ttelse som speglas i flaskans karakt\u00e4r och hantverk.<\/p>\n<p>Smakprofil<br \/>\nDenna rom har en djup mahognyf\u00e4rg med inslag av koppar. Doften bjuder p\u00e5 toner av torkad frukt, nybakat, karamelliserat socker, honung, mandel och vanilj. Smaken \u00e4r mjuk och s\u00f6t med inslag av vanilj, tr\u00e4, n\u00f6tter, choklad och torkad frukt. Eftersmaken \u00e4r l\u00e5ng och elegant med nyanser av karamell, sherry samt en v\u00e4lbalanserad blandning av mandel och vanilj.<\/p>\n<p>Lagring och tillverkning<br \/>\nRommen tillverkas av melass fr\u00e5n sockerr\u00f6r och destilleras i Santiago de los Caballeros i Dominikanska republiken. Den lagras i upp till 23 \u00e5r p\u00e5 amerikanska ekfat enligt Solera-metoden, vilket ger en rik och komplex smakprofil.<\/p>\n<p>Producenten<br \/>\nKirk and Sweeney \u00e4r ett varum\u00e4rke under 3 Badge Beverage Corporation, ett f\u00f6retag som \u00e4r k\u00e4nt f\u00f6r att producera h\u00f6gkvalitativ sprit med starka historiska ber\u00e4ttelser. Namnet \u201dKirk and Sweeney\u201d kommer fr\u00e5n en skonare som anv\u00e4ndes f\u00f6r att smuggla rom fr\u00e5n Karibien till USA under f\u00f6rbudstiden. Fartyget beslagtogs 1924 och anv\u00e4ndes d\u00e4refter av USA:s kustbevakning.<\/p>\n<p>Utm\u00e4rkelser<br \/>\n97\/100 po\u00e4ng fr\u00e5n The Tasting Panel<br \/>\nSilvermedalj fr\u00e5n Cigar &#038; Spirits Journal, 2016<br \/>\nUtsedd till en av \u201dTop 100 Spirits of 2017\u201d av The Wine Enthusiast<br \/>\nKirk and Sweeney Gran Reserva Superior \u00e4r en rom som f\u00f6renar tradition, kvalitet och historia \u2013 en perfekt g\u00e5va eller ett exklusivt tillskott till din egen samling.<\/p>\n","protected":false},"excerpt":{"rendered":"<p>Dominican Rum<\/p>\n","protected":false},"featured_media":88419,"template":"","meta":{"_acf_changed":false,"rs_blank_template":"","rs_page_bg_color":"","slide_template_v7":""},"product_brand":[],"product_cat":[2387,4634,2391],"product_tag":[],"class_list":{"0":"post-88270","1":"product","2":"type-product","3":"status-publish","4":"has-post-thumbnail","6":"product_cat-avec-sv","7":"product_cat-premium-aged-sv","8":"product_cat-rom-sv","9":"pa_land-dominikanska-republiken","10":"pa_procent-40-sv-2","11":"pa_producent-j-armando-bermudez-co-sv","12":"pa_volume-70-sv-2","14":"first","15":"instock","16":"sale","17":"taxable","18":"shipping-taxable","19":"purchasable","20":"product-type-simple"},"bundled_by":[],"bundle_stock_status":"instock","bundle_stock_quantity":null,"bundle_virtual":false,"bundle_layout":"","bundle_add_to_cart_form_location":"","bundle_editable_in_cart":false,"bundle_sold_individually_context":"","bundle_item_grouping":"","bundle_min_size":"","bundle_max_size":"","bundle_price":[],"bundled_items":[],"bundle_sell_ids":[],"acf":[],"_links":{"self":[{"href":"https:\/\/www.raschvin.com\/sv\/wp-json\/wp\/v2\/product\/88270","targetHints":{"allow":["GET"]}}],"collection":[{"href":"https:\/\/www.raschvin.com\/sv\/wp-json\/wp\/v2\/product"}],"about":[{"href":"https:\/\/www.raschvin.com\/sv\/wp-json\/wp\/v2\/types\/product"}],"wp:featuredmedia":[{"embeddable":true,"href":"https:\/\/www.raschvin.com\/sv\/wp-json\/wp\/v2\/media\/88419"}],"wp:attachment":[{"href":"https:\/\/www.raschvin.com\/sv\/wp-json\/wp\/v2\/media?parent=88270"}],"wp:term":[{"taxonomy":"product_brand","embeddable":true,"href":"https:\/\/www.raschvin.com\/sv\/wp-json\/wp\/v2\/product_brand?post=88270"},{"taxonomy":"product_cat","embeddable":true,"href":"https:\/\/www.raschvin.com\/sv\/wp-json\/wp\/v2\/product_cat?post=88270"},{"taxonomy":"product_tag","embeddable":true,"href":"https:\/\/www.raschvin.com\/sv\/wp-json\/wp\/v2\/product_tag?post=88270"}],"curies":[{"name":"wp","href":"https:\/\/api.w.org\/{rel}","templated":true}]}}