{"id":87986,"date":"2025-05-01T07:39:58","date_gmt":"2025-05-01T05:39:58","guid":{"rendered":"https:\/\/www.raschvin.com\/produkt\/rambla-born-rose-eco-75-cl-2024\/"},"modified":"2026-02-03T14:12:38","modified_gmt":"2026-02-03T13:12:38","slug":"rambla-born-rose-eco-75-cl-2024","status":"publish","type":"product","link":"https:\/\/www.raschvin.com\/sv\/produkt\/rambla-born-rose-eco-75-cl-2024\/","title":{"rendered":"Rambla Born Ros\u00e9 (ECO) 2024 75 cl."},"content":{"rendered":"<p>\ud83c\udf38 Rambla Born Ros\u00e9 2024 \u2013 Ekologisk ros\u00e9 med medelhavssj\u00e4l<br \/>\nRambla Born Ros\u00e9 2024 \u00e4r ett elegant och friskt ros\u00e9vin fr\u00e5n Pened\u00e8s-regionen i Spanien, skapat av det kvinnliga teamet bakom Born Ros\u00e9 Barcelona. Vinet \u00e4r gjort p\u00e5 60 % Garnacha (Grenache) och 40 % Tempranillo fr\u00e5n ekologiska odlingar och har j\u00e4sts i rostfria st\u00e5ltankar f\u00f6r att bevara druvornas naturliga friskhet och arom.<\/p>\n<p>\ud83c\udf77 Smakprofil<br \/>\nF\u00e4rg: Mycket ljus ros\u00e9 med bl\u00e5aktiga skiftningar.<br \/>\nDoft: Fr\u00e4scha toner av citrusfrukter som grapefrukt och mandarin, tropiska inslag av ananas och mango, samt blommiga nyanser av jasmin och f\u00e4rska \u00f6rter som timjan och mynta.<br \/>\nSmak: Torr och frisk med fin syra som sm\u00e4lter samman elegant och l\u00e4mnar en l\u00e5ng och ih\u00e5llande eftersmak.<\/p>\n<p>\ud83c\udf7d\ufe0f Matmatchning<br \/>\nDet h\u00e4r ros\u00e9vinet passar perfekt till medelhavsr\u00e4tter som sallader, grillade gr\u00f6nsaker, bl\u00e5 fisk och skaldjur. Det \u00e4r ocks\u00e5 utm\u00e4rkt som aperitif och en fin f\u00f6ljeslagare till tapas och sushi.<\/p>\n<p>\ud83c\udfc5 Utm\u00e4rkelser<\/p>\n<p>Silvermedalj vid Decanter World Wine Awards 2023<br \/>\nBronsmedalj vid The Drinks Business 2023<br \/>\nBronsmedalj vid The London Wine Competition 2023<br \/>\nRambla Born Ros\u00e9 2024 \u00e4r mer \u00e4n bara ett vin \u2013 det \u00e4r en livsstil inspirerad av Barcelonas pulserande energi och Medelhavets charm. Perfekt att njuta av p\u00e5 terrassen, vid stranden eller i gott s\u00e4llskap.<\/p>\n<p>Om Born Ros\u00e9<br \/>\nBorn Ros\u00e9 best\u00e5r av en grupp kvinnor fr\u00e5n Barcelona som brinner f\u00f6r ros\u00e9vin. S\u00e5 mycket att de har satsat all sin k\u00e4rlek, energi och sina besparingar p\u00e5 projektet Born Ros\u00e9. Alla viner \u00e4r 100 % ekologiska, l\u00e4tta, friska, torra och med l\u00e5g alkoholhalt.<\/p>\n<p>Born Ros\u00e9 har inte funnits l\u00e4nge p\u00e5 marknaden men har redan hunnit vinna flera utm\u00e4rkelser.<\/p>\n","protected":false},"excerpt":{"rendered":"<p>Barcelona &#8211; Spain<\/p>\n","protected":false},"featured_media":88001,"template":"","meta":{"_acf_changed":false,"rs_blank_template":"","rs_page_bg_color":"","slide_template_v7":""},"product_brand":[],"product_cat":[2788,2796],"product_tag":[],"class_list":{"0":"post-87986","1":"product","2":"type-product","3":"status-publish","4":"has-post-thumbnail","6":"product_cat-vin-sv","7":"product_cat-rosevin-sv","8":"pa_aargang-2024-sv","9":"pa_drue-tempranillo-sv","10":"pa_drue-black-grenache-sv","11":"pa_land-spanien-sv","12":"pa_oekologisk-yes-sv","13":"pa_procent-12-sv","14":"pa_producent-born-rose-sv","15":"pa_region-barcelona-sv","16":"pa_serveringstemperatur-8-10-sv","17":"pa_volume-75-sv","19":"first","20":"instock","21":"taxable","22":"shipping-taxable","23":"purchasable","24":"product-type-simple"},"bundled_by":[],"bundle_stock_status":"instock","bundle_stock_quantity":null,"bundle_virtual":false,"bundle_layout":"","bundle_add_to_cart_form_location":"","bundle_editable_in_cart":false,"bundle_sold_individually_context":"","bundle_item_grouping":"","bundle_min_size":"","bundle_max_size":"","bundle_price":[],"bundled_items":[],"bundle_sell_ids":[],"acf":[],"_links":{"self":[{"href":"https:\/\/www.raschvin.com\/sv\/wp-json\/wp\/v2\/product\/87986","targetHints":{"allow":["GET"]}}],"collection":[{"href":"https:\/\/www.raschvin.com\/sv\/wp-json\/wp\/v2\/product"}],"about":[{"href":"https:\/\/www.raschvin.com\/sv\/wp-json\/wp\/v2\/types\/product"}],"wp:featuredmedia":[{"embeddable":true,"href":"https:\/\/www.raschvin.com\/sv\/wp-json\/wp\/v2\/media\/88001"}],"wp:attachment":[{"href":"https:\/\/www.raschvin.com\/sv\/wp-json\/wp\/v2\/media?parent=87986"}],"wp:term":[{"taxonomy":"product_brand","embeddable":true,"href":"https:\/\/www.raschvin.com\/sv\/wp-json\/wp\/v2\/product_brand?post=87986"},{"taxonomy":"product_cat","embeddable":true,"href":"https:\/\/www.raschvin.com\/sv\/wp-json\/wp\/v2\/product_cat?post=87986"},{"taxonomy":"product_tag","embeddable":true,"href":"https:\/\/www.raschvin.com\/sv\/wp-json\/wp\/v2\/product_tag?post=87986"}],"curies":[{"name":"wp","href":"https:\/\/api.w.org\/{rel}","templated":true}]}}