{"id":87942,"date":"2025-04-30T17:48:38","date_gmt":"2025-04-30T15:48:38","guid":{"rendered":"https:\/\/www.raschvin.com\/produkt\/cognac-pierre-ferrand-double-cask-px-finish-1er-cru-70-cl-423\/"},"modified":"2025-04-30T17:48:38","modified_gmt":"2025-04-30T15:48:38","slug":"cognac-pierre-ferrand-double-cask-px-finish-1er-cru-70-cl-423","status":"publish","type":"product","link":"https:\/\/www.raschvin.com\/sv\/produkt\/cognac-pierre-ferrand-double-cask-px-finish-1er-cru-70-cl-423\/","title":{"rendered":"Cognac Pierre Ferrand &#8211; Double Cask PX Finish 1er Cru 70 cl. 42,3%"},"content":{"rendered":"<p>Double Cask \u00e4r ett nytt tillskott i Ferrand Cognacs portf\u00f6lj. Den \u00e4r delvis lagrad p\u00e5 fat som tidigare inneh\u00e5llit Pedro Xim\u00e9nez-sherry \u2013 n\u00e5got som \u00e4r minst sagt ovanligt i Cognac-v\u00e4rlden, men resultatet talar f\u00f6r sig sj\u00e4lvt. Double Cask har snabbt blivit en av v\u00e5ra favoriter fr\u00e5n Ferrand!<\/p>\n<p>Det \u00e4r en blandning av flera cognacer med olika \u00e5ldrar \u2013 de flesta mellan 7 och 10 \u00e5r gamla, men inneh\u00e5ller \u00e4ven sprit som \u00e4r upp till 20 \u00e5r. Den \u00e4ldre cognacen bidrar med djup och komplexitet, och \u00e4ven en liten andel g\u00f6r stor skillnad i blandningen.<\/p>\n<p>Double Cask buteljeras dessutom vid en n\u00e5got h\u00f6gre alkoholhalt: 42,3 %.<\/p>\n<p>F\u00e4rg: B\u00e4rnsten<br \/>\nDoft: Frukten st\u00e5r i centrum, med inslag av karamell, kryddor, l\u00e4der, f\u00e4rsk frukt samt torkad frukt som russin, fikon och katrinplommon. En ren njutning att dofta p\u00e5!<br \/>\nSmak: Underbart s\u00f6t, rund och mjuk. V\u00e4rmande kryddor, valn\u00f6t, choklad, nougat och rikligt med russin.<\/p>\n<p>Serveringsf\u00f6rslag: Avnjuts b\u00e4st som den \u00e4r \u2013 ren.<\/p>\n","protected":false},"excerpt":{"rendered":"<p>Cognac Grand Champagne de France \u2013 Maison Ferrand<\/p>\n","protected":false},"featured_media":87947,"template":"","meta":{"_acf_changed":false,"rs_blank_template":"","rs_page_bg_color":"","slide_template_v7":""},"product_brand":[],"product_cat":[2387,2389,4600],"product_tag":[],"class_list":{"0":"post-87942","1":"product","2":"type-product","3":"status-publish","4":"has-post-thumbnail","6":"product_cat-avec-sv","7":"product_cat-cognac-sv","8":"product_cat-x-o-sv","9":"pa_land-frankrike","10":"pa_procent-42-3-sv","11":"pa_producent-maison-ferrand-sv","12":"pa_region-cognac-sv","13":"pa_volume-70-sv-2","15":"first","16":"instock","17":"sale","18":"taxable","19":"shipping-taxable","20":"purchasable","21":"product-type-simple"},"bundled_by":[],"bundle_stock_status":"instock","bundle_stock_quantity":null,"bundle_virtual":false,"bundle_layout":"","bundle_add_to_cart_form_location":"","bundle_editable_in_cart":false,"bundle_sold_individually_context":"","bundle_item_grouping":"","bundle_min_size":"","bundle_max_size":"","bundle_price":[],"bundled_items":[],"bundle_sell_ids":[],"acf":[],"_links":{"self":[{"href":"https:\/\/www.raschvin.com\/sv\/wp-json\/wp\/v2\/product\/87942","targetHints":{"allow":["GET"]}}],"collection":[{"href":"https:\/\/www.raschvin.com\/sv\/wp-json\/wp\/v2\/product"}],"about":[{"href":"https:\/\/www.raschvin.com\/sv\/wp-json\/wp\/v2\/types\/product"}],"wp:featuredmedia":[{"embeddable":true,"href":"https:\/\/www.raschvin.com\/sv\/wp-json\/wp\/v2\/media\/87947"}],"wp:attachment":[{"href":"https:\/\/www.raschvin.com\/sv\/wp-json\/wp\/v2\/media?parent=87942"}],"wp:term":[{"taxonomy":"product_brand","embeddable":true,"href":"https:\/\/www.raschvin.com\/sv\/wp-json\/wp\/v2\/product_brand?post=87942"},{"taxonomy":"product_cat","embeddable":true,"href":"https:\/\/www.raschvin.com\/sv\/wp-json\/wp\/v2\/product_cat?post=87942"},{"taxonomy":"product_tag","embeddable":true,"href":"https:\/\/www.raschvin.com\/sv\/wp-json\/wp\/v2\/product_tag?post=87942"}],"curies":[{"name":"wp","href":"https:\/\/api.w.org\/{rel}","templated":true}]}}