{"id":87745,"date":"2025-04-26T07:22:41","date_gmt":"2025-04-26T05:22:41","guid":{"rendered":"https:\/\/www.raschvin.com\/produkt\/moet-chandon-ice-imperial-rose-demi-sec-75-cl\/"},"modified":"2025-04-26T07:22:41","modified_gmt":"2025-04-26T05:22:41","slug":"moet-chandon-ice-imperial-rose-demi-sec-75-cl","status":"publish","type":"product","link":"https:\/\/www.raschvin.com\/sv\/produkt\/moet-chandon-ice-imperial-rose-demi-sec-75-cl\/","title":{"rendered":"Mo\u00ebt &#038; Chandon Ice Imperial Ros\u00e9 Demi-Sec 75 cl."},"content":{"rendered":"<p>Champagnen har en s\u00f6t och frisk bouquet med toner av r\u00f6da b\u00e4r, inslag av sommarfrukter som fikon och nektariner, samt en underton av grenadin. Den s\u00f6ta b\u00e4rsmaken utvecklas och blir l\u00e4ttare i glaset, medan en harmonisk balans mellan fruktighet och friskhet tr\u00e4der fram. Smaken rundas av med en livlig ton av rosa grapefrukt.<\/p>\n<p>Mo\u00ebt &#038; Chandon ICE Imp\u00e9rial Ros\u00e9 ska, trots traditionen, serveras med is \u2013 och utmanar d\u00e4rmed den klassiska champagneupplevelsen som vi k\u00e4nner den. Denna friska ros\u00e9champagne \u00e4r den f\u00f6rsta och enda ros\u00e9n som \u00e4r s\u00e4rskilt framtagen f\u00f6r att avnjutas \u00f6ver is.<\/p>\n<p>Tillverkad av 45\u201355 % Pinot Noir (varav 10 % r\u00f6dvin), 35\u201345 % Pinot Meunier och 10 % Chardonnay.<\/p>\n<p>Om Mo\u00ebt Hennessy<br \/>\nMo\u00ebt &#038; Chandon \u00e4r kanske v\u00e4rldens mest k\u00e4nda champagneproducent och har varit det i \u00f6ver 270 \u00e5r. I mer \u00e4n ett kvarts \u00e5rtusende har deras gyllene bubblor kittlat smakl\u00f6kar v\u00e4rlden \u00f6ver. Sj\u00e4lva namnet andas kvalitet, framg\u00e5ng och elegans som f\u00e5 andra. Det var Jean-Remy Mo\u00ebt, grundaren Claude Mo\u00ebts barnbarn, som p\u00e5 allvar presenterade champagnen f\u00f6r omv\u00e4rlden i slutet av 1700-talet. D\u00e5tidens k\u00e4ndisar och makthavare \u2013 som Madame de Pompadour, den \u00f6k\u00e4nde Talleyrand och till och med kejsar Napoleon sj\u00e4lv \u2013 f\u00f6r\u00e4lskade sig i husets champagne. Med s\u00e5dana rekommendationer \u00e4r det kanske inte s\u00e5 konstigt att Mo\u00ebt &#038; Chandon i dag \u00e4r n\u00e4stintill synonymt med kvalitet.<\/p>\n","protected":false},"excerpt":{"rendered":"<p>Classic Champgane de France<\/p>\n","protected":false},"featured_media":87734,"template":"","meta":{"_acf_changed":false,"rs_blank_template":"","rs_page_bg_color":"","slide_template_v7":""},"product_brand":[],"product_cat":[2747,2745],"product_tag":[],"class_list":{"0":"post-87745","1":"product","2":"type-product","3":"status-publish","4":"has-post-thumbnail","6":"product_cat-non-vintage-sv","7":"product_cat-champagne-sv","8":"pa_drue-chardonnay-sv","9":"pa_drue-pinot-meunier-sv","10":"pa_drue-pinot-noir-sv","11":"pa_land-frankrike","12":"pa_procent-12-sv","13":"pa_producent-moet-hennessy-sv","14":"pa_region-champagne-sv","15":"pa_serveringstemperatur-8-10-sv","16":"pa_vintage-none-vintage-nv-sv","17":"pa_volume-75-sv","19":"first","20":"instock","21":"taxable","22":"shipping-taxable","23":"purchasable","24":"product-type-simple"},"bundled_by":[],"bundle_stock_status":"instock","bundle_stock_quantity":null,"bundle_virtual":false,"bundle_layout":"","bundle_add_to_cart_form_location":"","bundle_editable_in_cart":false,"bundle_sold_individually_context":"","bundle_item_grouping":"","bundle_min_size":"","bundle_max_size":"","bundle_price":[],"bundled_items":[],"bundle_sell_ids":[],"acf":[],"_links":{"self":[{"href":"https:\/\/www.raschvin.com\/sv\/wp-json\/wp\/v2\/product\/87745","targetHints":{"allow":["GET"]}}],"collection":[{"href":"https:\/\/www.raschvin.com\/sv\/wp-json\/wp\/v2\/product"}],"about":[{"href":"https:\/\/www.raschvin.com\/sv\/wp-json\/wp\/v2\/types\/product"}],"wp:featuredmedia":[{"embeddable":true,"href":"https:\/\/www.raschvin.com\/sv\/wp-json\/wp\/v2\/media\/87734"}],"wp:attachment":[{"href":"https:\/\/www.raschvin.com\/sv\/wp-json\/wp\/v2\/media?parent=87745"}],"wp:term":[{"taxonomy":"product_brand","embeddable":true,"href":"https:\/\/www.raschvin.com\/sv\/wp-json\/wp\/v2\/product_brand?post=87745"},{"taxonomy":"product_cat","embeddable":true,"href":"https:\/\/www.raschvin.com\/sv\/wp-json\/wp\/v2\/product_cat?post=87745"},{"taxonomy":"product_tag","embeddable":true,"href":"https:\/\/www.raschvin.com\/sv\/wp-json\/wp\/v2\/product_tag?post=87745"}],"curies":[{"name":"wp","href":"https:\/\/api.w.org\/{rel}","templated":true}]}}