{"id":87617,"date":"2025-04-25T08:34:43","date_gmt":"2025-04-25T06:34:43","guid":{"rendered":"https:\/\/www.raschvin.com\/produkt\/krabask-bitter-50-cl-36\/"},"modified":"2025-04-25T08:34:43","modified_gmt":"2025-04-25T06:34:43","slug":"krabask-bitter-50-cl-36","status":"publish","type":"product","link":"https:\/\/www.raschvin.com\/sv\/produkt\/krabask-bitter-50-cl-36\/","title":{"rendered":"Krabask Bitter 50 cl. 36%"},"content":{"rendered":"<p>Krabask Bitter \u00e4r en dansk bitter som produceras av Vinhuset Norden. Den tillverkas enligt ett hemligt recept som inneh\u00e5ller \u00f6ver 30 olika \u00f6rter och kryddor, d\u00e4ribland paradiskorn, koriander, bockhornskl\u00f6ver, saffran och lakritsrot.<\/p>\n<p>Krabask Bitter \u00e4r k\u00e4nd f\u00f6r sin fylliga och komplexa smak, d\u00e4r de m\u00e5nga \u00f6rterna och kryddorna skapar en harmonisk balans mellan bittra och s\u00f6ta toner.<\/p>\n","protected":false},"excerpt":{"rendered":"<p>Danish Bitter<\/p>\n","protected":false},"featured_media":87626,"template":"","meta":{"_acf_changed":false,"rs_blank_template":"","rs_page_bg_color":"","slide_template_v7":""},"product_brand":[],"product_cat":[2743,2394],"product_tag":[],"class_list":{"0":"post-87617","1":"product","2":"type-product","3":"status-publish","4":"has-post-thumbnail","6":"product_cat-brannvin-sv","7":"product_cat-bitter-sv","8":"pa_land-danmark-sv","9":"pa_procent-36-sv","10":"pa_producent-dalibra-sv","11":"pa_volume-50-sv","13":"first","14":"outofstock","15":"taxable","16":"shipping-taxable","17":"purchasable","18":"product-type-simple"},"bundled_by":[],"bundle_stock_status":"outofstock","bundle_stock_quantity":null,"bundle_virtual":false,"bundle_layout":"","bundle_add_to_cart_form_location":"","bundle_editable_in_cart":false,"bundle_sold_individually_context":"","bundle_item_grouping":"","bundle_min_size":"","bundle_max_size":"","bundle_price":[],"bundled_items":[],"bundle_sell_ids":[],"acf":[],"_links":{"self":[{"href":"https:\/\/www.raschvin.com\/sv\/wp-json\/wp\/v2\/product\/87617","targetHints":{"allow":["GET"]}}],"collection":[{"href":"https:\/\/www.raschvin.com\/sv\/wp-json\/wp\/v2\/product"}],"about":[{"href":"https:\/\/www.raschvin.com\/sv\/wp-json\/wp\/v2\/types\/product"}],"wp:featuredmedia":[{"embeddable":true,"href":"https:\/\/www.raschvin.com\/sv\/wp-json\/wp\/v2\/media\/87626"}],"wp:attachment":[{"href":"https:\/\/www.raschvin.com\/sv\/wp-json\/wp\/v2\/media?parent=87617"}],"wp:term":[{"taxonomy":"product_brand","embeddable":true,"href":"https:\/\/www.raschvin.com\/sv\/wp-json\/wp\/v2\/product_brand?post=87617"},{"taxonomy":"product_cat","embeddable":true,"href":"https:\/\/www.raschvin.com\/sv\/wp-json\/wp\/v2\/product_cat?post=87617"},{"taxonomy":"product_tag","embeddable":true,"href":"https:\/\/www.raschvin.com\/sv\/wp-json\/wp\/v2\/product_tag?post=87617"}],"curies":[{"name":"wp","href":"https:\/\/api.w.org\/{rel}","templated":true}]}}