{"id":87614,"date":"2025-04-25T08:26:21","date_gmt":"2025-04-25T06:26:21","guid":{"rendered":"https:\/\/www.raschvin.com\/produkt\/ultimate-provence-cotes-de-provence-rose-2024-75-cl\/"},"modified":"2025-04-25T08:26:21","modified_gmt":"2025-04-25T06:26:21","slug":"ultimate-provence-cotes-de-provence-rose-2024-75-cl","status":"publish","type":"product","link":"https:\/\/www.raschvin.com\/sv\/produkt\/ultimate-provence-cotes-de-provence-rose-2024-75-cl\/","title":{"rendered":"Ultimate Provence C\u00f4tes de Provence Ros\u00e9 2024 75 cl."},"content":{"rendered":"<p>Ultimate Provence Ros\u00e9, \u00e5rg\u00e5ng 2024, odlas i hj\u00e4rtat av s\u00f6dra Frankrike, inom appellationen C\u00f4tes de Provence AOP. Ving\u00e5rden ligger n\u00e4ra byn La Garde-Freinet, omgiven av vild natur och skyddade skogsomr\u00e5den, d\u00e4r Medelhavsbrisens svalka och det intensiva solljuset skapar idealiska f\u00f6rh\u00e5llanden f\u00f6r att odla druvor med fr\u00e4sch\u00f6r och finess. Jordm\u00e5nen best\u00e5r fr\u00e4mst av skiffer och sandsten, vilket ger naturlig dr\u00e4nering och bidrar till vinets karakteristiska mineralitet och elegans. Klimatet \u00e4r klassiskt medelhavsklimat med varma dagar och svala n\u00e4tter, vilket fr\u00e4mjar en l\u00e5ngsam och balanserad mognad av druvorna.<\/p>\n<p>Detta ros\u00e9vin imponerar med sin eleganta, ljusa laxrosa f\u00e4rg och kristallklara uttryck. Doften \u00f6ppnar med delikata toner av vilda jordgubbar, rosa grapefrukt och vita blommor, ackompanjerade av en hint av provensalska \u00f6rter och frisk citrus. Smaken \u00e4r torr, krispig och uppfriskande med livlig syra och en mineralisk underton som speglar det steniga terroiret. Eftersmaken \u00e4r l\u00e5ng och ren, med en subtil kryddighet och fruktig finess.<\/p>\n<p>Om Ultimate Provence<br \/>\nEn supertrendig och samtidigt klassisk ros\u00e9producent inom lifestyle-segmentet, d\u00e4r b\u00e5de smak och design l\u00e4mnar ett starkt intryck. Provence m\u00e5 inte vara det enda &#8221;r\u00e4tta&#8221; ros\u00e9omr\u00e5det, men det r\u00e5der ingen tvekan om att mycket av ros\u00e9vinets \u00f6kade popularitet har sitt ursprung just h\u00e4r.<\/p>\n<p>Ultimate \u00e4r en producent som st\u00e4ndigt s\u00f6ker n\u00e4sta steg i skapandet av vinupplevelser ut\u00f6ver det vanliga. P\u00e5 ving\u00e5rden \u2013 som \u00e4ven fungerar som exklusivt hotell \u2013 finns h\u00f6gt i tak b\u00e5de bokstavligt och bildligt, med l\u00f6ften om events l\u00e5ngt mer trendiga \u00e4n vad ros\u00e9v\u00e4rlden vanligtvis \u00e4r van vid. DJ:s och elektroniska musikkonserter bidrar till att skapa ett f\u00e4rgstarkt universum f\u00f6r alla som \u00e4lskar ros\u00e9. H\u00e4r beh\u00f6vs inga kostymer eller slipsar \u2013 h\u00e4r handlar det om att njuta av livet, ha kul och slappna av i gott s\u00e4llskap.<\/p>\n<p>Vinm\u00e4ssigt har Ultimate skapat ett ros\u00e9vin som \u00e4r extravagant i sitt uttryck, tappat p\u00e5 i\u00f6gonfallande flaskor med tjockt r\u00e4fflat glas utan etikett, d\u00e4r elegansen matchar de h\u00f6ga ambitionerna f\u00f6r hela ving\u00e5rden. Det \u00e4r ett vin som fungerar utm\u00e4rkt b\u00e5de som aperitif och till l\u00e4ttare r\u00e4tter fr\u00e5n det medelhavsinspirerade k\u00f6ket.<\/p>\n","protected":false},"excerpt":{"rendered":"<p>Provence &#8211; France<\/p>\n","protected":false},"featured_media":87632,"template":"","meta":{"_acf_changed":false,"rs_blank_template":"","rs_page_bg_color":"","slide_template_v7":""},"product_brand":[],"product_cat":[2788,2796,9212],"product_tag":[],"class_list":{"0":"post-87614","1":"product","2":"type-product","3":"status-publish","4":"has-post-thumbnail","6":"product_cat-vin-sv","7":"product_cat-rosevin-sv","8":"product_cat-andra-viner","9":"pa_aargang-2024-sv","10":"pa_drue-cinsault-sv","11":"pa_drue-grenache-noir-sv","12":"pa_drue-rolle-sv","13":"pa_drue-syrah-sv","14":"pa_land-frankrike","15":"pa_procent-13-sv","16":"pa_producent-ultimate-provence-sv","17":"pa_region-provence-sv","18":"pa_serveringstemperatur-8-10-sv","19":"pa_volume-75-sv","21":"first","22":"instock","23":"taxable","24":"shipping-taxable","25":"purchasable","26":"product-type-simple"},"bundled_by":["120302"],"bundle_stock_status":"instock","bundle_stock_quantity":null,"bundle_virtual":false,"bundle_layout":"","bundle_add_to_cart_form_location":"","bundle_editable_in_cart":false,"bundle_sold_individually_context":"","bundle_item_grouping":"","bundle_min_size":"","bundle_max_size":"","bundle_price":[],"bundled_items":[],"bundle_sell_ids":[],"acf":[],"_links":{"self":[{"href":"https:\/\/www.raschvin.com\/sv\/wp-json\/wp\/v2\/product\/87614","targetHints":{"allow":["GET"]}}],"collection":[{"href":"https:\/\/www.raschvin.com\/sv\/wp-json\/wp\/v2\/product"}],"about":[{"href":"https:\/\/www.raschvin.com\/sv\/wp-json\/wp\/v2\/types\/product"}],"wp:featuredmedia":[{"embeddable":true,"href":"https:\/\/www.raschvin.com\/sv\/wp-json\/wp\/v2\/media\/87632"}],"wp:attachment":[{"href":"https:\/\/www.raschvin.com\/sv\/wp-json\/wp\/v2\/media?parent=87614"}],"wp:term":[{"taxonomy":"product_brand","embeddable":true,"href":"https:\/\/www.raschvin.com\/sv\/wp-json\/wp\/v2\/product_brand?post=87614"},{"taxonomy":"product_cat","embeddable":true,"href":"https:\/\/www.raschvin.com\/sv\/wp-json\/wp\/v2\/product_cat?post=87614"},{"taxonomy":"product_tag","embeddable":true,"href":"https:\/\/www.raschvin.com\/sv\/wp-json\/wp\/v2\/product_tag?post=87614"}],"curies":[{"name":"wp","href":"https:\/\/api.w.org\/{rel}","templated":true}]}}