{"id":87558,"date":"2025-04-24T20:13:09","date_gmt":"2025-04-24T18:13:09","guid":{"rendered":"https:\/\/www.raschvin.com\/produkt\/le-contesse-anna-spumante-dolce-rose-75-cl\/"},"modified":"2025-04-24T20:13:09","modified_gmt":"2025-04-24T18:13:09","slug":"le-contesse-anna-spumante-dolce-rose-75-cl","status":"publish","type":"product","link":"https:\/\/www.raschvin.com\/sv\/produkt\/le-contesse-anna-spumante-dolce-rose-75-cl\/","title":{"rendered":"Le Contesse Anna Spumante Dolce Ros\u00e9 75 cl."},"content":{"rendered":"<p>Spumante Ros\u00e9 Dolce &#8221;Anna&#8221; framst\u00e4lls huvudsakligen av druvorna Moscato (50 %), Glera (30 %) och Pinot Nero (20 %) fr\u00e5n Le Contesses ving\u00e5rdar i Veneto och Friuli Venezia Giulia. Efter en varsam pressning av druvorna genomg\u00e5r musten en naturlig sedimentering. En liten del av Pinot Noir-musten f\u00f6rvaras svalt, medan huvuddelen f\u00e5r j\u00e4sa i st\u00e5ltank. Efter n\u00e5gra veckors vila blandas vinet med den og\u00e4sta Pinot Noir-musten (vilket ger den rosa f\u00e4rgen) och f\u00f6rs \u00f6ver till trycktankar, d\u00e4r en andra j\u00e4sning sker med utvald j\u00e4st. Efter buteljering lagras flaskorna i n\u00e5gra veckor under svala f\u00f6rh\u00e5llanden.<\/p>\n<p>En Spumante i Dolce-stil har alltid ett h\u00f6gt restsockerinneh\u00e5ll (h\u00e4r 65 g\/l), men f\u00f6rutom sin s\u00f6ta, exotiska karakt\u00e4r har &#8221;Anna&#8221; ocks\u00e5 en fin l\u00e4tthet och friskhet. Vinet har en livlig mousse och fina, ih\u00e5llande bubblor. F\u00e4rgen \u00e4r rosa, och doften bjuder p\u00e5 nyanser av vita blommor, aprikoser, persikor och mango, men \u00e4ven inslag av vilda rosor, r\u00f6da vinb\u00e4r och k\u00f6rsb\u00e4r fr\u00e5n Pinot Noir. Smaken avslutas med aromatiska och ganska intensiva, friska toner samt en h\u00e4rlig frukts\u00f6tma.<\/p>\n<p>Serveras som aperitif, till asiatiska r\u00e4tter, till desserter som fruktt\u00e5rtor, fruktsallad eller jordgubbar samt till glass.<\/p>\n","protected":false},"excerpt":{"rendered":"<p>Italian Sparkling Wine<\/p>\n","protected":false},"featured_media":87571,"template":"","meta":{"_acf_changed":false,"rs_blank_template":"","rs_page_bg_color":"","slide_template_v7":""},"product_brand":[],"product_cat":[2776,2779,2787,2788],"product_tag":[],"class_list":{"0":"post-87558","1":"product","2":"type-product","3":"status-publish","4":"has-post-thumbnail","6":"product_cat-mousserende-sv","7":"product_cat-andra-mousserende","8":"product_cat-sparkling-rose-sv","9":"product_cat-vin-sv","10":"pa_drue-glera-sv","11":"pa_drue-moscato-sv","12":"pa_drue-pinot-noir-sv","13":"pa_land-italien-sv","14":"pa_procent-9-5-sv","15":"pa_producent-le-contesse-sv","16":"pa_region-veneto-sv","17":"pa_serveringstemperatur-6-8-sv","18":"pa_volume-75-sv","20":"first","21":"instock","22":"taxable","23":"shipping-taxable","24":"purchasable","25":"product-type-simple"},"bundled_by":[],"bundle_stock_status":"instock","bundle_stock_quantity":null,"bundle_virtual":false,"bundle_layout":"","bundle_add_to_cart_form_location":"","bundle_editable_in_cart":false,"bundle_sold_individually_context":"","bundle_item_grouping":"","bundle_min_size":"","bundle_max_size":"","bundle_price":[],"bundled_items":[],"bundle_sell_ids":[],"acf":[],"_links":{"self":[{"href":"https:\/\/www.raschvin.com\/sv\/wp-json\/wp\/v2\/product\/87558","targetHints":{"allow":["GET"]}}],"collection":[{"href":"https:\/\/www.raschvin.com\/sv\/wp-json\/wp\/v2\/product"}],"about":[{"href":"https:\/\/www.raschvin.com\/sv\/wp-json\/wp\/v2\/types\/product"}],"wp:featuredmedia":[{"embeddable":true,"href":"https:\/\/www.raschvin.com\/sv\/wp-json\/wp\/v2\/media\/87571"}],"wp:attachment":[{"href":"https:\/\/www.raschvin.com\/sv\/wp-json\/wp\/v2\/media?parent=87558"}],"wp:term":[{"taxonomy":"product_brand","embeddable":true,"href":"https:\/\/www.raschvin.com\/sv\/wp-json\/wp\/v2\/product_brand?post=87558"},{"taxonomy":"product_cat","embeddable":true,"href":"https:\/\/www.raschvin.com\/sv\/wp-json\/wp\/v2\/product_cat?post=87558"},{"taxonomy":"product_tag","embeddable":true,"href":"https:\/\/www.raschvin.com\/sv\/wp-json\/wp\/v2\/product_tag?post=87558"}],"curies":[{"name":"wp","href":"https:\/\/api.w.org\/{rel}","templated":true}]}}