{"id":87555,"date":"2025-04-24T20:01:29","date_gmt":"2025-04-24T18:01:29","guid":{"rendered":"https:\/\/www.raschvin.com\/produkt\/juve-camps-brut-rose-pinot-noir-75-cl\/"},"modified":"2025-12-16T15:16:48","modified_gmt":"2025-12-16T14:16:48","slug":"juve-camps-brut-rose-pinot-noir-75-cl","status":"publish","type":"product","link":"https:\/\/www.raschvin.com\/sv\/produkt\/juve-camps-brut-rose-pinot-noir-75-cl\/","title":{"rendered":"Juv\u00e9 &#038; Camps \u2013 Brut Ros\u00e9 Pinot Noir (ECO) 75 cl."},"content":{"rendered":"<p>Enkeltdruvs-Pinot Noir med en vacker medelhavskarakt\u00e4r. Druvorna kommer fr\u00e5n Espiells, d\u00e4r jorden \u00e4r rik p\u00e5 lera och kalksten, upp till 250 meters h\u00f6jd. Sk\u00f6rden inleds tidigt f\u00f6r att f\u00e5nga druvornas fr\u00e4sch\u00f6r och den charmiga, ljusa f\u00e4rgen.<\/p>\n<p>Delikat smak och doft av rostat br\u00f6d, blommiga toner och en hyllning till Pinot Noirs f\u00f6rf\u00f6riska r\u00f6da fruktkarakt\u00e4r.<\/p>\n<p>F\u00f6rsiktig pressning och l\u00e4tt maceration s\u00e4kerst\u00e4ller en skonsam extraktion av f\u00e4rg och prim\u00e4ra aromer. Tillverkad enligt M\u00e9thode Traditionnelle. Genomsnittlig lagringstid: 12 m\u00e5nader p\u00e5 flaska. 9 g\/l dosage.<\/p>\n<p>90 PO\u00c4NG \u2013 Robert Parker<br \/>\n&#8221;LOVELY AND CRISP&#8221;<br \/>\nM\u00f6rkrosa f\u00e4rg med underbar doft av rosenblad och jordgubbar. Livlig och frisk i smaken, med krispig syra och l\u00e5ng avslutning. Ett mycket prisv\u00e4rt vin som passar till m\u00e5nga smakrika r\u00e4tter eller som aperitif.<\/p>\n<p>90 PO\u00c4NG \u2013 Wine Spectator<br \/>\nLjus och balanserad, denna fruktiga cava har en livlig mousse och eleganta toner av nektarin, plommonskal och mandelkr\u00e4m, samt ett inslag av passionsfruktcoulis. Friska \u00f6rter, vita blommor och kryddor dr\u00f6jer kvar i eftersmaken.<\/p>\n<p>90 PO\u00c4NG \u2013 Vinbladet<br \/>\nEN S\u00c4KER VINNARE<br \/>\nDoft av hallon och jordgubbar, mycket ren. Fin kr\u00e4mighet och mousse, friska b\u00e4r och luftig eftersmak med fin frukt. Mycket elegant, harmonisk och fyllig Cava.<\/p>\n<p>Gastro<br \/>\nFyllighet och fr\u00e4sch\u00f6r i fin balans<br \/>\nRos\u00e9champagne och liknande viner har varit en het trend det senaste \u00e5ret. Inom denna kategori erbjuder det lyxiga cava-huset Juv\u00e9 Y Camps denna cava gjord p\u00e5 fririnnande must fr\u00e5n 100 % Pinot Noir fr\u00e5n deras egen ving\u00e5rd Feixa 1. Juv\u00e9 Y Camps dominerar marknaden f\u00f6r exklusiv cava, och denna rosa charm\u00f6r g\u00f6r ingen besviken. F\u00e4rgen \u00e4r f\u00f6rf\u00f6risk, och doft och smak f\u00f6r tankarna till jordgubbar och vinb\u00e4r. H\u00e4r finns b\u00e5de fyllighet och fr\u00e4sch\u00f6r i perfekt balans. Inte billig, men v\u00e4l v\u00e4rd sitt pris.<\/p>\n<p>Alt Om Vin<br \/>\nKARAKT\u00c4R OCH FYLLIGHET \u2013 F\u00d6R PINOT NOIR-FANS<br \/>\nKarakt\u00e4r, frukt och kropp. Intensiv och djup doft av jordgubbar och k\u00f6rsb\u00e4r. Ih\u00e5llande bubblor. Ett vin med karakt\u00e4r och fyllighet som passar bra till grillad fisk eller kyckling. Ett vin f\u00f6r Pinot-fans.<\/p>\n<p>Nyhedsavisen<br \/>\nFina bubblor och mycket l\u00e5ng eftersmak<br \/>\nEn ren Pinot Noir-baserad Cava med friska jordgubbar, fina bubblor och mycket l\u00e5ng eftersmak. Dyr \u2013 men otroligt elegant.<\/p>\n<p>Vinavisen<br \/>\nTORR MED EN LITEN S\u00d6TMA<br \/>\nGjort p\u00e5 100 % Pinot Noir, vilket ger en vacker rubinr\u00f6d f\u00e4rg. Smakar Pinot med fin kryddighet och \u00e4r torr, men har en liten s\u00f6tma. Fina bubblor i glaset och balanserad mousse i munnen.<\/p>\n","protected":false},"excerpt":{"rendered":"<p>Spanish Sparkling Wine \u2013 CAVA<\/p>\n","protected":false},"featured_media":87592,"template":"","meta":{"_acf_changed":false,"rs_blank_template":"","rs_page_bg_color":"","slide_template_v7":""},"product_brand":[],"product_cat":[2780,2776,2787],"product_tag":[],"class_list":{"0":"post-87555","1":"product","2":"type-product","3":"status-publish","4":"has-post-thumbnail","6":"product_cat-cava-sv","7":"product_cat-mousserende-sv","8":"product_cat-sparkling-rose-sv","9":"pa_drue-pinot-noir-sv","10":"pa_land-spanien-sv","11":"pa_oekologisk-yes-sv","12":"pa_procent-12-sv","13":"pa_producent-juve-camps-sv","14":"pa_region-catalonia-penedes-sv","15":"pa_serveringstemperatur-8-10-sv","16":"pa_volume-75-sv","18":"first","19":"instock","20":"taxable","21":"shipping-taxable","22":"purchasable","23":"product-type-simple"},"bundled_by":[],"bundle_stock_status":"instock","bundle_stock_quantity":null,"bundle_virtual":false,"bundle_layout":"","bundle_add_to_cart_form_location":"","bundle_editable_in_cart":false,"bundle_sold_individually_context":"","bundle_item_grouping":"","bundle_min_size":"","bundle_max_size":"","bundle_price":[],"bundled_items":[],"bundle_sell_ids":[],"acf":[],"_links":{"self":[{"href":"https:\/\/www.raschvin.com\/sv\/wp-json\/wp\/v2\/product\/87555","targetHints":{"allow":["GET"]}}],"collection":[{"href":"https:\/\/www.raschvin.com\/sv\/wp-json\/wp\/v2\/product"}],"about":[{"href":"https:\/\/www.raschvin.com\/sv\/wp-json\/wp\/v2\/types\/product"}],"wp:featuredmedia":[{"embeddable":true,"href":"https:\/\/www.raschvin.com\/sv\/wp-json\/wp\/v2\/media\/87592"}],"wp:attachment":[{"href":"https:\/\/www.raschvin.com\/sv\/wp-json\/wp\/v2\/media?parent=87555"}],"wp:term":[{"taxonomy":"product_brand","embeddable":true,"href":"https:\/\/www.raschvin.com\/sv\/wp-json\/wp\/v2\/product_brand?post=87555"},{"taxonomy":"product_cat","embeddable":true,"href":"https:\/\/www.raschvin.com\/sv\/wp-json\/wp\/v2\/product_cat?post=87555"},{"taxonomy":"product_tag","embeddable":true,"href":"https:\/\/www.raschvin.com\/sv\/wp-json\/wp\/v2\/product_tag?post=87555"}],"curies":[{"name":"wp","href":"https:\/\/api.w.org\/{rel}","templated":true}]}}