{"id":87539,"date":"2025-04-24T18:41:16","date_gmt":"2025-04-24T16:41:16","guid":{"rendered":"https:\/\/www.raschvin.com\/produkt\/oxefruit-mango-sirup-70-cl\/"},"modified":"2025-04-24T18:41:16","modified_gmt":"2025-04-24T16:41:16","slug":"oxefruit-mango-sirup-70-cl","status":"publish","type":"product","link":"https:\/\/www.raschvin.com\/sv\/produkt\/oxefruit-mango-sirup-70-cl\/","title":{"rendered":"Oxefruit Mango Sirup 70 cl."},"content":{"rendered":"<p>Mangosirap \u00e4r en alkoholfri sirap som \u00e4r fantastisk i m\u00e5nga olika drinkar och cocktails. Den s\u00f6ta och tydliga smaken av mango passar bra till blandningar med b\u00e5de alkohol och l\u00e4sk. F\u00f6rvaras i kylsk\u00e5p efter \u00f6ppning.<\/p>\n<p>Oxefruit \u00e4r en k\u00e4nd spansk producent av professionella mixers f\u00f6r drinkmarknaden. De \u00e4r baserade i Valencia och l\u00e4gger stor vikt vid att ha en h\u00e5llbar produktion. Bland annat anv\u00e4nder de n\u00e4stan uteslutande frukter och botaniska ingredienser fr\u00e5n Valencia-regionen, som lyckligtvis \u00e4r ett av v\u00e4rldens st\u00f6rsta och b\u00e4sta omr\u00e5den f\u00f6r att odla frukt.<br \/>\nOxefruit-sirap best\u00e5r, f\u00f6rutom frukt och andra botaniska ingredienser, av sockerr\u00f6r, oljor och naturliga aromer.<br \/>\nAlla siraparna utm\u00e4rker sig genom att vara koncentrerade i smaken och inte lika s\u00f6ta som de mest k\u00e4nda m\u00e4rkena p\u00e5 marknaden. Den l\u00e4gre s\u00f6tman g\u00f6r dem mer l\u00e4mpliga f\u00f6r lyxdrinkar, eftersom smaken kommer b\u00e4ttre fram utan att bli dominerad av s\u00f6tma.<\/p>\n<p>Glutenfri, laktosfri och vegansk.<\/p>\n","protected":false},"excerpt":{"rendered":"<p>Mango Mixer Sirup<\/p>\n","protected":false},"featured_media":87602,"template":"","meta":{"_acf_changed":false,"rs_blank_template":"","rs_page_bg_color":"","slide_template_v7":""},"product_brand":[],"product_cat":[2404,2405,9299],"product_tag":[],"class_list":{"0":"post-87539","1":"product","2":"type-product","3":"status-publish","4":"has-post-thumbnail","6":"product_cat-gin-sv","7":"product_cat-mixers-sv","8":"product_cat-sirup","9":"pa_land-spanien-sv","10":"pa_procent-0-sv","11":"pa_producent-oxefruit-sv","12":"pa_volume-70-sv-2","14":"first","15":"instock","16":"taxable","17":"shipping-taxable","18":"purchasable","19":"product-type-simple"},"bundled_by":[],"bundle_stock_status":"instock","bundle_stock_quantity":null,"bundle_virtual":false,"bundle_layout":"","bundle_add_to_cart_form_location":"","bundle_editable_in_cart":false,"bundle_sold_individually_context":"","bundle_item_grouping":"","bundle_min_size":"","bundle_max_size":"","bundle_price":[],"bundled_items":[],"bundle_sell_ids":[],"acf":[],"_links":{"self":[{"href":"https:\/\/www.raschvin.com\/sv\/wp-json\/wp\/v2\/product\/87539","targetHints":{"allow":["GET"]}}],"collection":[{"href":"https:\/\/www.raschvin.com\/sv\/wp-json\/wp\/v2\/product"}],"about":[{"href":"https:\/\/www.raschvin.com\/sv\/wp-json\/wp\/v2\/types\/product"}],"wp:featuredmedia":[{"embeddable":true,"href":"https:\/\/www.raschvin.com\/sv\/wp-json\/wp\/v2\/media\/87602"}],"wp:attachment":[{"href":"https:\/\/www.raschvin.com\/sv\/wp-json\/wp\/v2\/media?parent=87539"}],"wp:term":[{"taxonomy":"product_brand","embeddable":true,"href":"https:\/\/www.raschvin.com\/sv\/wp-json\/wp\/v2\/product_brand?post=87539"},{"taxonomy":"product_cat","embeddable":true,"href":"https:\/\/www.raschvin.com\/sv\/wp-json\/wp\/v2\/product_cat?post=87539"},{"taxonomy":"product_tag","embeddable":true,"href":"https:\/\/www.raschvin.com\/sv\/wp-json\/wp\/v2\/product_tag?post=87539"}],"curies":[{"name":"wp","href":"https:\/\/api.w.org\/{rel}","templated":true}]}}