{"id":87535,"date":"2025-04-24T18:30:28","date_gmt":"2025-04-24T16:30:28","guid":{"rendered":"https:\/\/www.raschvin.com\/produkt\/aix-rose-2024-75-cl\/"},"modified":"2025-04-24T18:30:28","modified_gmt":"2025-04-24T16:30:28","slug":"aix-rose-2024-75-cl","status":"publish","type":"product","link":"https:\/\/www.raschvin.com\/sv\/produkt\/aix-rose-2024-75-cl\/","title":{"rendered":"Aix Ros\u00e9 2024 75 cl."},"content":{"rendered":"<p>Krispig, delikat och ungdomligt frisk. Med Maison Saint Aix f\u00e5r du allt du kan \u00f6nska dig i en kvalitetsros\u00e9 fr\u00e5n Provence, inramad i en stilren och exklusiv design som uttrycker k\u00e4rlek till solen, landet och g\u00e4stfriheten. Med sin vackra laxrosa f\u00e4rg och mineraliga bett \u00e4r AIX kanske solens b\u00e4sta partner \u2013 och den perfekta f\u00f6ljeslagaren att njuta av i gott s\u00e4llskap.<\/p>\n<p>Ros\u00e9 \u00e4r en av de f\u00e5 saker i v\u00e4rlden som kan g\u00f6ra varje tillf\u00e4lle hanterbart, och AIX \u00e4r ett imponerande bevis p\u00e5 att lyx faktiskt kan vara \u00f6verkomlig.<\/p>\n<p>H\u00f6gl\u00e4nderna Provence<\/p>\n<p>Med en jord rik p\u00e5 mineraler, 300 soliga dagar per \u00e5r och svala Mistralvindar, erbjuder detta h\u00f6rn av Provence de ideala v\u00e4xtf\u00f6rh\u00e5llandena f\u00f6r Grenache, Syrah och Cinsault-druvorna som alla ing\u00e5r i AIX ros\u00e9. Ving\u00e5rdarna ligger 420 meter \u00f6ver havet, vilket g\u00f6r dem till n\u00e5gra av de h\u00f6gst bel\u00e4gna ving\u00e5rdarna i regionen. Druvorna gynnas av svalare n\u00e4tter och ett st\u00f6rre inflytande fr\u00e5n Mistralvinden, som torkar vinrankorna p\u00e5 daggfria morgnar och g\u00f6r de solmogna druvorna h\u00e4lsosamma och smakrika.<\/p>\n<p>Ros\u00e9harmoni<\/p>\n<p>Vinhusets 50-60 \u00e5r gamla Grenache-vinstockar ger h\u00f6g smakintensitet i vinet, medan druvorna fr\u00e5n de yngre vinrankorna garanterar friskhet i vinet. F\u00f6r att bevara denna harmoni f\u00f6ljer Maison Saint Aix en noggrant genomf\u00f6rd plan f\u00f6r omplantering, d\u00e4r de planterar om upp till 4 hektar vinrankor per \u00e5r. Druvorna plockas p\u00e5 de sena nattetimmarna f\u00f6r att s\u00e4kerst\u00e4lla friskhet, och vinet j\u00e4ser och lagras i temperaturreglerade st\u00e5ltankar. I vinet utvecklas en m\u00e4ngd lockande aromer som friska stenfrukter, hallon och jordgubbar. Smaken \u00e4r frisk, mineraldominerad och mjuk med ett uppfriskande inslag av tranb\u00e4r i eftersmaken.<\/p>\n<p>Perfekt f\u00f6r Skaldjur och Fisk<\/p>\n<p>Vinets mineralitet g\u00f6r AIX till en utm\u00e4rkt partner f\u00f6r hummer, lax, ostron och grillade r\u00e4kor. Det passar ocks\u00e5 perfekt till grillad kyckling, l\u00e4tta sallader, tapas och asiatiska k\u00f6k som det vietnamesiska.<\/p>\n","protected":false},"excerpt":{"rendered":"<p>Vin de Provence &#8211; France<\/p>\n","protected":false},"featured_media":87596,"template":"","meta":{"_acf_changed":false,"rs_blank_template":"","rs_page_bg_color":"","slide_template_v7":""},"product_brand":[],"product_cat":[2788,2796,9212],"product_tag":[],"class_list":{"0":"post-87535","1":"product","2":"type-product","3":"status-publish","4":"has-post-thumbnail","6":"product_cat-vin-sv","7":"product_cat-rosevin-sv","8":"product_cat-andra-viner","9":"pa_aargang-2024-sv","10":"pa_drue-cinsault-sv","11":"pa_drue-grenache-sv","12":"pa_drue-syrah-sv","13":"pa_land-frankrike","14":"pa_procent-13-sv","15":"pa_producent-maison-saint-aix-sv","16":"pa_region-provence-sv","17":"pa_serveringstemperatur-8-10-sv","18":"pa_volume-75-sv","20":"first","21":"instock","22":"taxable","23":"shipping-taxable","24":"purchasable","25":"product-type-simple"},"bundled_by":["120289","120302"],"bundle_stock_status":"instock","bundle_stock_quantity":null,"bundle_virtual":false,"bundle_layout":"","bundle_add_to_cart_form_location":"","bundle_editable_in_cart":false,"bundle_sold_individually_context":"","bundle_item_grouping":"","bundle_min_size":"","bundle_max_size":"","bundle_price":[],"bundled_items":[],"bundle_sell_ids":[],"acf":[],"_links":{"self":[{"href":"https:\/\/www.raschvin.com\/sv\/wp-json\/wp\/v2\/product\/87535","targetHints":{"allow":["GET"]}}],"collection":[{"href":"https:\/\/www.raschvin.com\/sv\/wp-json\/wp\/v2\/product"}],"about":[{"href":"https:\/\/www.raschvin.com\/sv\/wp-json\/wp\/v2\/types\/product"}],"wp:featuredmedia":[{"embeddable":true,"href":"https:\/\/www.raschvin.com\/sv\/wp-json\/wp\/v2\/media\/87596"}],"wp:attachment":[{"href":"https:\/\/www.raschvin.com\/sv\/wp-json\/wp\/v2\/media?parent=87535"}],"wp:term":[{"taxonomy":"product_brand","embeddable":true,"href":"https:\/\/www.raschvin.com\/sv\/wp-json\/wp\/v2\/product_brand?post=87535"},{"taxonomy":"product_cat","embeddable":true,"href":"https:\/\/www.raschvin.com\/sv\/wp-json\/wp\/v2\/product_cat?post=87535"},{"taxonomy":"product_tag","embeddable":true,"href":"https:\/\/www.raschvin.com\/sv\/wp-json\/wp\/v2\/product_tag?post=87535"}],"curies":[{"name":"wp","href":"https:\/\/api.w.org\/{rel}","templated":true}]}}