{"id":87466,"date":"2025-04-24T15:14:10","date_gmt":"2025-04-24T13:14:10","guid":{"rendered":"https:\/\/www.raschvin.com\/produkt\/punch-club-cosmopolitan-bib-150-cl-125\/"},"modified":"2025-04-24T15:14:10","modified_gmt":"2025-04-24T13:14:10","slug":"punch-club-cosmopolitan-bib-150-cl-125","status":"publish","type":"product","link":"https:\/\/www.raschvin.com\/sv\/produkt\/punch-club-cosmopolitan-bib-150-cl-125\/","title":{"rendered":"Punch Club \u2013 Cosmopolitan BIB 150 cl. 12,5%"},"content":{"rendered":"<p>En klassiker f\u00f6dd under de f\u00e4rgstarka 1970-talet och som n\u00e5dde stj\u00e4rnstatus p\u00e5 1990-talet. \u00c4lskad f\u00f6r sin sl\u00e5ende f\u00e4rg och uppfriskande citrussmak, och fick ett uppsving i popularitet som signaturdrink f\u00f6r de ikoniska karakt\u00e4rerna i Sex and the City. \u2019Cosmon\u2019 \u00e4r fortfarande en tidl\u00f6s favorit, f\u00f6r alltid f\u00f6rknippad med stil och sofistikation.<\/p>\n<p>Ingredienser: Punch Club vodka, tranb\u00e4rsjuicekoncentrat, limejuicekoncentrat, socker, citronsyra, naturliga aromer och smak\u00e4mnen, vatten.<\/p>\n","protected":false},"excerpt":{"rendered":"<p>Ready to Serve Cocktail \u2013 Pre Mixed<\/p>\n","protected":false},"featured_media":87484,"template":"","meta":{"_acf_changed":false,"rs_blank_template":"","rs_page_bg_color":"","slide_template_v7":""},"product_brand":[],"product_cat":[2402,4590],"product_tag":[],"class_list":{"0":"post-87466","1":"product","2":"type-product","3":"status-publish","4":"has-post-thumbnail","6":"product_cat-sprit-sv","7":"product_cat-ready-to-drink-sv","8":"pa_land-estland-sv","9":"pa_procent-12-5-sv","10":"pa_producent-punch-club-sv","11":"pa_serveringstemperatur-8-10-sv","12":"pa_volume-150-sv","14":"first","15":"instock","16":"sale","17":"taxable","18":"shipping-taxable","19":"purchasable","20":"product-type-simple"},"bundled_by":[],"bundle_stock_status":"instock","bundle_stock_quantity":null,"bundle_virtual":false,"bundle_layout":"","bundle_add_to_cart_form_location":"","bundle_editable_in_cart":false,"bundle_sold_individually_context":"","bundle_item_grouping":"","bundle_min_size":"","bundle_max_size":"","bundle_price":[],"bundled_items":[],"bundle_sell_ids":[],"acf":[],"_links":{"self":[{"href":"https:\/\/www.raschvin.com\/sv\/wp-json\/wp\/v2\/product\/87466","targetHints":{"allow":["GET"]}}],"collection":[{"href":"https:\/\/www.raschvin.com\/sv\/wp-json\/wp\/v2\/product"}],"about":[{"href":"https:\/\/www.raschvin.com\/sv\/wp-json\/wp\/v2\/types\/product"}],"wp:featuredmedia":[{"embeddable":true,"href":"https:\/\/www.raschvin.com\/sv\/wp-json\/wp\/v2\/media\/87484"}],"wp:attachment":[{"href":"https:\/\/www.raschvin.com\/sv\/wp-json\/wp\/v2\/media?parent=87466"}],"wp:term":[{"taxonomy":"product_brand","embeddable":true,"href":"https:\/\/www.raschvin.com\/sv\/wp-json\/wp\/v2\/product_brand?post=87466"},{"taxonomy":"product_cat","embeddable":true,"href":"https:\/\/www.raschvin.com\/sv\/wp-json\/wp\/v2\/product_cat?post=87466"},{"taxonomy":"product_tag","embeddable":true,"href":"https:\/\/www.raschvin.com\/sv\/wp-json\/wp\/v2\/product_tag?post=87466"}],"curies":[{"name":"wp","href":"https:\/\/api.w.org\/{rel}","templated":true}]}}