{"id":87449,"date":"2025-04-24T12:00:26","date_gmt":"2025-04-24T10:00:26","guid":{"rendered":"https:\/\/www.raschvin.com\/produkt\/elysis-rose-danjou-2023-75-cl\/"},"modified":"2026-01-29T16:45:38","modified_gmt":"2026-01-29T15:45:38","slug":"elysis-rose-danjou-2023-75-cl","status":"publish","type":"product","link":"https:\/\/www.raschvin.com\/sv\/produkt\/elysis-rose-danjou-2023-75-cl\/","title":{"rendered":"Elysis Ros\u00e9 d\u2019Anjou 2024 75 cl."},"content":{"rendered":"<p>Elysis Ros\u00e9 d\u2019Anjou \u00e4r ett s\u00f6tt och brett tilltalande ros\u00e9vin fr\u00e5n Loire-dalen.<br \/>\nVinet produceras strax s\u00f6der om Angers, d\u00e4r Loire-floden l\u00e5ngsamt rinner mot Atlanten. H\u00e4r odlas bland annat grolleau-druvan, som ligger bakom detta ros\u00e9vin. Den l\u00e4tta s\u00f6tman uppn\u00e5s genom att avbryta j\u00e4sningen innan allt mustens socker omvandlas till alkohol. Det g\u00f6rs genom att kyla ner musten kraftigt och d\u00e4refter filtrera bort j\u00e4stcellerna med sterilfiltrering.<\/p>\n<p>Bakom det blekt laxf\u00e4rgade vinet d\u00f6ljer sig ett aromatiskt ros\u00e9vin med doft och smak av sommarens r\u00f6da b\u00e4r, s\u00e4rskilt hallon.<\/p>\n<p>F\u00f6rutom att det \u00e4r ett sj\u00e4lvklart vin att servera i solsken, passar det ocks\u00e5 utm\u00e4rkt till melon med lufttorkad skinka, chili-crab, teriyakimarinerad lax eller en kryddstark asiatisk r\u00e4tt med gr\u00f6nsaker, fisk, skaldjur eller kyckling.<\/p>\n<p>Njut av vinet ungt, v\u00e4l kylt direkt fr\u00e5n kylsk\u00e5pet eller kylv\u00e4skan.<\/p>\n","protected":false},"excerpt":{"rendered":"<p>Les Celliers du Prieur\u00e9 &#8211; Loire France<\/p>\n","protected":false},"featured_media":87514,"template":"","meta":{"_acf_changed":false,"rs_blank_template":"","rs_page_bg_color":"","slide_template_v7":""},"product_brand":[],"product_cat":[2788,2796],"product_tag":[],"class_list":{"0":"post-87449","1":"product","2":"type-product","3":"status-publish","4":"has-post-thumbnail","6":"product_cat-vin-sv","7":"product_cat-rosevin-sv","8":"pa_aargang-2024-sv","9":"pa_drue-grolleau-sv","10":"pa_land-frankrike","11":"pa_procent-10-5-sv","12":"pa_producent-les-celliers-du-prieure-sv","13":"pa_region-loire-sv","14":"pa_serveringstemperatur-8-10-sv","15":"pa_volume-75-sv","17":"first","18":"instock","19":"taxable","20":"shipping-taxable","21":"purchasable","22":"product-type-simple"},"bundled_by":[],"bundle_stock_status":"instock","bundle_stock_quantity":null,"bundle_virtual":false,"bundle_layout":"","bundle_add_to_cart_form_location":"","bundle_editable_in_cart":false,"bundle_sold_individually_context":"","bundle_item_grouping":"","bundle_min_size":"","bundle_max_size":"","bundle_price":[],"bundled_items":[],"bundle_sell_ids":[],"acf":[],"_links":{"self":[{"href":"https:\/\/www.raschvin.com\/sv\/wp-json\/wp\/v2\/product\/87449","targetHints":{"allow":["GET"]}}],"collection":[{"href":"https:\/\/www.raschvin.com\/sv\/wp-json\/wp\/v2\/product"}],"about":[{"href":"https:\/\/www.raschvin.com\/sv\/wp-json\/wp\/v2\/types\/product"}],"wp:featuredmedia":[{"embeddable":true,"href":"https:\/\/www.raschvin.com\/sv\/wp-json\/wp\/v2\/media\/87514"}],"wp:attachment":[{"href":"https:\/\/www.raschvin.com\/sv\/wp-json\/wp\/v2\/media?parent=87449"}],"wp:term":[{"taxonomy":"product_brand","embeddable":true,"href":"https:\/\/www.raschvin.com\/sv\/wp-json\/wp\/v2\/product_brand?post=87449"},{"taxonomy":"product_cat","embeddable":true,"href":"https:\/\/www.raschvin.com\/sv\/wp-json\/wp\/v2\/product_cat?post=87449"},{"taxonomy":"product_tag","embeddable":true,"href":"https:\/\/www.raschvin.com\/sv\/wp-json\/wp\/v2\/product_tag?post=87449"}],"curies":[{"name":"wp","href":"https:\/\/api.w.org\/{rel}","templated":true}]}}