{"id":87429,"date":"2025-04-24T08:48:07","date_gmt":"2025-04-24T06:48:07","guid":{"rendered":"https:\/\/www.raschvin.com\/produkt\/chateau-barrau-sauternes-2016-375-cl\/"},"modified":"2025-04-24T08:48:07","modified_gmt":"2025-04-24T06:48:07","slug":"chateau-barrau-sauternes-2016-375-cl","status":"publish","type":"product","link":"https:\/\/www.raschvin.com\/sv\/produkt\/chateau-barrau-sauternes-2016-375-cl\/","title":{"rendered":"Ch\u00e2teau Barrau Sauternes 2016 37,5 cl."},"content":{"rendered":"<p>Ch\u00e2teau Barrau Sauternes \u00e4r tillverkad med druvor fr\u00e5n kommunerna Fargues och Bommes, cirka 50 km syd\/sydost om Bordeaux.<\/p>\n<p>Sauternes \u00e4r Bordeauxs ber\u00f6mda s\u00f6ta vin, som g\u00f6rs p\u00e5 druvorna s\u00e9millon och sauvignon blanc. D\u00e4r bifloden Ciron rinner ut i Garonne finns perfekta f\u00f6rh\u00e5llanden f\u00f6r &#8217;\u00e4dla r\u00f6tan&#8217;, som s\u00e4rskilt druvan s\u00e9millon \u00e4r mottaglig f\u00f6r. Dessa russinliknande druvor har gjort vinernas fr\u00e5n omr\u00e5det v\u00e4rldsk\u00e4nda f\u00f6r sin uttalade honungss\u00f6tma och friska syra. Sauvignon blanc \u00e4r en aromatisk druva som bidrar med blomsteraromer och h\u00e4rlig syrafr\u00e4sch\u00f6r.<\/p>\n<p>Ch\u00e2teau Barrau uppvisar ett aromatiskt spektrum med aprikos, apelsinskal och persika som dominerande element, tillsammans med en h\u00e4rlig kryddig honungston. S\u00f6tman balanseras av en frisk syra, vilket ger vinet en fin fr\u00e4sch\u00f6r.<\/p>\n<p>Njut av denna Sauternes som aperitif, after-dinner drink, till foie gras terrine, inte till lagrade bl\u00e5m\u00f6gelostar eller desserter med pocherad frukt och tillh\u00f6rande lag.<\/p>\n<p>Vinet \u00e4r drickf\u00e4rdigt nu och vinner inte p\u00e5 ytterligare lagring.<\/p>\n<p>Kom ih\u00e5g att anv\u00e4nda ett rymligt vinglas och servera vid en temperatur p\u00e5 8-10\u00b0.<\/p>\n<p>Flaskan inneh\u00e5ller 37,5 cl.<\/p>\n","protected":false},"excerpt":{"rendered":"<p>Sweet Dessert Wine<\/p>\n","protected":false},"featured_media":87435,"template":"","meta":{"_acf_changed":false,"rs_blank_template":"","rs_page_bg_color":"","slide_template_v7":""},"product_brand":[],"product_cat":[2790,2788],"product_tag":[],"class_list":{"0":"post-87429","1":"product","2":"type-product","3":"status-publish","4":"has-post-thumbnail","6":"product_cat-dessertvin-sv","7":"product_cat-vin-sv","8":"pa_aargang-2016-sv","9":"pa_drue-sauvignon-blanc-sv","10":"pa_drue-semillon-sv","11":"pa_land-frankrike","12":"pa_procent-12-5-sv","13":"pa_producent-chateau-barrau-sv","14":"pa_region-bordeaux-sv","15":"pa_serveringstemperatur-8-10-sv","16":"pa_volume-37-5-sv","18":"first","19":"instock","20":"sale","21":"taxable","22":"shipping-taxable","23":"purchasable","24":"product-type-simple"},"bundled_by":[],"bundle_stock_status":"instock","bundle_stock_quantity":null,"bundle_virtual":false,"bundle_layout":"","bundle_add_to_cart_form_location":"","bundle_editable_in_cart":false,"bundle_sold_individually_context":"","bundle_item_grouping":"","bundle_min_size":"","bundle_max_size":"","bundle_price":[],"bundled_items":[],"bundle_sell_ids":[],"acf":[],"_links":{"self":[{"href":"https:\/\/www.raschvin.com\/sv\/wp-json\/wp\/v2\/product\/87429","targetHints":{"allow":["GET"]}}],"collection":[{"href":"https:\/\/www.raschvin.com\/sv\/wp-json\/wp\/v2\/product"}],"about":[{"href":"https:\/\/www.raschvin.com\/sv\/wp-json\/wp\/v2\/types\/product"}],"wp:featuredmedia":[{"embeddable":true,"href":"https:\/\/www.raschvin.com\/sv\/wp-json\/wp\/v2\/media\/87435"}],"wp:attachment":[{"href":"https:\/\/www.raschvin.com\/sv\/wp-json\/wp\/v2\/media?parent=87429"}],"wp:term":[{"taxonomy":"product_brand","embeddable":true,"href":"https:\/\/www.raschvin.com\/sv\/wp-json\/wp\/v2\/product_brand?post=87429"},{"taxonomy":"product_cat","embeddable":true,"href":"https:\/\/www.raschvin.com\/sv\/wp-json\/wp\/v2\/product_cat?post=87429"},{"taxonomy":"product_tag","embeddable":true,"href":"https:\/\/www.raschvin.com\/sv\/wp-json\/wp\/v2\/product_tag?post=87429"}],"curies":[{"name":"wp","href":"https:\/\/api.w.org\/{rel}","templated":true}]}}