{"id":87062,"date":"2025-04-17T07:17:04","date_gmt":"2025-04-17T05:17:04","guid":{"rendered":"https:\/\/www.raschvin.com\/produkt\/pisco-barsol-primero-quebranta-70-cl-413\/"},"modified":"2025-04-17T07:17:04","modified_gmt":"2025-04-17T05:17:04","slug":"pisco-barsol-primero-quebranta-70-cl-413","status":"publish","type":"product","link":"https:\/\/www.raschvin.com\/sv\/produkt\/pisco-barsol-primero-quebranta-70-cl-413\/","title":{"rendered":"Pisco Barsol Primero Quebranta 70 cl. 41,3%"},"content":{"rendered":"<p>Den autentiska smaken av Peru<\/p>\n<p>Pisco Barsol Quebranta \u00e4r en premium peruansk spritdryck som hyllar landets stolta tradition av pisco-produktion. Tillverkad p\u00e5 Quebranta-druvan \u2014 en av de mest klassiska och v\u00e4lk\u00e4nda pisco-druvorna \u2014 \u00e4r denna sprit k\u00e4nd f\u00f6r sin rena smak och sitt enast\u00e5ende hantverk.<\/p>\n<p>I glaset framtr\u00e4der Barsol Quebranta kristallklart, vilket understryker dess naturliga och of\u00f6rfalskade karakt\u00e4r. Doften \u00e4r elegant och fruktig med inslag av mogna \u00e4pplen, p\u00e4ron och en hint av n\u00f6tter, kompletterat av subtila blommiga toner. Smaken \u00e4r fyllig och v\u00e4lbalanserad med en silkeslen textur d\u00e4r druvorna tydligt kommer fram i en l\u00e5ng och harmonisk eftersmak.<\/p>\n<p>Denna pisco \u00e4r perfekt som bas i klassiska cocktails som Pisco Sour, d\u00e4r dess renhet och finess ger en o\u00f6vertr\u00e4ffad upplevelse. Den kan \u00e4ven avnjutas ren f\u00f6r att verkligen uppskatta de subtila nyanserna och komplexiteten i druvdestillatet.<\/p>\n<p>Pisco Barsol Quebranta \u00e4r en sprit som f\u00f6renar historia och kvalitet, och som bjuder p\u00e5 en autentisk smak av Peru. Ett sj\u00e4lvklart val f\u00f6r b\u00e5de k\u00e4nnare och f\u00f6r dem som vill utforska den unika v\u00e4rlden av peruansk pisco.<\/p>\n","protected":false},"excerpt":{"rendered":"<p>Estate Distilled Spirit of Peru<\/p>\n","protected":false},"featured_media":87091,"template":"","meta":{"_acf_changed":false,"rs_blank_template":"","rs_page_bg_color":"","slide_template_v7":""},"product_brand":[],"product_cat":[2395,6314,9344],"product_tag":[],"class_list":{"0":"post-87062","1":"product","2":"type-product","3":"status-publish","4":"has-post-thumbnail","6":"product_cat-brandy-sv","7":"product_cat-pisco-sv","8":"product_cat-andra-brandytyper","9":"pa_drue-quebranta-sv","10":"pa_land-peru-sv","11":"pa_procent-41-3-sv","12":"pa_producent-bodega-san-isidro-sv","13":"pa_volume-70-sv-2","15":"first","16":"instock","17":"taxable","18":"shipping-taxable","19":"purchasable","20":"product-type-simple"},"bundled_by":[],"bundle_stock_status":"instock","bundle_stock_quantity":null,"bundle_virtual":false,"bundle_layout":"","bundle_add_to_cart_form_location":"","bundle_editable_in_cart":false,"bundle_sold_individually_context":"","bundle_item_grouping":"","bundle_min_size":"","bundle_max_size":"","bundle_price":[],"bundled_items":[],"bundle_sell_ids":[],"acf":[],"_links":{"self":[{"href":"https:\/\/www.raschvin.com\/sv\/wp-json\/wp\/v2\/product\/87062","targetHints":{"allow":["GET"]}}],"collection":[{"href":"https:\/\/www.raschvin.com\/sv\/wp-json\/wp\/v2\/product"}],"about":[{"href":"https:\/\/www.raschvin.com\/sv\/wp-json\/wp\/v2\/types\/product"}],"wp:featuredmedia":[{"embeddable":true,"href":"https:\/\/www.raschvin.com\/sv\/wp-json\/wp\/v2\/media\/87091"}],"wp:attachment":[{"href":"https:\/\/www.raschvin.com\/sv\/wp-json\/wp\/v2\/media?parent=87062"}],"wp:term":[{"taxonomy":"product_brand","embeddable":true,"href":"https:\/\/www.raschvin.com\/sv\/wp-json\/wp\/v2\/product_brand?post=87062"},{"taxonomy":"product_cat","embeddable":true,"href":"https:\/\/www.raschvin.com\/sv\/wp-json\/wp\/v2\/product_cat?post=87062"},{"taxonomy":"product_tag","embeddable":true,"href":"https:\/\/www.raschvin.com\/sv\/wp-json\/wp\/v2\/product_tag?post=87062"}],"curies":[{"name":"wp","href":"https:\/\/api.w.org\/{rel}","templated":true}]}}