{"id":86341,"date":"2025-04-01T14:56:48","date_gmt":"2025-04-01T12:56:48","guid":{"rendered":"https:\/\/www.raschvin.com\/produkt\/kilchoman-loch-gorm-2025-edition-10-years-old-70-cl-46\/"},"modified":"2025-04-01T14:56:48","modified_gmt":"2025-04-01T12:56:48","slug":"kilchoman-loch-gorm-2025-edition-10-years-old-70-cl-46","status":"publish","type":"product","link":"https:\/\/www.raschvin.com\/sv\/produkt\/kilchoman-loch-gorm-2025-edition-10-years-old-70-cl-46\/","title":{"rendered":"Kilchoman Loch Gorm 2025 Edition 10 Years Old 70 cl. 46%"},"content":{"rendered":"<p>Loch Gorm 2025 \u00e4r Kilchomans \u00e5rliga, limiterade utg\u00e5va, som uteslutande lagras p\u00e5 sherryfat. Whiskyn \u00e4r uppkallad efter Loch Gorm \u2013 Islays st\u00f6rsta s\u00f6tvattensj\u00f6, bel\u00e4gen n\u00e4ra destilleriet. Sj\u00f6ns m\u00f6rka och dimmiga vatten har inspirerat b\u00e5de namnet och den djupa kopparf\u00e4rg som pr\u00e4glar whiskyn. F\u00e4rgen speglar \u00e4ven den fylliga och komplexa karakt\u00e4r som k\u00e4nnetecknar Kilchomans popul\u00e4ra Loch Gorm-serie.<\/p>\n<p>En intensiv och v\u00e4lbalanserad smakupplevelse b\u00f6rjar med aromer av karamelliserad vaniljtarte och nyrostat kaffe, avrundat med en fin ton av kanderad ingef\u00e4ra. Smaken \u00e4r rik och komplex med s\u00f6ta inslag av honungsrostade fikon, varma kryddor som kryddnejlika och toffeepudding, som sm\u00e4lter samman med en diskret r\u00f6kighet som p\u00e5minner om grillade bananer \u00f6ver \u00f6ppen eld. Eftersmaken \u00e4r l\u00e5ng med en l\u00e4tt salt underton, d\u00e4r den r\u00f6kiga karakt\u00e4ren f\u00f6rl\u00e4nger upplevelsen och ger whiskyn dess unika identitet.<\/p>\n<p>Om Kilchoman Distillery<br \/>\nKilchoman \u00e4r Skottlands enda farmdestilleri och ligger p\u00e5 Rockside Farm i nordv\u00e4stra Islay. H\u00e4r odlar destilleriet sitt eget korn vid Machir Bay och \u00e4r det enda destilleriet p\u00e5 \u00f6n som b\u00e5de odlar och m\u00e4ltar Islay-korn till sina whiskysorter. Kilchoman grundades 2005 och s\u00e5lde sin f\u00f6rsta whisky 2009. Det \u00e4r en klassisk Islay-whisky med tydliga, eleganta inslag av den torvr\u00f6k som Islay \u00e4r s\u00e5 \u00e4lskat f\u00f6r. Det unika med Kilchoman \u00e4r dock att destilleriets whiskys ofta har en liten hint av citrus, vilket ger ett fr\u00e4scht inslag till dramsen. 20 % av malten kommer fr\u00e5n egen odling, och destilleriet producerar enbart Single Malts \u2013 ingen whisky f\u00f6r blends. Generellt sett \u00e4r det whiskys som kan och b\u00f6r drickas unga, med en frisk och livlig karakt\u00e4r samt en salt ton. Detta beror p\u00e5 att torven i \u00e5rhundraden har sk\u00f6ljts \u00f6ver av saltvatten.<\/p>\n<p>Whiskyn j\u00e4ser i minst fyra dagar eller 50 timmar. Vid denna tidpunkt avbryter de flesta destillerier j\u00e4sningen, men Kilchoman l\u00e5ter processen forts\u00e4tta l\u00e4ngre, vilket skapar en sekund\u00e4r j\u00e4sning och fler estrar. De anv\u00e4nder sm\u00e5 pannor och dubbel-destillerar sin whisky.<\/p>\n","protected":false},"excerpt":{"rendered":"<p>Islay Single Malt Scotch Whisky<\/p>\n","protected":false},"featured_media":86367,"template":"","meta":{"_acf_changed":false,"rs_blank_template":"","rs_page_bg_color":"","slide_template_v7":""},"product_brand":[],"product_cat":[2392,9248,9433],"product_tag":[],"class_list":{"0":"post-86341","1":"product","2":"type-product","3":"status-publish","4":"has-post-thumbnail","6":"product_cat-whisky-sv","7":"product_cat-scotch-whisky","8":"product_cat-single-malt-scotch-whisky","9":"pa_aargang-2025-sv","10":"pa_land-skottland","11":"pa_procent-46-sv","12":"pa_producent-kilchoman-distillery-sv","13":"pa_region-islay-sv","14":"pa_traefad-sherry-sv","15":"pa_volume-70-sv-2","17":"first","18":"instock","19":"sale","20":"taxable","21":"shipping-taxable","22":"purchasable","23":"product-type-simple"},"bundled_by":[],"bundle_stock_status":"instock","bundle_stock_quantity":null,"bundle_virtual":false,"bundle_layout":"","bundle_add_to_cart_form_location":"","bundle_editable_in_cart":false,"bundle_sold_individually_context":"","bundle_item_grouping":"","bundle_min_size":"","bundle_max_size":"","bundle_price":[],"bundled_items":[],"bundle_sell_ids":[],"acf":[],"_links":{"self":[{"href":"https:\/\/www.raschvin.com\/sv\/wp-json\/wp\/v2\/product\/86341","targetHints":{"allow":["GET"]}}],"collection":[{"href":"https:\/\/www.raschvin.com\/sv\/wp-json\/wp\/v2\/product"}],"about":[{"href":"https:\/\/www.raschvin.com\/sv\/wp-json\/wp\/v2\/types\/product"}],"wp:featuredmedia":[{"embeddable":true,"href":"https:\/\/www.raschvin.com\/sv\/wp-json\/wp\/v2\/media\/86367"}],"wp:attachment":[{"href":"https:\/\/www.raschvin.com\/sv\/wp-json\/wp\/v2\/media?parent=86341"}],"wp:term":[{"taxonomy":"product_brand","embeddable":true,"href":"https:\/\/www.raschvin.com\/sv\/wp-json\/wp\/v2\/product_brand?post=86341"},{"taxonomy":"product_cat","embeddable":true,"href":"https:\/\/www.raschvin.com\/sv\/wp-json\/wp\/v2\/product_cat?post=86341"},{"taxonomy":"product_tag","embeddable":true,"href":"https:\/\/www.raschvin.com\/sv\/wp-json\/wp\/v2\/product_tag?post=86341"}],"curies":[{"name":"wp","href":"https:\/\/api.w.org\/{rel}","templated":true}]}}