{"id":86242,"date":"2025-04-01T12:59:57","date_gmt":"2025-04-01T10:59:57","guid":{"rendered":"https:\/\/www.raschvin.com\/produkt\/smaa-sport-100-cl-164\/"},"modified":"2025-04-01T12:59:57","modified_gmt":"2025-04-01T10:59:57","slug":"smaa-sport-100-cl-164","status":"publish","type":"product","link":"https:\/\/www.raschvin.com\/sv\/produkt\/smaa-sport-100-cl-164\/","title":{"rendered":"SM\u00c5 SPORT 100 cl. 16,4%"},"content":{"rendered":"<p>Med en saftig sportsmak av lime och citron h\u00e4r \u00e4r \u00e4nnu ett fulltr\u00e4ff fr\u00e5n SM\u00c5 SHOTS.<br \/>\nSM\u00c5 SPORT kan njutas iskall som shot eller serveras on the rocks i ett st\u00f6rre glas med massor av is \u2013 och den kan sj\u00e4lvklart \u00e4ven blandas till l\u00e4ckra drinkar.<br \/>\nSM\u00c5 SPORT \u00e4r en del av SM\u00c5 SHOTS-serien, som \u00e4r popul\u00e4r b\u00e5de i hela Danmark och i Norden.<\/p>\n","protected":false},"excerpt":{"rendered":"<p>Danish Sweet &#038; Sour Spirit Drink<\/p>\n","protected":false},"featured_media":86296,"template":"","meta":{"_acf_changed":false,"rs_blank_template":"","rs_page_bg_color":"","slide_template_v7":""},"product_brand":[],"product_cat":[2387,2390,2402,2407,4670],"product_tag":[],"class_list":{"0":"post-86242","1":"product","2":"type-product","3":"status-publish","4":"has-post-thumbnail","6":"product_cat-avec-sv","7":"product_cat-sprit","8":"product_cat-sprit-sv","9":"product_cat-shots-sv","10":"product_cat-frukt","11":"pa_land-danmark-sv","12":"pa_procent-16-4-sv","13":"pa_producent-spritfabrikken-danmark-sv","14":"pa_serveringstemperatur-8-10-sv","15":"pa_volume-100-sv","17":"first","18":"instock","19":"taxable","20":"shipping-taxable","21":"purchasable","22":"product-type-simple"},"bundled_by":[],"bundle_stock_status":"instock","bundle_stock_quantity":null,"bundle_virtual":false,"bundle_layout":"","bundle_add_to_cart_form_location":"","bundle_editable_in_cart":false,"bundle_sold_individually_context":"","bundle_item_grouping":"","bundle_min_size":"","bundle_max_size":"","bundle_price":[],"bundled_items":[],"bundle_sell_ids":[],"acf":[],"_links":{"self":[{"href":"https:\/\/www.raschvin.com\/sv\/wp-json\/wp\/v2\/product\/86242","targetHints":{"allow":["GET"]}}],"collection":[{"href":"https:\/\/www.raschvin.com\/sv\/wp-json\/wp\/v2\/product"}],"about":[{"href":"https:\/\/www.raschvin.com\/sv\/wp-json\/wp\/v2\/types\/product"}],"wp:featuredmedia":[{"embeddable":true,"href":"https:\/\/www.raschvin.com\/sv\/wp-json\/wp\/v2\/media\/86296"}],"wp:attachment":[{"href":"https:\/\/www.raschvin.com\/sv\/wp-json\/wp\/v2\/media?parent=86242"}],"wp:term":[{"taxonomy":"product_brand","embeddable":true,"href":"https:\/\/www.raschvin.com\/sv\/wp-json\/wp\/v2\/product_brand?post=86242"},{"taxonomy":"product_cat","embeddable":true,"href":"https:\/\/www.raschvin.com\/sv\/wp-json\/wp\/v2\/product_cat?post=86242"},{"taxonomy":"product_tag","embeddable":true,"href":"https:\/\/www.raschvin.com\/sv\/wp-json\/wp\/v2\/product_tag?post=86242"}],"curies":[{"name":"wp","href":"https:\/\/api.w.org\/{rel}","templated":true}]}}