{"id":86239,"date":"2025-04-01T12:45:57","date_gmt":"2025-04-01T10:45:57","guid":{"rendered":"https:\/\/www.raschvin.com\/produkt\/macbeth-act-2-servant-the-household-series-clynelish-14-years-70-cl-551\/"},"modified":"2025-04-01T12:45:57","modified_gmt":"2025-04-01T10:45:57","slug":"macbeth-act-2-servant-the-household-series-clynelish-14-years-70-cl-551","status":"publish","type":"product","link":"https:\/\/www.raschvin.com\/sv\/produkt\/macbeth-act-2-servant-the-household-series-clynelish-14-years-70-cl-551\/","title":{"rendered":"Macbeth Act 2 &#8211; Servant The Household Series &#8211; Clynelish 14 Years 70 cl. 55,1%"},"content":{"rendered":"<p>The Macbeth Series fr\u00e5n Livingstone \u00e4r en samling skotska whiskyer, utvalda och buteljerade av Elixir Distillers. Denna anm\u00e4rkningsv\u00e4rda samling presenteras med karakt\u00e4rsbeskrivningar av den v\u00e4lrenommerade whiskyf\u00f6rfattaren Dave Broom och illustrationer av en av Europas mest k\u00e4nda illustrat\u00f6rer, Sir Quentin Blake.<\/p>\n<p>Under en karri\u00e4r som str\u00e4cker sig \u00f6ver sju decennier har Sir Quentin Blake illustrerat \u00f6ver 300 b\u00f6cker, inklusive klassiska verk av Roald Dahl som The BFG, Matilda och Charlie and the Chocolate Factory. Han producerar s\u00e4llan kommersiella illustrationer, och hans arbete \u00e4r mycket eftertraktat av samlare.<\/p>\n<p>The Servant \u00e4r en av de tio karakt\u00e4rsfulla whiskyerna i The Household-serien. Den \u00e4r destillerad p\u00e5 Clynelish och har lagrats uteslutande p\u00e5 bourbonfat i 14 \u00e5r.<\/p>\n<p>Anteckningar om The Servant fr\u00e5n Oliver Chilton, Elixir Distillers:<\/p>\n<p>\u201cClynelish \u00e4r en av de mest eftertraktade och respekterade malterna, \u00e4lskad f\u00f6r sin unika vaxartade karakt\u00e4r. F\u00f6r en blender kan det vara fundamentet f\u00f6r att bygga en blandning, s\u00e5 att andra malter kan komma till sin r\u00e4tt. Denna speciella whisky, som har lagrats helt p\u00e5 f\u00f6rstafyllning bourbonfat, b\u00e4r sitt ansvar f\u00f6r att tj\u00e4na v\u00e4l, med sm\u00f6rkola-s\u00f6tma och den vaxiga texturen som st\u00f6ds av mald ingef\u00e4ra och rostad vanilj. Detta \u00e4r definitivt en st\u00f6djande karakt\u00e4r att l\u00e4gga m\u00e4rke till, eftersom man s\u00e4llan ser den i huvudrollen.\u201d<\/p>\n<p>The Macbeth Collection \u00e4r en exklusiv whiskyserie skapad av Livingstone och specialisten Elixir Distillers, inspirerad av William Shakespeares tragedi Macbeth. Kollektionen best\u00e5r av 42 unika whiskyer fr\u00e5n olika destillerier i Skottland, d\u00e4r varje whisky representerar en karakt\u00e4r fr\u00e5n pj\u00e4sen.<\/p>\n<p>Uppdelning av kollektionen<br \/>\nKollektionen \u00e4r indelad i sex serier, d\u00e4r varje kategori har sin egen stil och karakt\u00e4r:<\/p>\n<p>The Leads (Huvudrollerna)<br \/>\nThe Thanes (Thanerna)<br \/>\nThe Ghosts (Sp\u00f6kena)<br \/>\nThe Witches (H\u00e4xorna)<br \/>\nThe Murderers (M\u00f6rdarna)<br \/>\nThe Household (Hush\u00e5llet)<br \/>\nVarje serie inneh\u00e5ller olika typer av maltwhisky, inklusive:<\/p>\n<p>Regal Malts \u2013 fem exklusiva utg\u00e5vor<br \/>\nNoble Malts \u2013 tolv \u00e4dla whiskyer<br \/>\nGhost Distillery Whiskies \u2013 sex whiskyer fr\u00e5n nedlagda destillerier<br \/>\nSmoky Whiskies \u2013 fyra r\u00f6kiga utg\u00e5vor<br \/>\nIsland Malts \u2013 fyra whiskyer fr\u00e5n \u00f6destillerier<br \/>\nCharacterful Whiskies \u2013 tio smakrika whiskyer<br \/>\nUnika detaljer<br \/>\nIllustrationer av Sir Quentin Blake, k\u00e4nd f\u00f6r sina samarbeten med Roald Dahl.<br \/>\nKarakt\u00e4rsbeskrivningar av whiskyexperten Dave Broom.<br \/>\nExpertutvalda whiskyer av Oliver Chilton (Master Blender hos Elixir Distillers).<br \/>\nDet \u00e4r en mycket samlarv\u00e4nlig serie d\u00e4r varje flaska ber\u00e4ttar en del av Macbeth genom whisky.<\/p>\n","protected":false},"excerpt":{"rendered":"<p>Single Malt Scotch Whisky<\/p>\n","protected":false},"featured_media":86269,"template":"","meta":{"_acf_changed":false,"rs_blank_template":"","rs_page_bg_color":"","slide_template_v7":""},"product_brand":[],"product_cat":[2387,4651,2392],"product_tag":[],"class_list":{"0":"post-86239","1":"product","2":"type-product","3":"status-publish","4":"has-post-thumbnail","6":"product_cat-avec-sv","7":"product_cat-single-malt-sv","8":"product_cat-whisky-sv","9":"pa_champagne-type-single-cask-sv","10":"pa_land-skottland","11":"pa_procent-55-1-sv","12":"pa_producent-clynelish-sv","13":"pa_region-highlands-sv","14":"pa_traefad-bourbon-sv","15":"pa_vintage-2010-sv","16":"pa_volume-70-sv-2","18":"first","19":"instock","20":"taxable","21":"shipping-taxable","22":"purchasable","23":"product-type-simple"},"bundled_by":[],"bundle_stock_status":"instock","bundle_stock_quantity":null,"bundle_virtual":false,"bundle_layout":"","bundle_add_to_cart_form_location":"","bundle_editable_in_cart":false,"bundle_sold_individually_context":"","bundle_item_grouping":"","bundle_min_size":"","bundle_max_size":"","bundle_price":[],"bundled_items":[],"bundle_sell_ids":[],"acf":[],"_links":{"self":[{"href":"https:\/\/www.raschvin.com\/sv\/wp-json\/wp\/v2\/product\/86239","targetHints":{"allow":["GET"]}}],"collection":[{"href":"https:\/\/www.raschvin.com\/sv\/wp-json\/wp\/v2\/product"}],"about":[{"href":"https:\/\/www.raschvin.com\/sv\/wp-json\/wp\/v2\/types\/product"}],"wp:featuredmedia":[{"embeddable":true,"href":"https:\/\/www.raschvin.com\/sv\/wp-json\/wp\/v2\/media\/86269"}],"wp:attachment":[{"href":"https:\/\/www.raschvin.com\/sv\/wp-json\/wp\/v2\/media?parent=86239"}],"wp:term":[{"taxonomy":"product_brand","embeddable":true,"href":"https:\/\/www.raschvin.com\/sv\/wp-json\/wp\/v2\/product_brand?post=86239"},{"taxonomy":"product_cat","embeddable":true,"href":"https:\/\/www.raschvin.com\/sv\/wp-json\/wp\/v2\/product_cat?post=86239"},{"taxonomy":"product_tag","embeddable":true,"href":"https:\/\/www.raschvin.com\/sv\/wp-json\/wp\/v2\/product_tag?post=86239"}],"curies":[{"name":"wp","href":"https:\/\/api.w.org\/{rel}","templated":true}]}}