{"id":85777,"date":"2025-03-26T14:16:51","date_gmt":"2025-03-26T13:16:51","guid":{"rendered":"https:\/\/www.raschvin.com\/produkt\/the-glendronach-ode-to-the-embers-70-cl-484\/"},"modified":"2025-03-26T14:16:51","modified_gmt":"2025-03-26T13:16:51","slug":"the-glendronach-ode-to-the-embers-70-cl-484","status":"publish","type":"product","link":"https:\/\/www.raschvin.com\/sv\/produkt\/the-glendronach-ode-to-the-embers-70-cl-484\/","title":{"rendered":"The Glendronach Ode to the Embers 70 cl. 48,4%"},"content":{"rendered":"<p>The Glendronach Ode To The Embers \u00e4r en sl\u00e5ende whisky som visar destilleriets engagemang f\u00f6r kvalitet och smak. P\u00e5 doften erbjuder den en intressant blandning av r\u00f6kiga toner, m\u00f6rka frukter och kryddor, vilket skapar en komplex aroma som bjuder in till utforskning. Smaken \u00e4r robust och bjuder p\u00e5 smaker av br\u00e4nd ek, torkade frukter och ett inslag av choklad, alla vackert sammanfl\u00e4tade. Eftersmaken \u00e4r l\u00e5ng och v\u00e4rmande med en subtil r\u00f6kighet som dr\u00f6jer kvar, vilket g\u00f6r den till ett unikt och minnesv\u00e4rt val f\u00f6r whiskyentusiaster. Den \u00e4r lagrad i b\u00e5de Oloroso- och Pedro Xim\u00e9nez-fat, s\u00e5 f\u00f6rv\u00e4nta dig en balanserad dram full av kryddiga fruktnoter och r\u00f6kiga inslag.<\/p>\n<p>SMAKNOTER<\/p>\n<p>F\u00c4RG<br \/>\nGl\u00f6dande b\u00e4rnsten<\/p>\n<p>DOFT<br \/>\nAromer av kanelkryddad toffee, \u00e4pple och karamelliserad valn\u00f6tsbr\u00e4ck blandat med flammande apelsin p\u00e5 ett gl\u00f6dande b\u00e5l.<\/p>\n<p>SMAK<br \/>\nSmak av russin och honungsvaln\u00f6tter som sm\u00e4lter samman med bj\u00f6rnb\u00e4rganache och r\u00f6kt chokladfudge.<\/p>\n<p>EFTERSMACK<br \/>\nL\u00e5ng och v\u00e4rmande med kvarst\u00e5ende russin, muskotn\u00f6t och sirap med inslag av r\u00f6kig nejlika.<\/p>\n<p>OM DESTILLERIET<br \/>\nGlendronach Distillery<br \/>\nJames Allardice grundade destilleriet 1826 och Glendronach var ett av de f\u00f6rsta licensierade destillerierna i Skottland. Glendronach-destilleriet k\u00f6ptes av Teachers and Sons Ltd omkring 1960, som \u00f6kade antalet stills fr\u00e5n tv\u00e5 till sex. 1920 k\u00f6pte kapten Charles Grant, son till grundaren av Glenfiddich, Glendronach. Destilleriet anv\u00e4nder fortfarande traditionella produktionsmetoder, inklusive &#8221;floor malting&#8221; och uppv\u00e4rmning av stills med kol fram till 2000-talet. Glendronach \u00e4r mest k\u00e4nt f\u00f6r anv\u00e4ndningen av spanska sherryfat, oloroso och Pedro Xim\u00e9nez (PX), vilket ger whiskyn en rik, fruktig och robust karakt\u00e4r. 1996 st\u00e4ngdes destilleriet tillf\u00e4lligt och \u00e5ter\u00f6ppnades 2002 av Allied Distillers Limited. Det s\u00e5ldes senare till BenRiach Distillery Company 2008, vilket ledde till en stor \u00e5terupplivning av varum\u00e4rket. Namnet Glendronach h\u00e4rstammar fr\u00e5n det skotsk-g\u00e4liska Gleann Dronach, vilket betyder &#8221;dalen med t\u00f6rnen&#8221;.<\/p>\n","protected":false},"excerpt":{"rendered":"<p>Highland Single Malt Scotch Whisky<\/p>\n","protected":false},"featured_media":85838,"template":"","meta":{"_acf_changed":false,"rs_blank_template":"","rs_page_bg_color":"","slide_template_v7":""},"product_brand":[],"product_cat":[2387,4651,2392],"product_tag":[],"class_list":{"0":"post-85777","1":"product","2":"type-product","3":"status-publish","4":"has-post-thumbnail","6":"product_cat-avec-sv","7":"product_cat-single-malt-sv","8":"product_cat-whisky-sv","9":"pa_land-skottland","10":"pa_procent-48-4-sv","11":"pa_producent-glendronach-sv","12":"pa_region-highland-sv","13":"pa_volume-70-sv-2","15":"first","16":"instock","17":"taxable","18":"shipping-taxable","19":"purchasable","20":"product-type-simple"},"bundled_by":[],"bundle_stock_status":"instock","bundle_stock_quantity":null,"bundle_virtual":false,"bundle_layout":"","bundle_add_to_cart_form_location":"","bundle_editable_in_cart":false,"bundle_sold_individually_context":"","bundle_item_grouping":"","bundle_min_size":"","bundle_max_size":"","bundle_price":[],"bundled_items":[],"bundle_sell_ids":[],"acf":[],"_links":{"self":[{"href":"https:\/\/www.raschvin.com\/sv\/wp-json\/wp\/v2\/product\/85777","targetHints":{"allow":["GET"]}}],"collection":[{"href":"https:\/\/www.raschvin.com\/sv\/wp-json\/wp\/v2\/product"}],"about":[{"href":"https:\/\/www.raschvin.com\/sv\/wp-json\/wp\/v2\/types\/product"}],"wp:featuredmedia":[{"embeddable":true,"href":"https:\/\/www.raschvin.com\/sv\/wp-json\/wp\/v2\/media\/85838"}],"wp:attachment":[{"href":"https:\/\/www.raschvin.com\/sv\/wp-json\/wp\/v2\/media?parent=85777"}],"wp:term":[{"taxonomy":"product_brand","embeddable":true,"href":"https:\/\/www.raschvin.com\/sv\/wp-json\/wp\/v2\/product_brand?post=85777"},{"taxonomy":"product_cat","embeddable":true,"href":"https:\/\/www.raschvin.com\/sv\/wp-json\/wp\/v2\/product_cat?post=85777"},{"taxonomy":"product_tag","embeddable":true,"href":"https:\/\/www.raschvin.com\/sv\/wp-json\/wp\/v2\/product_tag?post=85777"}],"curies":[{"name":"wp","href":"https:\/\/api.w.org\/{rel}","templated":true}]}}