{"id":85772,"date":"2025-03-26T14:09:05","date_gmt":"2025-03-26T13:09:05","guid":{"rendered":"https:\/\/www.raschvin.com\/produkt\/the-glendronach-ode-to-the-valley-70-cl-462\/"},"modified":"2025-03-26T14:09:05","modified_gmt":"2025-03-26T13:09:05","slug":"the-glendronach-ode-to-the-valley-70-cl-462","status":"publish","type":"product","link":"https:\/\/www.raschvin.com\/sv\/produkt\/the-glendronach-ode-to-the-valley-70-cl-462\/","title":{"rendered":"The Glendronach Ode to the Valley 70 cl. 46,2%"},"content":{"rendered":"<p>The Glendronach Ode to the Valley \u00e4r en f\u00e4ngslande whisky som hyllar destilleriets rika arv. Med en alkoholhalt p\u00e5 46,2% erbjuder denna 70cl utg\u00e5va en h\u00e4rlig smakupplevelse. P\u00e5 doften avsl\u00f6jar den en lockande blandning av m\u00f6rka frukter, toffee och ett inslag av kryddor, som v\u00e4cker v\u00e4rmen fr\u00e5n sin sherryfatsinfluens. Smaken \u00e4r rik och komplex med lager av torkade frukter, choklad och ett inslag av ek, vilket skapar en vackert balanserad smakprofil. Eftersmaken \u00e4r l\u00e5ng och v\u00e4rmande med kvarst\u00e5ende toner av s\u00f6t krydda och frukt, vilket g\u00f6r den till ett minnesv\u00e4rt val f\u00f6r whisky\u00e4lskare.<\/p>\n<p>SMAKNOTER<\/p>\n<p>F\u00c4RG<br \/>\nBr\u00e4nd koppar<\/p>\n<p>DOFT<br \/>\nAromer av sensommarb\u00e4r och chocolate de leche, med s\u00f6t demerarasocker och aprikosglasyr.<\/p>\n<p>SMAK<br \/>\nSmak av bj\u00f6rnb\u00e4r och rostad \u00e4ppelpaj med nybakat pepparkakbr\u00f6d och s\u00f6t plommon.<\/p>\n<p>EFTERSMACK<br \/>\nSvart k\u00f6rsb\u00e4rst\u00e5rta, lakrits och akaciahonung.<\/p>\n<p>OM DESTILLERIET<br \/>\nGlendronach Distillery<br \/>\nJames Allardice grundade destilleriet 1826 och Glendronach var ett av de f\u00f6rsta licensierade destillerierna i Skottland. Glendronach-destilleriet k\u00f6ptes av Teachers and Sons Ltd omkring 1960 som \u00f6kade antalet stills fr\u00e5n tv\u00e5 till sex. 1920 k\u00f6pte kapten Charles Grant, son till grundaren av Glenfiddich, Glendronach. Destilleriet anv\u00e4nder fortfarande traditionella produktionsmetoder, inklusive &#8221;floor malting&#8221; och uppv\u00e4rmning av stills med kol fram till 2000-talet. Glendronach \u00e4r mest k\u00e4nt f\u00f6r anv\u00e4ndningen av spanska sherryfat, oloroso och Pedro Xim\u00e9nez (PX), vilket ger whiskyn en rik, fruktig och robust karakt\u00e4r. 1996 st\u00e4ngdes destilleriet tillf\u00e4lligt och \u00e5ter\u00f6ppnades 2002 av Allied Distillers Limited. Det s\u00e5ldes senare till BenRiach Distillery Company 2008, vilket ledde till en stor \u00e5terupplivning av varum\u00e4rket. Namnet Glendronach h\u00e4rstammar fr\u00e5n det skotsk-g\u00e4liska Gleann Dronach, vilket betyder &#8221;dalen med t\u00f6rnen&#8221;.<\/p>\n","protected":false},"excerpt":{"rendered":"<p>Highland Single Malt Scotch Whisky<\/p>\n","protected":false},"featured_media":85841,"template":"","meta":{"_acf_changed":false,"rs_blank_template":"","rs_page_bg_color":"","slide_template_v7":""},"product_brand":[],"product_cat":[2387,4651,2392],"product_tag":[],"class_list":{"0":"post-85772","1":"product","2":"type-product","3":"status-publish","4":"has-post-thumbnail","6":"product_cat-avec-sv","7":"product_cat-single-malt-sv","8":"product_cat-whisky-sv","9":"pa_land-skottland","10":"pa_procent-46-2-sv","11":"pa_producent-glendronach-sv","12":"pa_region-highland-sv","13":"pa_volume-70-sv-2","15":"first","16":"instock","17":"taxable","18":"shipping-taxable","19":"purchasable","20":"product-type-simple"},"bundled_by":[],"bundle_stock_status":"instock","bundle_stock_quantity":null,"bundle_virtual":false,"bundle_layout":"","bundle_add_to_cart_form_location":"","bundle_editable_in_cart":false,"bundle_sold_individually_context":"","bundle_item_grouping":"","bundle_min_size":"","bundle_max_size":"","bundle_price":[],"bundled_items":[],"bundle_sell_ids":[],"acf":[],"_links":{"self":[{"href":"https:\/\/www.raschvin.com\/sv\/wp-json\/wp\/v2\/product\/85772","targetHints":{"allow":["GET"]}}],"collection":[{"href":"https:\/\/www.raschvin.com\/sv\/wp-json\/wp\/v2\/product"}],"about":[{"href":"https:\/\/www.raschvin.com\/sv\/wp-json\/wp\/v2\/types\/product"}],"wp:featuredmedia":[{"embeddable":true,"href":"https:\/\/www.raschvin.com\/sv\/wp-json\/wp\/v2\/media\/85841"}],"wp:attachment":[{"href":"https:\/\/www.raschvin.com\/sv\/wp-json\/wp\/v2\/media?parent=85772"}],"wp:term":[{"taxonomy":"product_brand","embeddable":true,"href":"https:\/\/www.raschvin.com\/sv\/wp-json\/wp\/v2\/product_brand?post=85772"},{"taxonomy":"product_cat","embeddable":true,"href":"https:\/\/www.raschvin.com\/sv\/wp-json\/wp\/v2\/product_cat?post=85772"},{"taxonomy":"product_tag","embeddable":true,"href":"https:\/\/www.raschvin.com\/sv\/wp-json\/wp\/v2\/product_tag?post=85772"}],"curies":[{"name":"wp","href":"https:\/\/api.w.org\/{rel}","templated":true}]}}