{"id":85769,"date":"2025-03-26T13:49:20","date_gmt":"2025-03-26T12:49:20","guid":{"rendered":"https:\/\/www.raschvin.com\/produkt\/the-glendronach-ode-to-the-dark-70-cl-508\/"},"modified":"2025-03-26T13:49:20","modified_gmt":"2025-03-26T12:49:20","slug":"the-glendronach-ode-to-the-dark-70-cl-508","status":"publish","type":"product","link":"https:\/\/www.raschvin.com\/sv\/produkt\/the-glendronach-ode-to-the-dark-70-cl-508\/","title":{"rendered":"The Glendronach Ode to the Dark 70 cl. 50,8%"},"content":{"rendered":"<p>Som ett stearinljus genom ett f\u00f6nster p\u00e5 en m\u00f6rk vinterkv\u00e4ll, \u00e4r Glendronach Ode To The Dark en djup b\u00e4rnstenf\u00e4rgad v\u00e4tska som gl\u00f6der med dolda djup. Buteljerad vid 50,8%, \u00e4r detta en del av The Master&#8217;s Anthology och \u00e4r ett single malt-erbjudande fr\u00e5n Glendronach som har mognat i Pedro Xim\u00e9nez-sherryfat.<\/p>\n<p>V\u00e4tskan exploderar p\u00e5 gommen med l\u00e4tta kryddor och s\u00f6tma som sedan f\u00e5r en avrundad komplexitet med de rika m\u00f6rka undertonerna av mocha, svart k\u00f6rsb\u00e4r och choklad.<\/p>\n<p>F\u00c4RG<br \/>\nSvart Granat<\/p>\n<p>DOFT<br \/>\nAromer av mocha, svart k\u00f6rsb\u00e4r och m\u00f6rk choklad. Cr\u00e9me br\u00fbl\u00e9e med russin, brunt socker och ingef\u00e4ra.<\/p>\n<p>SMAK<br \/>\nSmak av mjuk espresso och cr\u00e8me caramel som blandas med svarta druvor och mintchokladganache.<\/p>\n<p>EFTERSMACK<br \/>\nDekadent kakao, hasseln\u00f6t och tranb\u00e4r.<\/p>\n<p>OM DESTILLERIET<br \/>\nGlendronach Distillery<br \/>\nJames Allardice grundade destilleriet 1826 och Glendronach var ett av de f\u00f6rsta licensierade destillerierna i Skottland. Glendronach-destilleriet k\u00f6ptes av Teachers and Sons Ltd omkring 1960 som \u00f6kade antalet stills fr\u00e5n tv\u00e5 till sex. 1920 k\u00f6pte kapten Charles Grant, son till grundaren av Glenfiddich, Glendronach. Destilleriet anv\u00e4nder fortfarande traditionella produktionsmetoder, inklusive &#8221;floor malting&#8221; och uppv\u00e4rmning av stills med kol fram till 2000-talet. Glendronach \u00e4r mest k\u00e4nt f\u00f6r anv\u00e4ndningen av spanska sherryfat, oloroso och Pedro Xim\u00e9nez (PX), vilket ger whiskyn en rik, fruktig och robust karakt\u00e4r. 1996 st\u00e4ngdes destilleriet tillf\u00e4lligt och \u00e5ter\u00f6ppnades 2002 av Allied Distillers Limited. Det s\u00e5ldes senare till BenRiach Distillery Company 2008, vilket ledde till en stor \u00e5terupplivning av varum\u00e4rket. Namnet Glendronach h\u00e4rstammar fr\u00e5n det skotsk-g\u00e4liska Gleann Dronach, vilket betyder &#8221;dalen med t\u00f6rnen&#8221;.<\/p>\n","protected":false},"excerpt":{"rendered":"<p>Highland Single Malt Scotch Whisky<\/p>\n","protected":false},"featured_media":85835,"template":"","meta":{"_acf_changed":false,"rs_blank_template":"","rs_page_bg_color":"","slide_template_v7":""},"product_brand":[],"product_cat":[2387,4651,2392],"product_tag":[],"class_list":{"0":"post-85769","1":"product","2":"type-product","3":"status-publish","4":"has-post-thumbnail","6":"product_cat-avec-sv","7":"product_cat-single-malt-sv","8":"product_cat-whisky-sv","9":"pa_land-skottland","10":"pa_procent-50-8-sv","11":"pa_producent-glendronach-sv","12":"pa_region-highland-sv","13":"pa_volume-70-sv-2","15":"first","16":"instock","17":"taxable","18":"shipping-taxable","19":"purchasable","20":"product-type-simple"},"bundled_by":[],"bundle_stock_status":"instock","bundle_stock_quantity":null,"bundle_virtual":false,"bundle_layout":"","bundle_add_to_cart_form_location":"","bundle_editable_in_cart":false,"bundle_sold_individually_context":"","bundle_item_grouping":"","bundle_min_size":"","bundle_max_size":"","bundle_price":[],"bundled_items":[],"bundle_sell_ids":[],"acf":[],"_links":{"self":[{"href":"https:\/\/www.raschvin.com\/sv\/wp-json\/wp\/v2\/product\/85769","targetHints":{"allow":["GET"]}}],"collection":[{"href":"https:\/\/www.raschvin.com\/sv\/wp-json\/wp\/v2\/product"}],"about":[{"href":"https:\/\/www.raschvin.com\/sv\/wp-json\/wp\/v2\/types\/product"}],"wp:featuredmedia":[{"embeddable":true,"href":"https:\/\/www.raschvin.com\/sv\/wp-json\/wp\/v2\/media\/85835"}],"wp:attachment":[{"href":"https:\/\/www.raschvin.com\/sv\/wp-json\/wp\/v2\/media?parent=85769"}],"wp:term":[{"taxonomy":"product_brand","embeddable":true,"href":"https:\/\/www.raschvin.com\/sv\/wp-json\/wp\/v2\/product_brand?post=85769"},{"taxonomy":"product_cat","embeddable":true,"href":"https:\/\/www.raschvin.com\/sv\/wp-json\/wp\/v2\/product_cat?post=85769"},{"taxonomy":"product_tag","embeddable":true,"href":"https:\/\/www.raschvin.com\/sv\/wp-json\/wp\/v2\/product_tag?post=85769"}],"curies":[{"name":"wp","href":"https:\/\/api.w.org\/{rel}","templated":true}]}}