{"id":85766,"date":"2026-03-22T10:02:56","date_gmt":"2026-03-22T09:02:56","guid":{"rendered":"https:\/\/www.raschvin.com\/produkt\/the-glendronach-aged-18-years-70-cl-46\/"},"modified":"2025-03-26T13:39:56","modified_gmt":"2025-03-26T12:39:56","slug":"the-glendronach-aged-18-years-70-cl-46","status":"publish","type":"product","link":"https:\/\/www.raschvin.com\/sv\/produkt\/the-glendronach-aged-18-years-70-cl-46\/","title":{"rendered":"The Glendronach Aged 18 Years 70 cl. 46%"},"content":{"rendered":"<p>The GlenDronach 18 Year Old \u00e4r en passande hyllning till grundaren av v\u00e5rt destilleri. Mognad i fina Oloroso-sherryfat fr\u00e5n Andalusien i Spanien, denna rikligt sherrylagrade Highland Single Malt Scotch Whisky presenterar en uts\u00f6kt komplexitet, d\u00e4r m\u00f6rk sirap, allkrydda och valn\u00f6t forts\u00e4tter in i den l\u00e5nga, dr\u00f6jande finishen.<\/p>\n<p>Denna utg\u00e5va \u00e4r buteljerad vid 46%, icke-kallfiltrerad och naturlig i f\u00e4rgen.<\/p>\n<p>SMAKNOTER<\/p>\n<p>F\u00e4rg: Klar djupt guld med en r\u00f6dbrun k\u00e4rna.<br \/>\nDoft: S\u00f6t aromatik av fudge och muscovadosocker. Fruktkompott och glasyrda morellk\u00f6rsb\u00e4r ger extra komplexitet.<br \/>\nSmak: Rik, m\u00f6rk och f\u00f6rf\u00f6rande. Anm\u00e4rkningsv\u00e4rda smaker av stuvade frukter och allkrydda gifter sig med klassisk lagrad Oloroso-sherry och rostat valn\u00f6tsbr\u00f6d i kombination med choklad.<br \/>\nFinish: Otroligt komplex och l\u00e5ng.<\/p>\n<p>UTM\u00c4RKELSER<br \/>\n2024 San Francisco World Spirits Competition Double Gold Medal Winner.<\/p>\n","protected":false},"excerpt":{"rendered":"<p>Highland Single Malt Scotch Whisky<\/p>\n","protected":false},"featured_media":85862,"template":"","meta":{"_acf_changed":false,"rs_blank_template":"","rs_page_bg_color":"","slide_template_v7":""},"product_brand":[],"product_cat":[2387,4651,2392],"product_tag":[],"class_list":{"0":"post-85766","1":"product","2":"type-product","3":"status-publish","4":"has-post-thumbnail","6":"product_cat-avec-sv","7":"product_cat-single-malt-sv","8":"product_cat-whisky-sv","9":"pa_land-skottland","10":"pa_procent-46-sv","11":"pa_producent-glendronach-sv","12":"pa_region-highland-sv","13":"pa_volume-70-sv-2","15":"first","16":"instock","17":"taxable","18":"shipping-taxable","19":"purchasable","20":"product-type-simple"},"bundled_by":[],"bundle_stock_status":"instock","bundle_stock_quantity":null,"bundle_virtual":false,"bundle_layout":"","bundle_add_to_cart_form_location":"","bundle_editable_in_cart":false,"bundle_sold_individually_context":"","bundle_item_grouping":"","bundle_min_size":"","bundle_max_size":"","bundle_price":[],"bundled_items":[],"bundle_sell_ids":[],"acf":[],"_links":{"self":[{"href":"https:\/\/www.raschvin.com\/sv\/wp-json\/wp\/v2\/product\/85766","targetHints":{"allow":["GET"]}}],"collection":[{"href":"https:\/\/www.raschvin.com\/sv\/wp-json\/wp\/v2\/product"}],"about":[{"href":"https:\/\/www.raschvin.com\/sv\/wp-json\/wp\/v2\/types\/product"}],"wp:featuredmedia":[{"embeddable":true,"href":"https:\/\/www.raschvin.com\/sv\/wp-json\/wp\/v2\/media\/85862"}],"wp:attachment":[{"href":"https:\/\/www.raschvin.com\/sv\/wp-json\/wp\/v2\/media?parent=85766"}],"wp:term":[{"taxonomy":"product_brand","embeddable":true,"href":"https:\/\/www.raschvin.com\/sv\/wp-json\/wp\/v2\/product_brand?post=85766"},{"taxonomy":"product_cat","embeddable":true,"href":"https:\/\/www.raschvin.com\/sv\/wp-json\/wp\/v2\/product_cat?post=85766"},{"taxonomy":"product_tag","embeddable":true,"href":"https:\/\/www.raschvin.com\/sv\/wp-json\/wp\/v2\/product_tag?post=85766"}],"curies":[{"name":"wp","href":"https:\/\/api.w.org\/{rel}","templated":true}]}}