{"id":85763,"date":"2025-03-26T13:20:00","date_gmt":"2025-03-26T12:20:00","guid":{"rendered":"https:\/\/www.raschvin.com\/produkt\/the-glendronach-aged-15-years-70-cl-46\/"},"modified":"2025-03-26T13:20:00","modified_gmt":"2025-03-26T12:20:00","slug":"the-glendronach-aged-15-years-70-cl-46","status":"publish","type":"product","link":"https:\/\/www.raschvin.com\/sv\/produkt\/the-glendronach-aged-15-years-70-cl-46\/","title":{"rendered":"The Glendronach Aged 15 Years 70 cl. 46%"},"content":{"rendered":"<p>Efter att ha upph\u00f6rt med produktionen 2015, \u00e5terv\u00e4nder The GlenDronach Revival Aged 15 years nu till destilleriets k\u00e4rnserie. Denna uttryck f\u00e5ngar The GlenDronachs signaturstil med mognad i spanska sherryfat av fin Pedro Xim\u00e9nez- och Oloroso-sherry fr\u00e5n Andalusien, som l\u00e5ngsamt har vuxit sig kraftfull under 15 \u00e5r i m\u00f6rkret p\u00e5 v\u00e5ra dunnage-lager.<\/p>\n<p>I smaken bjuder uttrycket p\u00e5 ljuvliga toner av m\u00f6rka frukter, rik choklad och manukahonung med en omfamnande och minnesv\u00e4rd finish, som g\u00f6r denna monumentala malt r\u00e4ttvisa. Denna lyxigt sherryfatslagrade Highland Single Malt Scotch Whisky \u00e4r buteljerad vid 46% ABV, icke-kallfiltrerad och naturlig i f\u00e4rgen.<\/p>\n<p>F\u00e4rg: Antik brons.<br \/>\nDoft: En berusande burst av maraschino-k\u00f6rsb\u00e4r, mogen bj\u00f6rnb\u00e4r och m\u00f6rk chokladmynta med inslag av apelsinbitter och valn\u00f6tslik\u00f6r.<br \/>\nSmak: Honungsglaserad aprikos och mogen fikon med ett crescendo av svart k\u00f6rsb\u00e4r, angelica och muscovado.<br \/>\nFinish: L\u00e5ng och omfamnande med m\u00f6rk manukahonung, \u00f6rtbitter och m\u00f6rk choklad.<\/p>\n","protected":false},"excerpt":{"rendered":"<p>Highland Single Malt Scotch Whisky<\/p>\n","protected":false},"featured_media":85784,"template":"","meta":{"_acf_changed":false,"rs_blank_template":"","rs_page_bg_color":"","slide_template_v7":""},"product_brand":[],"product_cat":[2387,4651,2392],"product_tag":[],"class_list":{"0":"post-85763","1":"product","2":"type-product","3":"status-publish","4":"has-post-thumbnail","6":"product_cat-avec-sv","7":"product_cat-single-malt-sv","8":"product_cat-whisky-sv","9":"pa_land-skottland","10":"pa_procent-46-sv","11":"pa_producent-glendronach-sv","12":"pa_region-highland-sv","13":"pa_volume-70-sv-2","15":"first","16":"outofstock","17":"taxable","18":"shipping-taxable","19":"purchasable","20":"product-type-simple"},"bundled_by":[],"bundle_stock_status":"outofstock","bundle_stock_quantity":null,"bundle_virtual":false,"bundle_layout":"","bundle_add_to_cart_form_location":"","bundle_editable_in_cart":false,"bundle_sold_individually_context":"","bundle_item_grouping":"","bundle_min_size":"","bundle_max_size":"","bundle_price":[],"bundled_items":[],"bundle_sell_ids":[],"acf":[],"_links":{"self":[{"href":"https:\/\/www.raschvin.com\/sv\/wp-json\/wp\/v2\/product\/85763","targetHints":{"allow":["GET"]}}],"collection":[{"href":"https:\/\/www.raschvin.com\/sv\/wp-json\/wp\/v2\/product"}],"about":[{"href":"https:\/\/www.raschvin.com\/sv\/wp-json\/wp\/v2\/types\/product"}],"wp:featuredmedia":[{"embeddable":true,"href":"https:\/\/www.raschvin.com\/sv\/wp-json\/wp\/v2\/media\/85784"}],"wp:attachment":[{"href":"https:\/\/www.raschvin.com\/sv\/wp-json\/wp\/v2\/media?parent=85763"}],"wp:term":[{"taxonomy":"product_brand","embeddable":true,"href":"https:\/\/www.raschvin.com\/sv\/wp-json\/wp\/v2\/product_brand?post=85763"},{"taxonomy":"product_cat","embeddable":true,"href":"https:\/\/www.raschvin.com\/sv\/wp-json\/wp\/v2\/product_cat?post=85763"},{"taxonomy":"product_tag","embeddable":true,"href":"https:\/\/www.raschvin.com\/sv\/wp-json\/wp\/v2\/product_tag?post=85763"}],"curies":[{"name":"wp","href":"https:\/\/api.w.org\/{rel}","templated":true}]}}