{"id":85752,"date":"2025-03-26T11:33:06","date_gmt":"2025-03-26T10:33:06","guid":{"rendered":"https:\/\/www.raschvin.com\/produkt\/zubrowka-biala-vodka-70-cl-375\/"},"modified":"2025-03-26T11:33:06","modified_gmt":"2025-03-26T10:33:06","slug":"zubrowka-biala-vodka-70-cl-375","status":"publish","type":"product","link":"https:\/\/www.raschvin.com\/sv\/produkt\/zubrowka-biala-vodka-70-cl-375\/","title":{"rendered":"Zubrowka Biala Vodka 70 cl. 37,5%"},"content":{"rendered":"<p>Zubrowka Biala Vodka presenterar sig som en kristallklar sprit som genomg\u00e5r en noggrann filtreringsprocess i sex steg. Filtreringen kulminerar i anv\u00e4ndningen av ett platinumsfilter, vilket inte bara resulterar i en genomskinlig vodka utan ocks\u00e5 ger den en s\u00e4rskilt mjuk och behaglig finish.<\/p>\n<p>Zubrowka har f\u00e5tt erk\u00e4nnande som Polens mest popul\u00e4ra vodkam\u00e4rke och har mottagit flera utm\u00e4rkelser, senast en guldmedalj vid World Vodka Masters Competition 2021. Med sin rena och balanserade smak \u00e4r Zubrowka Biala ett perfekt val f\u00f6r b\u00e5de klassiska och moderna cocktails eller helt enkelt att avnjutas rent \u2013 kyld f\u00f6r den ultimata smakupplevelsen.<\/p>\n<p>Dess h\u00f6ga kvalitet och karakteristiska mjukhet g\u00f6r den till en favorit bland vodka\u00e4lskare v\u00e4rlden \u00f6ver, och dess historia \u00e4r djupt f\u00f6rankrad i polsk destillationstradition. Oavsett om du f\u00f6redrar den i en uppfriskande vodka tonic, en sofistikerad martini eller som bas i en innovativ cocktail, levererar Zubrowka Biala en upplevelse av ren elegans och finess.<\/p>\n","protected":false},"excerpt":{"rendered":"<p>Polish Premium Vodka<\/p>\n","protected":false},"featured_media":85898,"template":"","meta":{"_acf_changed":false,"rs_blank_template":"","rs_page_bg_color":"","slide_template_v7":""},"product_brand":[],"product_cat":[4609,2402,2409],"product_tag":[],"class_list":{"0":"post-85752","1":"product","2":"type-product","3":"status-publish","4":"has-post-thumbnail","6":"product_cat-plain-sv","7":"product_cat-sprit-sv","8":"product_cat-vodka-sv","9":"pa_land-polen-sv","10":"pa_procent-37-5-sv","11":"pa_producent-polmos-bialystok-distillery-sv","12":"pa_volume-70-sv-2","14":"first","15":"instock","16":"taxable","17":"shipping-taxable","18":"purchasable","19":"product-type-simple"},"bundled_by":[],"bundle_stock_status":"instock","bundle_stock_quantity":null,"bundle_virtual":false,"bundle_layout":"","bundle_add_to_cart_form_location":"","bundle_editable_in_cart":false,"bundle_sold_individually_context":"","bundle_item_grouping":"","bundle_min_size":"","bundle_max_size":"","bundle_price":[],"bundled_items":[],"bundle_sell_ids":[],"acf":[],"_links":{"self":[{"href":"https:\/\/www.raschvin.com\/sv\/wp-json\/wp\/v2\/product\/85752","targetHints":{"allow":["GET"]}}],"collection":[{"href":"https:\/\/www.raschvin.com\/sv\/wp-json\/wp\/v2\/product"}],"about":[{"href":"https:\/\/www.raschvin.com\/sv\/wp-json\/wp\/v2\/types\/product"}],"wp:featuredmedia":[{"embeddable":true,"href":"https:\/\/www.raschvin.com\/sv\/wp-json\/wp\/v2\/media\/85898"}],"wp:attachment":[{"href":"https:\/\/www.raschvin.com\/sv\/wp-json\/wp\/v2\/media?parent=85752"}],"wp:term":[{"taxonomy":"product_brand","embeddable":true,"href":"https:\/\/www.raschvin.com\/sv\/wp-json\/wp\/v2\/product_brand?post=85752"},{"taxonomy":"product_cat","embeddable":true,"href":"https:\/\/www.raschvin.com\/sv\/wp-json\/wp\/v2\/product_cat?post=85752"},{"taxonomy":"product_tag","embeddable":true,"href":"https:\/\/www.raschvin.com\/sv\/wp-json\/wp\/v2\/product_tag?post=85752"}],"curies":[{"name":"wp","href":"https:\/\/api.w.org\/{rel}","templated":true}]}}