{"id":85653,"date":"2025-03-26T08:33:46","date_gmt":"2025-03-26T07:33:46","guid":{"rendered":"https:\/\/www.raschvin.com\/produkt\/cuba-kurant-70-cl-30\/"},"modified":"2025-03-26T08:33:46","modified_gmt":"2025-03-26T07:33:46","slug":"cuba-kurant-70-cl-30","status":"publish","type":"product","link":"https:\/\/www.raschvin.com\/sv\/produkt\/cuba-kurant-70-cl-30\/","title":{"rendered":"CUBA Kurant 70 cl. 30%"},"content":{"rendered":"<p>Upplev essensen av sommar med CUBAs senaste smaksatta vodka med smak av svarta vinb\u00e4r. Varje klunk \u00e4r en symfoni av smaker d\u00e4r fylligheten fr\u00e5n solmogna svarta vinb\u00e4r m\u00f6ter den rena, mjuka intensiteten hos premiumvodka\u2014ett k\u00e4nnetecken f\u00f6r CUBAs vodkasortiment.<\/p>\n<p>CUBA Kurant har en intensiv lila f\u00e4rg som bjuder in till fest och f\u00e4rgprakt. Perfekt f\u00f6r att skapa riktigt snygga cocktails och drinkar. L\u00e5t dig f\u00f6rf\u00f6ras av den s\u00f6ta och fylliga smaken av svarta vinb\u00e4r, som f\u00e5r dina sinnen att dansa och lyfter dina cocktails till nya h\u00f6jder.<\/p>\n<p>CUBA Kurant \u00e4r tillverkad av den finaste \u00e4kta vodkan, trippeldestillerad f\u00f6r en exceptionell renhet. Den kan blandas med olika l\u00e4skedrycker eller juicer f\u00f6r att skapa fantastiska cocktails och drinkar.<\/p>\n<p>CUBA Kurant Recept<br \/>\nSvartvinb\u00e4rs-lemonad<\/p>\n<p>2 cl CUBA Kurant<br \/>\nCitronl\u00e4sk<br \/>\nH\u00e4ll CUBA Kurant \u00f6ver isbitar och fyll upp med citronl\u00e4sk. Garnera g\u00e4rna med f\u00e4rska b\u00e4r och skivor av citron eller lime.<\/p>\n<p>Purple Rain<\/p>\n<p>2 cl CUBA Kurant<br \/>\nSprite<br \/>\nH\u00e4ll CUBA Kurant \u00f6ver isbitar och fyll upp med Sprite. Garnera g\u00e4rna med f\u00e4rska b\u00e4r och skivor av citron eller lime.<\/p>\n<p>Svartvinb\u00e4rssorbet (Slush\/Frozen)<\/p>\n<p>2 cl CUBA Kurant<br \/>\n2 cl BARMIX Lime Sirap<br \/>\n2 cl BARMIX Bj\u00f6rnb\u00e4rssirap<br \/>\nCitronl\u00e4sk<br \/>\nIsbitar<br \/>\nMixa citronl\u00e4sk och siraper med isbitar. H\u00e4ll upp i ett glas och tills\u00e4tt 2 cl CUBA Kurant. Garnera med en skiva lime och f\u00e4rska eller frysta svarta vinb\u00e4r.<\/p>\n","protected":false},"excerpt":{"rendered":"<p>Danish Flavored Vodka<\/p>\n","protected":false},"featured_media":85668,"template":"","meta":{"_acf_changed":false,"rs_blank_template":"","rs_page_bg_color":"","slide_template_v7":""},"product_brand":[],"product_cat":[2402,2409,4614,4670,9392,9395,9398,9404],"product_tag":[],"class_list":{"0":"post-85653","1":"product","2":"type-product","3":"status-publish","4":"has-post-thumbnail","6":"product_cat-sprit-sv","7":"product_cat-vodka-sv","8":"product_cat-flavoured-sv","9":"product_cat-frukt","10":"product_cat-likor-och-ol","11":"product_cat-likortyper","12":"product_cat-likor-efter-bas","13":"product_cat-vodkalikor","14":"pa_land-danmark-sv","15":"pa_procent-30-sv","16":"pa_producent-spritfabrikken-danmark-sv","17":"pa_volume-70-sv-2","19":"first","20":"instock","21":"taxable","22":"shipping-taxable","23":"purchasable","24":"product-type-simple"},"bundled_by":[],"bundle_stock_status":"instock","bundle_stock_quantity":null,"bundle_virtual":false,"bundle_layout":"","bundle_add_to_cart_form_location":"","bundle_editable_in_cart":false,"bundle_sold_individually_context":"","bundle_item_grouping":"","bundle_min_size":"","bundle_max_size":"","bundle_price":[],"bundled_items":[],"bundle_sell_ids":[],"acf":[],"_links":{"self":[{"href":"https:\/\/www.raschvin.com\/sv\/wp-json\/wp\/v2\/product\/85653","targetHints":{"allow":["GET"]}}],"collection":[{"href":"https:\/\/www.raschvin.com\/sv\/wp-json\/wp\/v2\/product"}],"about":[{"href":"https:\/\/www.raschvin.com\/sv\/wp-json\/wp\/v2\/types\/product"}],"wp:featuredmedia":[{"embeddable":true,"href":"https:\/\/www.raschvin.com\/sv\/wp-json\/wp\/v2\/media\/85668"}],"wp:attachment":[{"href":"https:\/\/www.raschvin.com\/sv\/wp-json\/wp\/v2\/media?parent=85653"}],"wp:term":[{"taxonomy":"product_brand","embeddable":true,"href":"https:\/\/www.raschvin.com\/sv\/wp-json\/wp\/v2\/product_brand?post=85653"},{"taxonomy":"product_cat","embeddable":true,"href":"https:\/\/www.raschvin.com\/sv\/wp-json\/wp\/v2\/product_cat?post=85653"},{"taxonomy":"product_tag","embeddable":true,"href":"https:\/\/www.raschvin.com\/sv\/wp-json\/wp\/v2\/product_tag?post=85653"}],"curies":[{"name":"wp","href":"https:\/\/api.w.org\/{rel}","templated":true}]}}