{"id":85514,"date":"2025-03-25T10:09:18","date_gmt":"2025-03-25T09:09:18","guid":{"rendered":"https:\/\/www.raschvin.com\/produkt\/ron-anejo-carupano-reserva-21-privada-70-cl-40\/"},"modified":"2025-03-25T10:09:18","modified_gmt":"2025-03-25T09:09:18","slug":"ron-anejo-carupano-reserva-21-privada-70-cl-40","status":"publish","type":"product","link":"https:\/\/www.raschvin.com\/sv\/produkt\/ron-anejo-carupano-reserva-21-privada-70-cl-40\/","title":{"rendered":"Ron A\u00f1ejo Carupano Reserva 21 Privada 70 cl. 40%"},"content":{"rendered":"<p>Carmen L\u00f3pez de Bastidas \u00e4r Venezuelas enda kvinnliga master blender, och Car\u00fapano 21 \u00e4r hennes m\u00e4sterverk. Denna rom, med undertiteln Reserva Privada, \u00e4r lagrad i upp till 21 \u00e5r p\u00e5 amerikanska ekfat. De varma dagarna och svala n\u00e4tterna ger en h\u00f6g avdunstning, och till skillnad fr\u00e5n i andra l\u00e4nder fylls faten inte p\u00e5 igen. S\u00e5dan \u00e4r traditionen i Car\u00fapano, eftersom de anser att det ger den b\u00e4sta rommen \u2013 \u00e4ven om processen \u00e4r kostsam.<\/p>\n<p>F\u00e4rg: Mahogny.<br \/>\nDoft: Djupa, m\u00f6rka toner av kaffe, kokos, torkad frukt, tobak och choklad.<br \/>\nSmaknoter: Behaglig s\u00f6tma och fyllig munk\u00e4nsla. Torkad frukt (dadlar, russin), vanilj, karamell och en balanserad, kryddig ekton i avslutningen.<\/p>\n<p>Serveringsf\u00f6rslag: B\u00f6r avnjutas rent.<\/p>\n","protected":false},"excerpt":{"rendered":"<p>Venezuela Premium Aged Rum<\/p>\n","protected":false},"featured_media":85530,"template":"","meta":{"_acf_changed":false,"rs_blank_template":"","rs_page_bg_color":"","slide_template_v7":""},"product_brand":[],"product_cat":[2387,4634,2391],"product_tag":[],"class_list":{"0":"post-85514","1":"product","2":"type-product","3":"status-publish","4":"has-post-thumbnail","6":"product_cat-avec-sv","7":"product_cat-premium-aged-sv","8":"product_cat-rom-sv","9":"pa_land-venezuela-sv","10":"pa_procent-40-sv-2","11":"pa_producent-destileria-carupano-sv","12":"pa_volume-70-sv-2","14":"first","15":"instock","16":"taxable","17":"shipping-taxable","18":"purchasable","19":"product-type-simple"},"bundled_by":[],"bundle_stock_status":"instock","bundle_stock_quantity":null,"bundle_virtual":false,"bundle_layout":"","bundle_add_to_cart_form_location":"","bundle_editable_in_cart":false,"bundle_sold_individually_context":"","bundle_item_grouping":"","bundle_min_size":"","bundle_max_size":"","bundle_price":[],"bundled_items":[],"bundle_sell_ids":[],"acf":[],"_links":{"self":[{"href":"https:\/\/www.raschvin.com\/sv\/wp-json\/wp\/v2\/product\/85514","targetHints":{"allow":["GET"]}}],"collection":[{"href":"https:\/\/www.raschvin.com\/sv\/wp-json\/wp\/v2\/product"}],"about":[{"href":"https:\/\/www.raschvin.com\/sv\/wp-json\/wp\/v2\/types\/product"}],"wp:featuredmedia":[{"embeddable":true,"href":"https:\/\/www.raschvin.com\/sv\/wp-json\/wp\/v2\/media\/85530"}],"wp:attachment":[{"href":"https:\/\/www.raschvin.com\/sv\/wp-json\/wp\/v2\/media?parent=85514"}],"wp:term":[{"taxonomy":"product_brand","embeddable":true,"href":"https:\/\/www.raschvin.com\/sv\/wp-json\/wp\/v2\/product_brand?post=85514"},{"taxonomy":"product_cat","embeddable":true,"href":"https:\/\/www.raschvin.com\/sv\/wp-json\/wp\/v2\/product_cat?post=85514"},{"taxonomy":"product_tag","embeddable":true,"href":"https:\/\/www.raschvin.com\/sv\/wp-json\/wp\/v2\/product_tag?post=85514"}],"curies":[{"name":"wp","href":"https:\/\/api.w.org\/{rel}","templated":true}]}}