{"id":85511,"date":"2025-03-25T10:01:40","date_gmt":"2025-03-25T09:01:40","guid":{"rendered":"https:\/\/www.raschvin.com\/produkt\/ron-anejo-carupano-reserva-18-limitada-70-cl-40\/"},"modified":"2025-03-25T10:01:40","modified_gmt":"2025-03-25T09:01:40","slug":"ron-anejo-carupano-reserva-18-limitada-70-cl-40","status":"publish","type":"product","link":"https:\/\/www.raschvin.com\/sv\/produkt\/ron-anejo-carupano-reserva-18-limitada-70-cl-40\/","title":{"rendered":"Ron A\u00f1ejo Carupano Reserva 18 Limitada 70 cl. 40%"},"content":{"rendered":"<p>Ron Car\u00fapano lanserade den lyxiga Reserva Limitada \u00e5r 2020. Detta \u00e4r en l\u00e5nglagrad rom som mognar i f\u00f6rseglade ex-bourbonfat i upp till 18 \u00e5r utan att ers\u00e4tta Angel\u2019s Share. Till nedvattningen anv\u00e4nds enbart Car\u00fapanos eget k\u00e4llvatten \u2013 en hj\u00e4rtefr\u00e5ga f\u00f6r destilleriet, som betonar dess stora betydelse f\u00f6r rommens smak. En mjuk, len och v\u00e4lbalanserad rom som \u00e4r ett utm\u00e4rkt exempel p\u00e5 vad Venezuela har att erbjuda.<\/p>\n<p>F\u00e4rg: M\u00f6rkt gyllene.<br \/>\nDoft: Toner av kanderade frukter, ek och honung.<br \/>\nSmaknoter: En behaglig och l\u00e5ngvarig smakupplevelse med toner av fikon och en hint av choklad.<\/p>\n<p>Serveringsf\u00f6rslag: B\u00f6r avnjutas rent.<\/p>\n","protected":false},"excerpt":{"rendered":"<p>Venezuela Premium Aged Rum<\/p>\n","protected":false},"featured_media":85584,"template":"","meta":{"_acf_changed":false,"rs_blank_template":"","rs_page_bg_color":"","slide_template_v7":""},"product_brand":[],"product_cat":[2387,4634,2391],"product_tag":[],"class_list":{"0":"post-85511","1":"product","2":"type-product","3":"status-publish","4":"has-post-thumbnail","6":"product_cat-avec-sv","7":"product_cat-premium-aged-sv","8":"product_cat-rom-sv","9":"pa_land-venezuela-sv","10":"pa_procent-40-sv-2","11":"pa_producent-destileria-carupano-sv","12":"pa_volume-70-sv-2","14":"first","15":"instock","16":"taxable","17":"shipping-taxable","18":"purchasable","19":"product-type-simple"},"bundled_by":[],"bundle_stock_status":"instock","bundle_stock_quantity":null,"bundle_virtual":false,"bundle_layout":"","bundle_add_to_cart_form_location":"","bundle_editable_in_cart":false,"bundle_sold_individually_context":"","bundle_item_grouping":"","bundle_min_size":"","bundle_max_size":"","bundle_price":[],"bundled_items":[],"bundle_sell_ids":[],"acf":[],"_links":{"self":[{"href":"https:\/\/www.raschvin.com\/sv\/wp-json\/wp\/v2\/product\/85511","targetHints":{"allow":["GET"]}}],"collection":[{"href":"https:\/\/www.raschvin.com\/sv\/wp-json\/wp\/v2\/product"}],"about":[{"href":"https:\/\/www.raschvin.com\/sv\/wp-json\/wp\/v2\/types\/product"}],"wp:featuredmedia":[{"embeddable":true,"href":"https:\/\/www.raschvin.com\/sv\/wp-json\/wp\/v2\/media\/85584"}],"wp:attachment":[{"href":"https:\/\/www.raschvin.com\/sv\/wp-json\/wp\/v2\/media?parent=85511"}],"wp:term":[{"taxonomy":"product_brand","embeddable":true,"href":"https:\/\/www.raschvin.com\/sv\/wp-json\/wp\/v2\/product_brand?post=85511"},{"taxonomy":"product_cat","embeddable":true,"href":"https:\/\/www.raschvin.com\/sv\/wp-json\/wp\/v2\/product_cat?post=85511"},{"taxonomy":"product_tag","embeddable":true,"href":"https:\/\/www.raschvin.com\/sv\/wp-json\/wp\/v2\/product_tag?post=85511"}],"curies":[{"name":"wp","href":"https:\/\/api.w.org\/{rel}","templated":true}]}}