{"id":85508,"date":"2025-03-25T09:56:26","date_gmt":"2025-03-25T08:56:26","guid":{"rendered":"https:\/\/www.raschvin.com\/produkt\/ron-anejo-carupano-xo-antique-reserves-70-cl-40\/"},"modified":"2025-03-25T09:56:26","modified_gmt":"2025-03-25T08:56:26","slug":"ron-anejo-carupano-xo-antique-reserves-70-cl-40","status":"publish","type":"product","link":"https:\/\/www.raschvin.com\/sv\/produkt\/ron-anejo-carupano-xo-antique-reserves-70-cl-40\/","title":{"rendered":"Ron A\u00f1ejo Carupano XO Antique Reserves 70 cl. 40%"},"content":{"rendered":"<p>Car\u00fapano XO \u00e4r en del av Car\u00fapanos Prestige Collection. Denna rom kommer fr\u00e5n de urgamla \u201dfamiljereserverna\u201d och tappas i en begr\u00e4nsad m\u00e4ngd \u2013 endast 2 000 flaskor per \u00e5r, presenterad i en elegant karaff med tillh\u00f6rande ask. En raffinerad och lyxig rom.<\/p>\n<p>F\u00e4rg: M\u00f6rk b\u00e4rnsten med kopparnyanser.<br \/>\nDoft: Toner av karamell, brioche, valn\u00f6tter och gamla cigarrl\u00e5dor.<br \/>\nSmaknoter: Fyllig och kraftfull, med m\u00e5nga av samma toner som i doften, samt en eftersmak av kaffe och kokosn\u00f6t.<\/p>\n<p>Serveringsf\u00f6rslag: B\u00f6r avnjutas rent.<\/p>\n","protected":false},"excerpt":{"rendered":"<p>Venezuela Premium Aged Rum<\/p>\n","protected":false},"featured_media":85557,"template":"","meta":{"_acf_changed":false,"rs_blank_template":"","rs_page_bg_color":"","slide_template_v7":""},"product_brand":[],"product_cat":[2387,4634,2391],"product_tag":[],"class_list":{"0":"post-85508","1":"product","2":"type-product","3":"status-publish","4":"has-post-thumbnail","6":"product_cat-avec-sv","7":"product_cat-premium-aged-sv","8":"product_cat-rom-sv","9":"pa_land-venezuela-sv","10":"pa_procent-40-sv-2","11":"pa_producent-destileria-carupano-sv","12":"pa_volume-70-sv-2","14":"first","15":"instock","16":"taxable","17":"shipping-taxable","18":"purchasable","19":"product-type-simple"},"bundled_by":[],"bundle_stock_status":"instock","bundle_stock_quantity":null,"bundle_virtual":false,"bundle_layout":"","bundle_add_to_cart_form_location":"","bundle_editable_in_cart":false,"bundle_sold_individually_context":"","bundle_item_grouping":"","bundle_min_size":"","bundle_max_size":"","bundle_price":[],"bundled_items":[],"bundle_sell_ids":[],"acf":[],"_links":{"self":[{"href":"https:\/\/www.raschvin.com\/sv\/wp-json\/wp\/v2\/product\/85508","targetHints":{"allow":["GET"]}}],"collection":[{"href":"https:\/\/www.raschvin.com\/sv\/wp-json\/wp\/v2\/product"}],"about":[{"href":"https:\/\/www.raschvin.com\/sv\/wp-json\/wp\/v2\/types\/product"}],"wp:featuredmedia":[{"embeddable":true,"href":"https:\/\/www.raschvin.com\/sv\/wp-json\/wp\/v2\/media\/85557"}],"wp:attachment":[{"href":"https:\/\/www.raschvin.com\/sv\/wp-json\/wp\/v2\/media?parent=85508"}],"wp:term":[{"taxonomy":"product_brand","embeddable":true,"href":"https:\/\/www.raschvin.com\/sv\/wp-json\/wp\/v2\/product_brand?post=85508"},{"taxonomy":"product_cat","embeddable":true,"href":"https:\/\/www.raschvin.com\/sv\/wp-json\/wp\/v2\/product_cat?post=85508"},{"taxonomy":"product_tag","embeddable":true,"href":"https:\/\/www.raschvin.com\/sv\/wp-json\/wp\/v2\/product_tag?post=85508"}],"curies":[{"name":"wp","href":"https:\/\/api.w.org\/{rel}","templated":true}]}}